{"id":1583,"date":"2025-01-09T07:36:06","date_gmt":"2025-01-09T06:36:06","guid":{"rendered":"https:\/\/burow.hr\/services\/"},"modified":"2025-10-25T15:47:46","modified_gmt":"2025-10-25T13:47:46","slug":"services","status":"publish","type":"page","link":"https:\/\/burow.hr\/en\/services\/","title":{"rendered":"Services"},"content":{"rendered":"\t\t<div data-elementor-type=\"wp-page\" data-elementor-id=\"1583\" class=\"elementor elementor-1583 elementor-36\" data-elementor-post-type=\"page\">\n\t\t\t\t<div class=\"elementor-element elementor-element-68ad43a e-flex e-con-boxed e-con e-parent\" data-id=\"68ad43a\" data-element_type=\"container\" data-e-type=\"container\">\n\t\t\t\t\t<div class=\"e-con-inner\">\n\t\t\t\t<div class=\"elementor-element elementor-element-44db573 elementor-widget elementor-widget-jet-listing-grid\" data-id=\"44db573\" data-element_type=\"widget\" data-e-type=\"widget\" data-settings=\"{&quot;columns&quot;:&quot;3&quot;,&quot;columns_tablet&quot;:&quot;2&quot;,&quot;columns_mobile&quot;:&quot;1&quot;}\" data-widget_type=\"jet-listing-grid.default\">\n\t\t\t\t\t<div class=\"jet-listing-grid jet-listing\"><div class=\"jet-listing-grid__items grid-col-desk-3 grid-col-tablet-2 grid-col-mobile-1 jet-listing-grid--2272 grid-collapse-gap\" data-queried-id=\"1583|WP_Post\" data-nav=\"{&quot;enabled&quot;:false,&quot;type&quot;:null,&quot;more_el&quot;:null,&quot;query&quot;:[],&quot;widget_settings&quot;:{&quot;lisitng_id&quot;:2272,&quot;posts_num&quot;:60,&quot;columns&quot;:3,&quot;columns_tablet&quot;:2,&quot;columns_mobile&quot;:1,&quot;column_min_width&quot;:240,&quot;column_min_width_tablet&quot;:240,&quot;column_min_width_mobile&quot;:240,&quot;inline_columns_css&quot;:false,&quot;is_archive_template&quot;:&quot;&quot;,&quot;post_status&quot;:[&quot;publish&quot;],&quot;use_random_posts_num&quot;:&quot;&quot;,&quot;max_posts_num&quot;:9,&quot;not_found_message&quot;:&quot;...&quot;,&quot;is_masonry&quot;:false,&quot;equal_columns_height&quot;:&quot;&quot;,&quot;use_load_more&quot;:&quot;&quot;,&quot;load_more_id&quot;:&quot;&quot;,&quot;load_more_type&quot;:&quot;click&quot;,&quot;load_more_offset&quot;:{&quot;unit&quot;:&quot;px&quot;,&quot;size&quot;:0,&quot;sizes&quot;:[]},&quot;use_custom_post_types&quot;:&quot;&quot;,&quot;custom_post_types&quot;:[],&quot;hide_widget_if&quot;:&quot;&quot;,&quot;carousel_enabled&quot;:&quot;&quot;,&quot;slides_to_scroll&quot;:&quot;1&quot;,&quot;arrows&quot;:&quot;true&quot;,&quot;arrow_icon&quot;:&quot;fa fa-angle-left&quot;,&quot;dots&quot;:&quot;&quot;,&quot;autoplay&quot;:&quot;true&quot;,&quot;pause_on_hover&quot;:&quot;true&quot;,&quot;autoplay_speed&quot;:5000,&quot;infinite&quot;:&quot;true&quot;,&quot;center_mode&quot;:&quot;&quot;,&quot;effect&quot;:&quot;slide&quot;,&quot;speed&quot;:500,&quot;inject_alternative_items&quot;:&quot;&quot;,&quot;injection_items&quot;:[],&quot;scroll_slider_enabled&quot;:&quot;&quot;,&quot;scroll_slider_on&quot;:[&quot;desktop&quot;,&quot;tablet&quot;,&quot;mobile&quot;],&quot;custom_query&quot;:false,&quot;custom_query_id&quot;:&quot;&quot;,&quot;_element_id&quot;:&quot;&quot;,&quot;collapse_first_last_gap&quot;:&quot;true&quot;,&quot;list_tag_selection&quot;:&quot;&quot;,&quot;list_items_wrapper_tag&quot;:&quot;div&quot;,&quot;list_item_tag&quot;:&quot;div&quot;,&quot;empty_items_wrapper_tag&quot;:&quot;div&quot;}}\" data-page=\"1\" data-pages=\"1\" data-listing-source=\"posts\" data-listing-id=\"2272\" data-query-id=\"\"><div class=\"jet-listing-grid__item jet-listing-dynamic-post-4603\" data-post-id=\"4603\"  ><div class=\"jet-engine-listing-overlay-wrap\" data-url=\"https:\/\/burow.hr\/en\/services\/implantology\/\">\t\t<div data-elementor-type=\"jet-listing-items\" data-elementor-id=\"2272\" class=\"elementor elementor-2272\" data-elementor-post-type=\"jet-engine\">\n\t\t\t\t<div class=\"elementor-element elementor-element-5852e4a e-con-full e-flex elementor-invisible e-con e-parent\" data-id=\"5852e4a\" data-element_type=\"container\" data-e-type=\"container\" data-settings=\"{&quot;animation&quot;:&quot;fadeInUp&quot;}\">\n\t\t\t\t<div class=\"elementor-element elementor-element-0519a09 elementor-widget__width-inherit elementor-widget elementor-widget-image\" data-id=\"0519a09\" data-element_type=\"widget\" data-e-type=\"widget\" data-widget_type=\"image.default\">\n\t\t\t\t\t\t\t\t\t\t\t\t\t\t\t<img decoding=\"async\" src=\"https:\/\/burow.hr\/wp-content\/uploads\/elementor\/thumbs\/slika-implantati-za-web-scaled-r2qsyjoolxo1ggul3gmxwzo859xprtyueu8tpb3nns.jpg\" title=\"slika implantati za web\" alt=\"slika implantati za web\" loading=\"lazy\" \/>\t\t\t\t\t\t\t\t\t\t\t\t\t\t\t<\/div>\n\t\t\t\t<div class=\"elementor-element elementor-element-dbd248a elementor-widget elementor-widget-heading\" data-id=\"dbd248a\" data-element_type=\"widget\" data-e-type=\"widget\" data-widget_type=\"heading.default\">\n\t\t\t\t\t<h3 class=\"elementor-heading-title elementor-size-default\">Implantology<\/h3>\t\t\t\t<\/div>\n\t\t\t\t<div class=\"elementor-element elementor-element-425ac92 elementor-widget__width-initial ikonica elementor-view-default elementor-widget elementor-widget-icon\" data-id=\"425ac92\" data-element_type=\"widget\" data-e-type=\"widget\" data-widget_type=\"icon.default\">\n\t\t\t\t\t\t\t<div class=\"elementor-icon-wrapper\">\n\t\t\t<div class=\"elementor-icon\">\n\t\t\t<i aria-hidden=\"true\" class=\"fal fa-long-arrow-right\"><\/i>\t\t\t<\/div>\n\t\t<\/div>\n\t\t\t\t\t\t<\/div>\n\t\t\t\t<div class=\"elementor-element elementor-element-598073f elementor-widget__width-inherit elementor-widget elementor-widget-text-editor\" data-id=\"598073f\" data-element_type=\"widget\" data-e-type=\"widget\" data-widget_type=\"text-editor.default\">\n\t\t\t\t\t\t\t\t\tBone can best be preserved with implants, which promotes the health of the remaining natural teeth.\t\t\t\t\t\t\t\t<\/div>\n\t\t\t\t<\/div>\n\t\t\t\t<\/div>\n\t\t<a href=\"https:\/\/burow.hr\/en\/services\/implantology\/\" class=\"jet-engine-listing-overlay-link\"><\/a><\/div><\/div><div class=\"jet-listing-grid__item jet-listing-dynamic-post-1773\" data-post-id=\"1773\"  ><div class=\"jet-engine-listing-overlay-wrap\" data-url=\"https:\/\/burow.hr\/en\/services\/facial-aesthetics\/\">\t\t<div data-elementor-type=\"jet-listing-items\" data-elementor-id=\"2272\" class=\"elementor elementor-2272\" data-elementor-post-type=\"jet-engine\">\n\t\t\t\t<div class=\"elementor-element elementor-element-5852e4a e-con-full e-flex elementor-invisible e-con e-parent\" data-id=\"5852e4a\" data-element_type=\"container\" data-e-type=\"container\" data-settings=\"{&quot;animation&quot;:&quot;fadeInUp&quot;}\">\n\t\t\t\t<div class=\"elementor-element elementor-element-0519a09 elementor-widget__width-inherit elementor-widget elementor-widget-image\" data-id=\"0519a09\" data-element_type=\"widget\" data-e-type=\"widget\" data-widget_type=\"image.default\">\n\t\t\t\t\t\t\t\t\t\t\t\t\t\t\t<img decoding=\"async\" src=\"https:\/\/burow.hr\/wp-content\/uploads\/elementor\/thumbs\/WhatsApp-Image-2025-02-21-at-15.23.29-scaled-r1yxowdqa7bxibqwseruk5itrp813netd3054r3i4o.jpeg\" title=\"WhatsApp Image 2025-02-21 at 15.23.29\" alt=\"WhatsApp Image 2025-02-21 at 15.23.29\" loading=\"lazy\" \/>\t\t\t\t\t\t\t\t\t\t\t\t\t\t\t<\/div>\n\t\t\t\t<div class=\"elementor-element elementor-element-dbd248a elementor-widget elementor-widget-heading\" data-id=\"dbd248a\" data-element_type=\"widget\" data-e-type=\"widget\" data-widget_type=\"heading.default\">\n\t\t\t\t\t<h3 class=\"elementor-heading-title elementor-size-default\">Facial aesthetics<\/h3>\t\t\t\t<\/div>\n\t\t\t\t<div class=\"elementor-element elementor-element-425ac92 elementor-widget__width-initial ikonica elementor-view-default elementor-widget elementor-widget-icon\" data-id=\"425ac92\" data-element_type=\"widget\" data-e-type=\"widget\" data-widget_type=\"icon.default\">\n\t\t\t\t\t\t\t<div class=\"elementor-icon-wrapper\">\n\t\t\t<div class=\"elementor-icon\">\n\t\t\t<i aria-hidden=\"true\" class=\"fal fa-long-arrow-right\"><\/i>\t\t\t<\/div>\n\t\t<\/div>\n\t\t\t\t\t\t<\/div>\n\t\t\t\t<div class=\"elementor-element elementor-element-598073f elementor-widget__width-inherit elementor-widget elementor-widget-text-editor\" data-id=\"598073f\" data-element_type=\"widget\" data-e-type=\"widget\" data-widget_type=\"text-editor.default\">\n\t\t\t\t\t\t\t\t\tWith modern technology, you can achieve a new smile!\t\t\t\t\t\t\t\t<\/div>\n\t\t\t\t<\/div>\n\t\t\t\t<\/div>\n\t\t<a href=\"https:\/\/burow.hr\/en\/services\/facial-aesthetics\/\" class=\"jet-engine-listing-overlay-link\"><\/a><\/div><\/div><div class=\"jet-listing-grid__item jet-listing-dynamic-post-1587\" data-post-id=\"1587\"  ><div class=\"jet-engine-listing-overlay-wrap\" data-url=\"https:\/\/burow.hr\/en\/services\/endodontics\/\">\t\t<div data-elementor-type=\"jet-listing-items\" data-elementor-id=\"2272\" class=\"elementor elementor-2272\" data-elementor-post-type=\"jet-engine\">\n\t\t\t\t<div class=\"elementor-element elementor-element-5852e4a e-con-full e-flex elementor-invisible e-con e-parent\" data-id=\"5852e4a\" data-element_type=\"container\" data-e-type=\"container\" data-settings=\"{&quot;animation&quot;:&quot;fadeInUp&quot;}\">\n\t\t\t\t<div class=\"elementor-element elementor-element-0519a09 elementor-widget__width-inherit elementor-widget elementor-widget-image\" data-id=\"0519a09\" data-element_type=\"widget\" data-e-type=\"widget\" data-widget_type=\"image.default\">\n\t\t\t\t\t\t\t\t\t\t\t\t\t\t\t<img decoding=\"async\" src=\"https:\/\/burow.hr\/wp-content\/uploads\/elementor\/thumbs\/protetika-slika-scaled-r2qt13sv7p65294s5kgdpcfed1boq64jfi6eqfb2q0.jpg\" title=\"protetika slika\" alt=\"protetika slika\" loading=\"lazy\" \/>\t\t\t\t\t\t\t\t\t\t\t\t\t\t\t<\/div>\n\t\t\t\t<div class=\"elementor-element elementor-element-dbd248a elementor-widget elementor-widget-heading\" data-id=\"dbd248a\" data-element_type=\"widget\" data-e-type=\"widget\" data-widget_type=\"heading.default\">\n\t\t\t\t\t<h3 class=\"elementor-heading-title elementor-size-default\">Endodontics<\/h3>\t\t\t\t<\/div>\n\t\t\t\t<div class=\"elementor-element elementor-element-425ac92 elementor-widget__width-initial ikonica elementor-view-default elementor-widget elementor-widget-icon\" data-id=\"425ac92\" data-element_type=\"widget\" data-e-type=\"widget\" data-widget_type=\"icon.default\">\n\t\t\t\t\t\t\t<div class=\"elementor-icon-wrapper\">\n\t\t\t<div class=\"elementor-icon\">\n\t\t\t<i aria-hidden=\"true\" class=\"fal fa-long-arrow-right\"><\/i>\t\t\t<\/div>\n\t\t<\/div>\n\t\t\t\t\t\t<\/div>\n\t\t\t\t<div class=\"elementor-element elementor-element-598073f elementor-widget__width-inherit elementor-widget elementor-widget-text-editor\" data-id=\"598073f\" data-element_type=\"widget\" data-e-type=\"widget\" data-widget_type=\"text-editor.default\">\n\t\t\t\t\t\t\t\t\tRoot canal treatment.\t\t\t\t\t\t\t\t<\/div>\n\t\t\t\t<\/div>\n\t\t\t\t<\/div>\n\t\t<a href=\"https:\/\/burow.hr\/en\/services\/endodontics\/\" class=\"jet-engine-listing-overlay-link\"><\/a><\/div><\/div><div class=\"jet-listing-grid__item jet-listing-dynamic-post-1585\" data-post-id=\"1585\"  ><div class=\"jet-engine-listing-overlay-wrap\" data-url=\"https:\/\/burow.hr\/en\/services\/prosthetics\/\">\t\t<div data-elementor-type=\"jet-listing-items\" data-elementor-id=\"2272\" class=\"elementor elementor-2272\" data-elementor-post-type=\"jet-engine\">\n\t\t\t\t<div class=\"elementor-element elementor-element-5852e4a e-con-full e-flex elementor-invisible e-con e-parent\" data-id=\"5852e4a\" data-element_type=\"container\" data-e-type=\"container\" data-settings=\"{&quot;animation&quot;:&quot;fadeInUp&quot;}\">\n\t\t\t\t<div class=\"elementor-element elementor-element-0519a09 elementor-widget__width-inherit elementor-widget elementor-widget-image\" data-id=\"0519a09\" data-element_type=\"widget\" data-e-type=\"widget\" data-widget_type=\"image.default\">\n\t\t\t\t\t\t\t\t\t\t\t\t\t\t\t<img decoding=\"async\" src=\"https:\/\/burow.hr\/wp-content\/uploads\/elementor\/thumbs\/protetika-nasl-3-r31wxkubxyuv0zg9v0ttcy14fcxu5g4l3fk66rigzs.jpg\" title=\"Screenshot\" alt=\"Screenshot\" loading=\"lazy\" \/>\t\t\t\t\t\t\t\t\t\t\t\t\t\t\t<\/div>\n\t\t\t\t<div class=\"elementor-element elementor-element-dbd248a elementor-widget elementor-widget-heading\" data-id=\"dbd248a\" data-element_type=\"widget\" data-e-type=\"widget\" data-widget_type=\"heading.default\">\n\t\t\t\t\t<h3 class=\"elementor-heading-title elementor-size-default\">Prosthetics<\/h3>\t\t\t\t<\/div>\n\t\t\t\t<div class=\"elementor-element elementor-element-425ac92 elementor-widget__width-initial ikonica elementor-view-default elementor-widget elementor-widget-icon\" data-id=\"425ac92\" data-element_type=\"widget\" data-e-type=\"widget\" data-widget_type=\"icon.default\">\n\t\t\t\t\t\t\t<div class=\"elementor-icon-wrapper\">\n\t\t\t<div class=\"elementor-icon\">\n\t\t\t<i aria-hidden=\"true\" class=\"fal fa-long-arrow-right\"><\/i>\t\t\t<\/div>\n\t\t<\/div>\n\t\t\t\t\t\t<\/div>\n\t\t\t\t<div class=\"elementor-element elementor-element-598073f elementor-widget__width-inherit elementor-widget elementor-widget-text-editor\" data-id=\"598073f\" data-element_type=\"widget\" data-e-type=\"widget\" data-widget_type=\"text-editor.default\">\n\t\t\t\t\t\t\t\t\tVeneers can cover up various irregularities while being gentle on your teeth!\t\t\t\t\t\t\t\t<\/div>\n\t\t\t\t<\/div>\n\t\t\t\t<\/div>\n\t\t<a href=\"https:\/\/burow.hr\/en\/services\/prosthetics\/\" class=\"jet-engine-listing-overlay-link\"><\/a><\/div><\/div><div class=\"jet-listing-grid__item jet-listing-dynamic-post-1635\" data-post-id=\"1635\"  ><div class=\"jet-engine-listing-overlay-wrap\" data-url=\"https:\/\/burow.hr\/en\/services\/dental-prophylaxis\/\">\t\t<div data-elementor-type=\"jet-listing-items\" data-elementor-id=\"2272\" class=\"elementor elementor-2272\" data-elementor-post-type=\"jet-engine\">\n\t\t\t\t<div class=\"elementor-element elementor-element-5852e4a e-con-full e-flex elementor-invisible e-con e-parent\" data-id=\"5852e4a\" data-element_type=\"container\" data-e-type=\"container\" data-settings=\"{&quot;animation&quot;:&quot;fadeInUp&quot;}\">\n\t\t\t\t<div class=\"elementor-element elementor-element-0519a09 elementor-widget__width-inherit elementor-widget elementor-widget-image\" data-id=\"0519a09\" data-element_type=\"widget\" data-e-type=\"widget\" data-widget_type=\"image.default\">\n\t\t\t\t\t\t\t\t\t\t\t\t\t\t\t<img decoding=\"async\" src=\"https:\/\/burow.hr\/wp-content\/uploads\/elementor\/thumbs\/075A8428-scaled-rb4aye281wj69nm5hmzb355b639l2txxdawoejb53c.jpg\" title=\"075A8428\" alt=\"075A8428\" loading=\"lazy\" \/>\t\t\t\t\t\t\t\t\t\t\t\t\t\t\t<\/div>\n\t\t\t\t<div class=\"elementor-element elementor-element-dbd248a elementor-widget elementor-widget-heading\" data-id=\"dbd248a\" data-element_type=\"widget\" data-e-type=\"widget\" data-widget_type=\"heading.default\">\n\t\t\t\t\t<h3 class=\"elementor-heading-title elementor-size-default\">Dental prophylaxis<\/h3>\t\t\t\t<\/div>\n\t\t\t\t<div class=\"elementor-element elementor-element-425ac92 elementor-widget__width-initial ikonica elementor-view-default elementor-widget elementor-widget-icon\" data-id=\"425ac92\" data-element_type=\"widget\" data-e-type=\"widget\" data-widget_type=\"icon.default\">\n\t\t\t\t\t\t\t<div class=\"elementor-icon-wrapper\">\n\t\t\t<div class=\"elementor-icon\">\n\t\t\t<i aria-hidden=\"true\" class=\"fal fa-long-arrow-right\"><\/i>\t\t\t<\/div>\n\t\t<\/div>\n\t\t\t\t\t\t<\/div>\n\t\t\t\t<div class=\"elementor-element elementor-element-598073f elementor-widget__width-inherit elementor-widget elementor-widget-text-editor\" data-id=\"598073f\" data-element_type=\"widget\" data-e-type=\"widget\" data-widget_type=\"text-editor.default\">\n\t\t\t\t\t\t\t\t\tRemoval of hard and soft dental plaque, instructions for maintenance, as well as insight into the patient\u2019s oral condition.\t\t\t\t\t\t\t\t<\/div>\n\t\t\t\t<\/div>\n\t\t\t\t<\/div>\n\t\t<a href=\"https:\/\/burow.hr\/en\/services\/dental-prophylaxis\/\" class=\"jet-engine-listing-overlay-link\"><\/a><\/div><\/div><div class=\"jet-listing-grid__item jet-listing-dynamic-post-1775\" data-post-id=\"1775\"  ><div class=\"jet-engine-listing-overlay-wrap\" data-url=\"https:\/\/burow.hr\/en\/services\/invisible-orthodontics\/\">\t\t<div data-elementor-type=\"jet-listing-items\" data-elementor-id=\"2272\" class=\"elementor elementor-2272\" data-elementor-post-type=\"jet-engine\">\n\t\t\t\t<div class=\"elementor-element elementor-element-5852e4a e-con-full e-flex elementor-invisible e-con e-parent\" data-id=\"5852e4a\" data-element_type=\"container\" data-e-type=\"container\" data-settings=\"{&quot;animation&quot;:&quot;fadeInUp&quot;}\">\n\t\t\t\t<div class=\"elementor-element elementor-element-0519a09 elementor-widget__width-inherit elementor-widget elementor-widget-image\" data-id=\"0519a09\" data-element_type=\"widget\" data-e-type=\"widget\" data-widget_type=\"image.default\">\n\t\t\t\t\t\t\t\t\t\t\t\t\t\t\t<img decoding=\"async\" src=\"https:\/\/burow.hr\/wp-content\/uploads\/elementor\/thumbs\/WhatsApp-Image-2025-04-25-at-10.45.20-scaled-r9o8lux3p28wv91j1jb0tlzibii35ase7h98enfonc.webp\" title=\"WhatsApp Image 2025-04-25 at 10.45.20\" alt=\"WhatsApp Image 2025-04-25 at 10.45.20\" loading=\"lazy\" \/>\t\t\t\t\t\t\t\t\t\t\t\t\t\t\t<\/div>\n\t\t\t\t<div class=\"elementor-element elementor-element-dbd248a elementor-widget elementor-widget-heading\" data-id=\"dbd248a\" data-element_type=\"widget\" data-e-type=\"widget\" data-widget_type=\"heading.default\">\n\t\t\t\t\t<h3 class=\"elementor-heading-title elementor-size-default\">Invisible orthodontics<\/h3>\t\t\t\t<\/div>\n\t\t\t\t<div class=\"elementor-element elementor-element-425ac92 elementor-widget__width-initial ikonica elementor-view-default elementor-widget elementor-widget-icon\" data-id=\"425ac92\" data-element_type=\"widget\" data-e-type=\"widget\" data-widget_type=\"icon.default\">\n\t\t\t\t\t\t\t<div class=\"elementor-icon-wrapper\">\n\t\t\t<div class=\"elementor-icon\">\n\t\t\t<i aria-hidden=\"true\" class=\"fal fa-long-arrow-right\"><\/i>\t\t\t<\/div>\n\t\t<\/div>\n\t\t\t\t\t\t<\/div>\n\t\t\t\t<div class=\"elementor-element elementor-element-598073f elementor-widget__width-inherit elementor-widget elementor-widget-text-editor\" data-id=\"598073f\" data-element_type=\"widget\" data-e-type=\"widget\" data-widget_type=\"text-editor.default\">\n\t\t\t\t\t\t\t\t\tInvisible treatment with a guaranteed dazzling smile!\t\t\t\t\t\t\t\t<\/div>\n\t\t\t\t<\/div>\n\t\t\t\t<\/div>\n\t\t<a href=\"https:\/\/burow.hr\/en\/services\/invisible-orthodontics\/\" class=\"jet-engine-listing-overlay-link\"><\/a><\/div><\/div><div class=\"jet-listing-grid__item jet-listing-dynamic-post-3432\" data-post-id=\"3432\"  ><div class=\"jet-engine-listing-overlay-wrap\" data-url=\"https:\/\/burow.hr\/en\/services\/dermatology\/\">\t\t<div data-elementor-type=\"jet-listing-items\" data-elementor-id=\"2272\" class=\"elementor elementor-2272\" data-elementor-post-type=\"jet-engine\">\n\t\t\t\t<div class=\"elementor-element elementor-element-5852e4a e-con-full e-flex elementor-invisible e-con e-parent\" data-id=\"5852e4a\" data-element_type=\"container\" data-e-type=\"container\" data-settings=\"{&quot;animation&quot;:&quot;fadeInUp&quot;}\">\n\t\t\t\t<div class=\"elementor-element elementor-element-0519a09 elementor-widget__width-inherit elementor-widget elementor-widget-image\" data-id=\"0519a09\" data-element_type=\"widget\" data-e-type=\"widget\" data-widget_type=\"image.default\">\n\t\t\t\t\t\t\t\t\t\t\t\t\t\t\t<img decoding=\"async\" src=\"https:\/\/burow.hr\/wp-content\/uploads\/elementor\/thumbs\/075A8359-crop-scaled-rb4belrzy0q8ji29t5amljuk2dciuvb8lk17fd9nrc.jpg\" title=\"075A8359 crop\" alt=\"075A8359 crop\" loading=\"lazy\" \/>\t\t\t\t\t\t\t\t\t\t\t\t\t\t\t<\/div>\n\t\t\t\t<div class=\"elementor-element elementor-element-dbd248a elementor-widget elementor-widget-heading\" data-id=\"dbd248a\" data-element_type=\"widget\" data-e-type=\"widget\" data-widget_type=\"heading.default\">\n\t\t\t\t\t<h3 class=\"elementor-heading-title elementor-size-default\">Dermatology<\/h3>\t\t\t\t<\/div>\n\t\t\t\t<div class=\"elementor-element elementor-element-425ac92 elementor-widget__width-initial ikonica elementor-view-default elementor-widget elementor-widget-icon\" data-id=\"425ac92\" data-element_type=\"widget\" data-e-type=\"widget\" data-widget_type=\"icon.default\">\n\t\t\t\t\t\t\t<div class=\"elementor-icon-wrapper\">\n\t\t\t<div class=\"elementor-icon\">\n\t\t\t<i aria-hidden=\"true\" class=\"fal fa-long-arrow-right\"><\/i>\t\t\t<\/div>\n\t\t<\/div>\n\t\t\t\t\t\t<\/div>\n\t\t\t\t<div class=\"elementor-element elementor-element-598073f elementor-widget__width-inherit elementor-widget elementor-widget-text-editor\" data-id=\"598073f\" data-element_type=\"widget\" data-e-type=\"widget\" data-widget_type=\"text-editor.default\">\n\t\t\t\t\t\t\t\t\tNa\u0161em timu  se pridru\u017eio i Dr. Josip Zeki\u0107, r. sc., univ. mag. pha., univ. spec. med., u\u017ei specijalist pedijatrijske dermatovenerologije\t\t\t\t\t\t\t\t<\/div>\n\t\t\t\t<\/div>\n\t\t\t\t<\/div>\n\t\t<a href=\"https:\/\/burow.hr\/en\/services\/dermatology\/\" class=\"jet-engine-listing-overlay-link\"><\/a><\/div><\/div><\/div><\/div>\t\t\t\t<\/div>\n\t\t\t\t\t<\/div>\n\t\t\t\t<\/div>\n\t\t\t\t<\/div>\n\t\t","protected":false},"excerpt":{"rendered":"","protected":false},"author":1,"featured_media":0,"parent":0,"menu_order":1,"comment_status":"closed","ping_status":"closed","template":"","meta":{"footnotes":""},"class_list":["post-1583","page","type-page","status-publish","hentry"],"_links":{"self":[{"href":"https:\/\/burow.hr\/en\/wp-json\/wp\/v2\/pages\/1583","targetHints":{"allow":["GET"]}}],"collection":[{"href":"https:\/\/burow.hr\/en\/wp-json\/wp\/v2\/pages"}],"about":[{"href":"https:\/\/burow.hr\/en\/wp-json\/wp\/v2\/types\/page"}],"author":[{"embeddable":true,"href":"https:\/\/burow.hr\/en\/wp-json\/wp\/v2\/users\/1"}],"replies":[{"embeddable":true,"href":"https:\/\/burow.hr\/en\/wp-json\/wp\/v2\/comments?post=1583"}],"version-history":[{"count":9,"href":"https:\/\/burow.hr\/en\/wp-json\/wp\/v2\/pages\/1583\/revisions"}],"predecessor-version":[{"id":3893,"href":"https:\/\/burow.hr\/en\/wp-json\/wp\/v2\/pages\/1583\/revisions\/3893"}],"wp:attachment":[{"href":"https:\/\/burow.hr\/en\/wp-json\/wp\/v2\/media?parent=1583"}],"curies":[{"name":"wp","href":"https:\/\/api.w.org\/{rel}","templated":true}]}}