{"id":3902,"date":"2025-04-24T12:13:05","date_gmt":"2025-04-24T10:13:05","guid":{"rendered":"https:\/\/burow.hr\/behandlungen\/kosmetische-behandlungen\/bukkale-gesichtsmassage\/"},"modified":"2025-10-25T16:08:57","modified_gmt":"2025-10-25T14:08:57","slug":"bukkale-gesichtsmassage","status":"publish","type":"page","link":"https:\/\/burow.hr\/de\/behandlungen\/kosmetische-behandlungen\/bukkale-gesichtsmassage\/","title":{"rendered":"Bukkale Gesichtsmassage"},"content":{"rendered":"\t\t<div data-elementor-type=\"wp-page\" data-elementor-id=\"3902\" class=\"elementor elementor-3902 elementor-2907\" data-elementor-post-type=\"page\">\n\t\t\t\t<div class=\"elementor-element elementor-element-bded3a3 e-flex e-con-boxed e-con e-parent\" data-id=\"bded3a3\" data-element_type=\"container\" data-e-type=\"container\">\n\t\t\t\t\t<div class=\"e-con-inner\">\n\t\t<div class=\"elementor-element elementor-element-5a14bc6 e-con-full e-flex e-con e-child\" data-id=\"5a14bc6\" data-element_type=\"container\" data-e-type=\"container\">\n\t\t\t\t<div class=\"elementor-element elementor-element-8305d2c elementor-widget elementor-widget-image\" data-id=\"8305d2c\" data-element_type=\"widget\" data-e-type=\"widget\" data-widget_type=\"image.default\">\n\t\t\t\t\t\t\t\t\t\t\t\t\t\t\t<img fetchpriority=\"high\" decoding=\"async\" width=\"1920\" height=\"2560\" src=\"https:\/\/burow.hr\/wp-content\/uploads\/2025\/03\/Facetune_28-12-2024-15-12-18.jpg\" class=\"attachment-full size-full wp-image-2597\" alt=\"\" srcset=\"https:\/\/burow.hr\/wp-content\/uploads\/2025\/03\/Facetune_28-12-2024-15-12-18.jpg 1920w, https:\/\/burow.hr\/wp-content\/uploads\/2025\/03\/Facetune_28-12-2024-15-12-18-225x300.jpg 225w, https:\/\/burow.hr\/wp-content\/uploads\/2025\/03\/Facetune_28-12-2024-15-12-18-768x1024.jpg 768w, https:\/\/burow.hr\/wp-content\/uploads\/2025\/03\/Facetune_28-12-2024-15-12-18-1152x1536.jpg 1152w, https:\/\/burow.hr\/wp-content\/uploads\/2025\/03\/Facetune_28-12-2024-15-12-18-1536x2048.jpg 1536w\" sizes=\"(max-width: 1920px) 100vw, 1920px\" \/>\t\t\t\t\t\t\t\t\t\t\t\t\t\t\t<\/div>\n\t\t\t\t<\/div>\n\t\t\t\t<div class=\"elementor-element elementor-element-8aff8b9 elementor-widget elementor-widget-text-editor\" data-id=\"8aff8b9\" data-element_type=\"widget\" data-e-type=\"widget\" data-widget_type=\"text-editor.default\">\n\t\t\t\t\t\t\t\t\t<p>Wenn Sie das Gef\u00fchl haben, dass Ihr Gesicht m\u00fcde und fahl wirkt, \u00fcberm\u00e4\u00dfige Wassereinlagerungen aufweist oder Sie einfach eine nat\u00fcrliche Methode zur Straffung und Verj\u00fcngung Ihrer Haut ausprobieren m\u00f6chten, bietet die Burow Clinic die perfekte Alternative zu chirurgischen Facelifting-Methoden.<\/p>\n<p>Die Bukkal- oder Intraoralmassage ist eine regenerative, v\u00f6llig nat\u00fcrliche Methode zur Straffung von Gesicht, Hals und Dekollet\u00e9. Diese einzigartige Methode wurde von Yakov Gershkovich entwickelt und erfreut sich aufgrund ihrer Wirksamkeit und des angenehmen Behandlungsverlaufs zunehmender Beliebtheit.<\/p>\n<p>Wichtig ist, dass die Bukkalmassage intraoral durch die Mundh\u00f6hle durchgef\u00fchrt wird. Ein ausgebildeter Fachmann massiert die Wangenschleimhaut mit kr\u00e4ftigen, gezielten Bewegungen, um die Durchblutung anzuregen, angesammelten Stress abzubauen und Haut und Muskeln zu straffen, zu regenerieren und zu festigen.<\/p>\n<p>Ein erfahrener Spezialist l\u00f6st mit speziellen Massagegriffen gekonnt die Faszien, die Bindegewebsb\u00e4nder, haupts\u00e4chlich Kollagen, die die Muskeln verbinden, stabilisieren, schlie\u00dfen und trennen. Dadurch werden die feinen Gewebe zur Entspannung und Durchblutung angeregt. Die Gesichts-, Wangen- und Kiefermuskulatur wird gezielt behandelt, da sich hier bei Frauen und M\u00e4nnern neurologische Belastungen ansammeln.<\/p>\n<p>Der Vorteil dieser Methode ist, dass die Ergebnisse sofort sichtbar sind: Die Haut ist straffer, die Kinnlinie deutlicher und F\u00e4ltchen weniger ausgepr\u00e4gt.<\/p>\n<p>Verspannte Gesichtsmuskeln k\u00f6nnen zu einer schlechten Lymphzirkulation f\u00fchren, wodurch das Gewebe nicht ausreichend mit N\u00e4hrstoffen und Sauerstoff versorgt wird. Die Folge ist eine unzureichende Entgiftung des K\u00f6rpers. Die Folgen f\u00fcr die Haut sind ein unsch\u00f6ner Teint, Schwellungen und schlaffe Wangen aufgrund von Wassereinlagerungen.<\/p>\n<p>Letztendlich verbessert die Wangenmassage die Durchblutung, reduziert Schwellungen und regt die Geweberegeneration an. Wenn Sie gestresst sind und Ihr Gesicht und Kiefer st\u00e4ndig angespannt sind oder wenn Sie mit Kieferschmerzen und Kopfschmerzen aufwachen, kann diese Massage helfen, die Spannung zu l\u00f6sen und die Symptome zu lindern.<\/p>\n\t\t\t\t\t\t\t\t<\/div>\n\t\t\t\t\t<\/div>\n\t\t\t\t<\/div>\n\t\t<div class=\"elementor-element elementor-element-d368845 e-flex e-con-boxed e-con e-parent\" data-id=\"d368845\" data-element_type=\"container\" data-e-type=\"container\">\n\t\t\t\t\t<div class=\"e-con-inner\">\n\t\t<div class=\"elementor-element elementor-element-f3f3b0a e-con-full e-flex e-con e-child\" data-id=\"f3f3b0a\" data-element_type=\"container\" data-e-type=\"container\">\n\t\t\t\t<div class=\"elementor-element elementor-element-ebcde59 elementor-widget elementor-widget-video\" data-id=\"ebcde59\" data-element_type=\"widget\" data-e-type=\"widget\" data-settings=\"{&quot;video_type&quot;:&quot;hosted&quot;,&quot;autoplay&quot;:&quot;yes&quot;,&quot;play_on_mobile&quot;:&quot;yes&quot;,&quot;loop&quot;:&quot;yes&quot;}\" data-widget_type=\"video.default\">\n\t\t\t\t\t\t\t<div class=\"e-hosted-video elementor-wrapper elementor-open-inline\">\n\t\t\t\t\t<video class=\"elementor-video\" src=\"https:\/\/burow.hr\/wp-content\/uploads\/2025\/03\/Videozapis.mp4\" autoplay=\"\" loop=\"\" playsinline=\"\" controlsList=\"nodownload\"><\/video>\n\t\t\t\t<\/div>\n\t\t\t\t\t\t<\/div>\n\t\t\t\t<\/div>\n\t\t<div class=\"elementor-element elementor-element-61f094f e-con-full e-flex e-con e-child\" data-id=\"61f094f\" data-element_type=\"container\" data-e-type=\"container\">\n\t\t\t\t<div class=\"elementor-element elementor-element-f3de32f elementor-widget elementor-widget-gallery\" data-id=\"f3de32f\" data-element_type=\"widget\" data-e-type=\"widget\" data-settings=\"{&quot;gallery_layout&quot;:&quot;masonry&quot;,&quot;columns&quot;:3,&quot;lazyload&quot;:&quot;yes&quot;,&quot;columns_tablet&quot;:2,&quot;columns_mobile&quot;:1,&quot;gap&quot;:{&quot;unit&quot;:&quot;px&quot;,&quot;size&quot;:10,&quot;sizes&quot;:[]},&quot;gap_tablet&quot;:{&quot;unit&quot;:&quot;px&quot;,&quot;size&quot;:10,&quot;sizes&quot;:[]},&quot;gap_mobile&quot;:{&quot;unit&quot;:&quot;px&quot;,&quot;size&quot;:10,&quot;sizes&quot;:[]},&quot;link_to&quot;:&quot;file&quot;,&quot;overlay_background&quot;:&quot;yes&quot;,&quot;content_hover_animation&quot;:&quot;fade-in&quot;}\" data-widget_type=\"gallery.default\">\n\t\t\t\t\t\t\t<div class=\"elementor-gallery__container\">\n\t\t\t\t\t\t\t<a class=\"e-gallery-item elementor-gallery-item elementor-animated-content\" href=\"https:\/\/burow.hr\/wp-content\/uploads\/2025\/03\/IMG_1873.webp\" data-elementor-open-lightbox=\"yes\" data-elementor-lightbox-slideshow=\"f3de32f\" data-e-action-hash=\"#elementor-action%3Aaction%3Dlightbox%26settings%3DeyJpZCI6MjYwMywidXJsIjoiaHR0cHM6XC9cL2J1cm93LmhyXC93cC1jb250ZW50XC91cGxvYWRzXC8yMDI1XC8wM1wvSU1HXzE4NzMud2VicCIsInNsaWRlc2hvdyI6ImYzZGUzMmYifQ%3D%3D\">\n\t\t\t\t\t<div class=\"e-gallery-image elementor-gallery-item__image\" data-thumbnail=\"https:\/\/burow.hr\/wp-content\/uploads\/elementor\/thumbs\/IMG_1873-r9o97vazaou4mcdd3ax2ygcdxvvc4rhip780j7ial4.webp\" data-width=\"400\" data-height=\"540\" aria-label=\"\" role=\"img\" ><\/div>\n\t\t\t\t\t\t\t\t\t\t\t<div class=\"elementor-gallery-item__overlay\"><\/div>\n\t\t\t\t\t\t\t\t\t\t\t\t\t\t<\/a>\n\t\t\t\t\t\t\t<a class=\"e-gallery-item elementor-gallery-item elementor-animated-content\" href=\"https:\/\/burow.hr\/wp-content\/uploads\/2025\/03\/IMG_1872.jpg\" data-elementor-open-lightbox=\"yes\" data-elementor-lightbox-slideshow=\"f3de32f\" data-e-action-hash=\"#elementor-action%3Aaction%3Dlightbox%26settings%3DeyJpZCI6MjYwMCwidXJsIjoiaHR0cHM6XC9cL2J1cm93LmhyXC93cC1jb250ZW50XC91cGxvYWRzXC8yMDI1XC8wM1wvSU1HXzE4NzIuanBnIiwic2xpZGVzaG93IjoiZjNkZTMyZiJ9\">\n\t\t\t\t\t<div class=\"e-gallery-image elementor-gallery-item__image\" data-thumbnail=\"https:\/\/burow.hr\/wp-content\/uploads\/elementor\/thumbs\/IMG_1872-r36qb1w0drf7b0nwm6qepbu4qbd86tntcmwngdxc7s.jpg\" data-width=\"400\" data-height=\"540\" aria-label=\"\" role=\"img\" ><\/div>\n\t\t\t\t\t\t\t\t\t\t\t<div class=\"elementor-gallery-item__overlay\"><\/div>\n\t\t\t\t\t\t\t\t\t\t\t\t\t\t<\/a>\n\t\t\t\t\t\t\t<a class=\"e-gallery-item elementor-gallery-item elementor-animated-content\" href=\"https:\/\/burow.hr\/wp-content\/uploads\/2025\/03\/Facetune_28-12-2024-15-12-18.jpg\" data-elementor-open-lightbox=\"yes\" data-elementor-lightbox-slideshow=\"f3de32f\" data-e-action-hash=\"#elementor-action%3Aaction%3Dlightbox%26settings%3DeyJpZCI6MjU5NywidXJsIjoiaHR0cHM6XC9cL2J1cm93LmhyXC93cC1jb250ZW50XC91cGxvYWRzXC8yMDI1XC8wM1wvRmFjZXR1bmVfMjgtMTItMjAyNC0xNS0xMi0xOC5qcGciLCJzbGlkZXNob3ciOiJmM2RlMzJmIn0%3D\">\n\t\t\t\t\t<div class=\"e-gallery-image elementor-gallery-item__image\" data-thumbnail=\"https:\/\/burow.hr\/wp-content\/uploads\/elementor\/thumbs\/Facetune_28-12-2024-15-12-18-r36qaz2ht9bcc6s02niizujqy5r4jqcmc8y70k1iqg.jpg\" data-width=\"400\" data-height=\"540\" aria-label=\"\" role=\"img\" ><\/div>\n\t\t\t\t\t\t\t\t\t\t\t<div class=\"elementor-gallery-item__overlay\"><\/div>\n\t\t\t\t\t\t\t\t\t\t\t\t\t\t<\/a>\n\t\t\t\t\t\t\t<a class=\"e-gallery-item elementor-gallery-item elementor-animated-content\" href=\"https:\/\/burow.hr\/wp-content\/uploads\/2025\/03\/Facetune_28-12-2024-15-11-26.jpg\" data-elementor-open-lightbox=\"yes\" data-elementor-lightbox-slideshow=\"f3de32f\" data-e-action-hash=\"#elementor-action%3Aaction%3Dlightbox%26settings%3DeyJpZCI6MjU5NCwidXJsIjoiaHR0cHM6XC9cL2J1cm93LmhyXC93cC1jb250ZW50XC91cGxvYWRzXC8yMDI1XC8wM1wvRmFjZXR1bmVfMjgtMTItMjAyNC0xNS0xMS0yNi5qcGciLCJzbGlkZXNob3ciOiJmM2RlMzJmIn0%3D\">\n\t\t\t\t\t<div class=\"e-gallery-image elementor-gallery-item__image\" data-thumbnail=\"https:\/\/burow.hr\/wp-content\/uploads\/elementor\/thumbs\/Facetune_28-12-2024-15-11-26-r36qaudav34wq4ytu3he5dqfz8eah8tynlorm68hlk.jpg\" data-width=\"400\" data-height=\"540\" aria-label=\"\" role=\"img\" ><\/div>\n\t\t\t\t\t\t\t\t\t\t\t<div class=\"elementor-gallery-item__overlay\"><\/div>\n\t\t\t\t\t\t\t\t\t\t\t\t\t\t<\/a>\n\t\t\t\t\t\t\t<a class=\"e-gallery-item elementor-gallery-item elementor-animated-content\" href=\"https:\/\/burow.hr\/wp-content\/uploads\/2025\/03\/image0-e1742565682127.webp\" data-elementor-open-lightbox=\"yes\" data-elementor-lightbox-slideshow=\"f3de32f\" data-e-action-hash=\"#elementor-action%3Aaction%3Dlightbox%26settings%3DeyJpZCI6MjYyNiwidXJsIjoiaHR0cHM6XC9cL2J1cm93LmhyXC93cC1jb250ZW50XC91cGxvYWRzXC8yMDI1XC8wM1wvaW1hZ2UwLWUxNzQyNTY1NjgyMTI3LndlYnAiLCJzbGlkZXNob3ciOiJmM2RlMzJmIn0%3D\">\n\t\t\t\t\t<div class=\"e-gallery-image elementor-gallery-item__image\" data-thumbnail=\"https:\/\/burow.hr\/wp-content\/uploads\/elementor\/thumbs\/image0-e1742565682127-r9o8u9l2e07qli4pix8gddx8g4x3qghd5vc1i1oemw.webp\" data-width=\"400\" data-height=\"540\" aria-label=\"\" role=\"img\" ><\/div>\n\t\t\t\t\t\t\t\t\t\t\t<div class=\"elementor-gallery-item__overlay\"><\/div>\n\t\t\t\t\t\t\t\t\t\t\t\t\t\t<\/a>\n\t\t\t\t\t\t\t<a class=\"e-gallery-item elementor-gallery-item elementor-animated-content\" href=\"https:\/\/burow.hr\/wp-content\/uploads\/2025\/03\/image1-e1742565698305.webp\" data-elementor-open-lightbox=\"yes\" data-elementor-lightbox-slideshow=\"f3de32f\" data-e-action-hash=\"#elementor-action%3Aaction%3Dlightbox%26settings%3DeyJpZCI6MjYyOSwidXJsIjoiaHR0cHM6XC9cL2J1cm93LmhyXC93cC1jb250ZW50XC91cGxvYWRzXC8yMDI1XC8wM1wvaW1hZ2UxLWUxNzQyNTY1Njk4MzA1LndlYnAiLCJzbGlkZXNob3ciOiJmM2RlMzJmIn0%3D\">\n\t\t\t\t\t<div class=\"e-gallery-image elementor-gallery-item__image\" data-thumbnail=\"https:\/\/burow.hr\/wp-content\/uploads\/elementor\/thumbs\/image1-e1742565698305-r9o8u14iohw5p0gzwbkt8y233o2st6js4pgo6k0y6w.webp\" data-width=\"400\" data-height=\"540\" aria-label=\"\" role=\"img\" ><\/div>\n\t\t\t\t\t\t\t\t\t\t\t<div class=\"elementor-gallery-item__overlay\"><\/div>\n\t\t\t\t\t\t\t\t\t\t\t\t\t\t<\/a>\n\t\t\t\t\t<\/div>\n\t\t\t\t\t<\/div>\n\t\t\t\t<\/div>\n\t\t\t\t\t<\/div>\n\t\t\t\t<\/div>\n\t\t<div class=\"elementor-element elementor-element-1c715c0 e-flex e-con-boxed e-con e-parent\" data-id=\"1c715c0\" data-element_type=\"container\" data-e-type=\"container\">\n\t\t\t\t\t<div class=\"e-con-inner\">\n\t\t<div class=\"elementor-element elementor-element-70cd4b0 e-con-full animated-fast e-flex elementor-invisible e-con e-child\" data-id=\"70cd4b0\" data-element_type=\"container\" data-e-type=\"container\" data-settings=\"{&quot;background_background&quot;:&quot;classic&quot;,&quot;animation&quot;:&quot;fadeInRight&quot;}\">\n\t\t\t\t<div class=\"elementor-element elementor-element-f218973 elementor-widget elementor-widget-heading\" data-id=\"f218973\" data-element_type=\"widget\" data-e-type=\"widget\" data-widget_type=\"heading.default\">\n\t\t\t\t\t<h3 class=\"elementor-heading-title elementor-size-default\">WIE F\u00dcHLT ES SICH NACH DER MASSAGE AN?<\/h3>\t\t\t\t<\/div>\n\t\t\t\t<div class=\"elementor-element elementor-element-d54564a elementor-widget elementor-widget-text-editor\" data-id=\"d54564a\" data-element_type=\"widget\" data-e-type=\"widget\" data-widget_type=\"text-editor.default\">\n\t\t\t\t\t\t\t\t\t<p>Die meisten Menschen f\u00fchlen sich nach einer Wangenmassage wie nach einem Facelift. Das Erlebnis ist zudem unglaublich entspannend und das gute Gef\u00fchl h\u00e4lt tagelang an.<\/p>\n\t\t\t\t\t\t\t\t<\/div>\n\t\t\t\t<\/div>\n\t\t<div class=\"elementor-element elementor-element-8ee2015 e-con-full animated-fast e-flex elementor-invisible e-con e-child\" data-id=\"8ee2015\" data-element_type=\"container\" data-e-type=\"container\" data-settings=\"{&quot;background_background&quot;:&quot;classic&quot;,&quot;animation&quot;:&quot;fadeInRight&quot;}\">\n\t\t\t\t<div class=\"elementor-element elementor-element-8f8b13a elementor-widget elementor-widget-heading\" data-id=\"8f8b13a\" data-element_type=\"widget\" data-e-type=\"widget\" data-widget_type=\"heading.default\">\n\t\t\t\t\t<h3 class=\"elementor-heading-title elementor-size-default\">WIE VIELE MASSAGEN SIND ERFORDERLICH, UM LANGFRISTIGE ERGEBNISSE ZU SEHEN?<\/h3>\t\t\t\t<\/div>\n\t\t\t\t<div class=\"elementor-element elementor-element-fb0c11f elementor-widget elementor-widget-text-editor\" data-id=\"fb0c11f\" data-element_type=\"widget\" data-e-type=\"widget\" data-widget_type=\"text-editor.default\">\n\t\t\t\t\t\t\t\t\t<p>Um einen deutlichen Unterschied der Gesichtskonturen zu erzielen, sollten Sie \u00fcber einen Zeitraum von acht bis zehn Wochen ein bis zwei Behandlungen pro Woche durchf\u00fchren. Danach reicht es aus, die Ergebnisse einmal im Monat zu pflegen. Bereits nach der vierten Behandlung in Folge sollten Sie einen deutlichen Unterschied an Haut und Gesicht bemerken.<\/p>\n<p>Wir empfehlen die Wangenmassage nicht f\u00fcr Schwangere, Personen mit entz\u00fcndlichen Prozessen wie Akne und Personen mit Rosazea.<\/p>\n\t\t\t\t\t\t\t\t<\/div>\n\t\t\t\t<\/div>\n\t\t\t\t\t<\/div>\n\t\t\t\t<\/div>\n\t\t\t\t<\/div>\n\t\t","protected":false},"excerpt":{"rendered":"<p>Wenn Sie das Gef\u00fchl haben, dass Ihr Gesicht m\u00fcde und fahl wirkt, \u00fcberm\u00e4\u00dfige Wassereinlagerungen aufweist oder Sie einfach eine nat\u00fcrliche Methode zur Straffung und Verj\u00fcngung Ihrer Haut ausprobieren m\u00f6chten, bietet die Burow Clinic die perfekte Alternative zu chirurgischen Facelifting-Methoden. Die Bukkal- oder Intraoralmassage ist eine regenerative, v\u00f6llig nat\u00fcrliche Methode zur Straffung von Gesicht, Hals und [&hellip;]<\/p>\n","protected":false},"author":1,"featured_media":2597,"parent":3890,"menu_order":0,"comment_status":"closed","ping_status":"closed","template":"","meta":{"footnotes":""},"class_list":["post-3902","page","type-page","status-publish","has-post-thumbnail","hentry"],"_links":{"self":[{"href":"https:\/\/burow.hr\/de\/wp-json\/wp\/v2\/pages\/3902","targetHints":{"allow":["GET"]}}],"collection":[{"href":"https:\/\/burow.hr\/de\/wp-json\/wp\/v2\/pages"}],"about":[{"href":"https:\/\/burow.hr\/de\/wp-json\/wp\/v2\/types\/page"}],"author":[{"embeddable":true,"href":"https:\/\/burow.hr\/de\/wp-json\/wp\/v2\/users\/1"}],"replies":[{"embeddable":true,"href":"https:\/\/burow.hr\/de\/wp-json\/wp\/v2\/comments?post=3902"}],"version-history":[{"count":1,"href":"https:\/\/burow.hr\/de\/wp-json\/wp\/v2\/pages\/3902\/revisions"}],"predecessor-version":[{"id":3903,"href":"https:\/\/burow.hr\/de\/wp-json\/wp\/v2\/pages\/3902\/revisions\/3903"}],"up":[{"embeddable":true,"href":"https:\/\/burow.hr\/de\/wp-json\/wp\/v2\/pages\/3890"}],"wp:featuredmedia":[{"embeddable":true,"href":"https:\/\/burow.hr\/de\/wp-json\/wp\/v2\/media\/2597"}],"wp:attachment":[{"href":"https:\/\/burow.hr\/de\/wp-json\/wp\/v2\/media?parent=3902"}],"curies":[{"name":"wp","href":"https:\/\/api.w.org\/{rel}","templated":true}]}}