{"id":3897,"date":"2025-04-24T12:30:00","date_gmt":"2025-04-24T10:30:00","guid":{"rendered":"https:\/\/burow.hr\/behandlungen\/kosmetische-behandlungen\/gesichtspflege-in-6-schritten\/"},"modified":"2025-10-25T15:55:18","modified_gmt":"2025-10-25T13:55:18","slug":"gesichtspflege-in-6-schritten","status":"publish","type":"page","link":"https:\/\/burow.hr\/de\/behandlungen\/kosmetische-behandlungen\/gesichtspflege-in-6-schritten\/","title":{"rendered":"Gesichtspflege in 6 Schritten"},"content":{"rendered":"\t\t<div data-elementor-type=\"wp-page\" data-elementor-id=\"3897\" class=\"elementor elementor-3897 elementor-2928\" data-elementor-post-type=\"page\">\n\t\t\t\t<div class=\"elementor-element elementor-element-2436cba e-flex e-con-boxed e-con e-parent\" data-id=\"2436cba\" data-element_type=\"container\" data-e-type=\"container\">\n\t\t\t\t\t<div class=\"e-con-inner\">\n\t\t<div class=\"elementor-element elementor-element-5899878 e-con-full e-flex e-con e-child\" data-id=\"5899878\" data-element_type=\"container\" data-e-type=\"container\">\n\t\t\t\t<div class=\"elementor-element elementor-element-bc1ce58 elementor-widget elementor-widget-image\" data-id=\"bc1ce58\" data-element_type=\"widget\" data-e-type=\"widget\" data-widget_type=\"image.default\">\n\t\t\t\t\t\t\t\t\t\t\t\t\t\t\t<img fetchpriority=\"high\" decoding=\"async\" width=\"2560\" height=\"1183\" src=\"https:\/\/burow.hr\/wp-content\/uploads\/2025\/04\/075A2677-nasl.webp\" class=\"attachment-full size-full wp-image-2756\" alt=\"\" \/>\t\t\t\t\t\t\t\t\t\t\t\t\t\t\t<\/div>\n\t\t\t\t<\/div>\n\t\t<div class=\"elementor-element elementor-element-d6bc6b8 e-con-full e-flex e-con e-child\" data-id=\"d6bc6b8\" data-element_type=\"container\" data-e-type=\"container\">\n\t\t<div class=\"elementor-element elementor-element-b120f63 e-con-full e-flex e-con e-child\" data-id=\"b120f63\" data-element_type=\"container\" data-e-type=\"container\">\n\t\t\t\t<div class=\"elementor-element elementor-element-0b818ed elementor-widget elementor-widget-text-editor\" data-id=\"0b818ed\" data-element_type=\"widget\" data-e-type=\"widget\" data-widget_type=\"text-editor.default\">\n\t\t\t\t\t\t\t\t\t<p>Gesichtspflege ist unerl\u00e4sslich f\u00fcr die Gesundheit und Sch\u00f6nheit der Haut. Unsere Haut ist t\u00e4glich verschiedenen \u00e4u\u00dferen Einfl\u00fcssen wie Umweltverschmutzung, UV-Strahlung und Stress ausgesetzt, die ihr nat\u00fcrliches Gleichgewicht st\u00f6ren k\u00f6nnen. Ohne die richtige Pflege verliert die Haut Feuchtigkeit, Elastizit\u00e4t und Glanz, was mit der Zeit zu vorzeitiger Hautalterung und Unregelm\u00e4\u00dfigkeiten f\u00fchren kann. Mit regelm\u00e4\u00dfigen Behandlungen und einer individuellen Routine unterst\u00fctzen wir die Hautregeneration, versorgen sie mit den notwendigen N\u00e4hrstoffen und Schutz und erzielen so ein gesundes und strahlendes Aussehen. Die richtige Gesichtspflege ist nicht nur ein \u00e4sthetischer Luxus, sondern auch ein wichtiger Schritt zur Erhaltung der allgemeinen Gesundheit und des Selbstvertrauens.<\/p>\n<p>In der Burow Klinik haben wir eine 6-stufige Gesichtspflegebehandlung f\u00fcr Sie entwickelt. Dabei verwenden wir Arkana Neurokosmetik, die frei von k\u00fcnstlichen Zusatz- oder Wirkstoffen wie Inhaltsstoffen tierischen Ursprungs, Erd\u00f6lderivaten, reizenden Tensiden und Parabenen ist. Die perfekte Kombination innovativer Wirkstoffe in dieser au\u00dfergew\u00f6hnlichen dermatologischen Kosmetiklinie macht sie biokompatibel und erf\u00fcllt die Bed\u00fcrfnisse selbst anspruchsvollster Hauttypen.<\/p>\n<p>6-stufige Gesichtsbehandlung<br \/>Mikropeeling mit Enzympeeling Dieser Schritt beginnt mit einem sanften Peeling mit Enzymen, das die Haut tiefenrein reinigt und abgestorbene Zellen und Unreinheiten entfernt. Das Enzympeeling wirkt sanft, aber effektiv und macht die Haut glatt und bereit f\u00fcr weitere Behandlungsschritte.<br \/>Ultraschallpeeling Mithilfe von Ultraschallwellen reinigt diese Behandlung die Haut zus\u00e4tzlich, indem sie restliche Unreinheiten aus den Poren entfernt und die Zellerneuerung anregt. Das Ultraschallpeeling hat eine stimulierende Wirkung und macht die Haut frisch und sichtbar gereinigt, ohne zu reizen.<br \/>Ultraschall-Feuchtigkeitspflege mit einer hauttypgerechten Ampulle: Durch Ultraschall dringen die Wirkstoffe einer speziell ausgew\u00e4hlten Ampulle tiefer in die Hautschichten ein. Die Ampulle wird entsprechend den individuellen Bed\u00fcrfnissen der Haut ausgew\u00e4hlt, egal ob Feuchtigkeitspflege, Beruhigung, Revitalisierung oder die Behandlung spezifischer Probleme.<br \/>Gesichtsmassage Anschlie\u00dfend folgt eine entspannende Gesichtsmassage, die die Mikrozirkulation anregt, die Haut strafft und f\u00fcr ein sofortiges Gef\u00fchl der Entspannung sorgt. Diese Phase tr\u00e4gt auch dazu bei, dass die sp\u00e4ter aufgetragenen Produkte besser aufgenommen werden.<br \/>Maske nach Hauttyp Nach der Massage wird eine auf den Hauttyp und seine Bed\u00fcrfnisse abgestimmte Maske aufgetragen. Eine feuchtigkeitsspendende, reinigende oder beruhigende Maske pflegt die Haut zus\u00e4tzlich und sorgt f\u00fcr langanhaltende Ergebnisse.<br \/>Serum Zum Abschluss der Behandlung wird ein gezieltes Serum mit konzentrierten Wirkstoffen aufgetragen. Das Serum bietet abschlie\u00dfenden Schutz, Feuchtigkeit und Revitalisierung und hinterl\u00e4sst die Haut strahlend und frisch.<br \/>Behandlungsdauer: 60\u201375 Minuten Diese Behandlung bietet eine umfassende Pflege, die die Haut revitalisiert, pflegt und versch\u00f6nert. Ideal f\u00fcr ein gesundes und strahlendes Hautbild.<\/p>\n\t\t\t\t\t\t\t\t<\/div>\n\t\t\t\t<\/div>\n\t\t<div class=\"elementor-element elementor-element-a591ee3 e-con-full e-flex e-con e-child\" data-id=\"a591ee3\" data-element_type=\"container\" data-e-type=\"container\">\n\t\t\t\t<div class=\"elementor-element elementor-element-cc6d90c elementor-widget elementor-widget-image\" data-id=\"cc6d90c\" data-element_type=\"widget\" data-e-type=\"widget\" data-settings=\"{&quot;sticky&quot;:&quot;top&quot;,&quot;sticky_on&quot;:[&quot;desktop&quot;,&quot;tablet&quot;],&quot;sticky_parent&quot;:&quot;yes&quot;,&quot;sticky_offset&quot;:0,&quot;sticky_effects_offset&quot;:0,&quot;sticky_anchor_link_offset&quot;:0}\" data-widget_type=\"image.default\">\n\t\t\t\t\t\t\t\t\t\t\t\t\t\t\t<img decoding=\"async\" width=\"683\" height=\"1024\" src=\"https:\/\/burow.hr\/wp-content\/uploads\/2025\/04\/075A2651-683x1024.jpg\" class=\"attachment-large size-large wp-image-2759\" alt=\"\" srcset=\"https:\/\/burow.hr\/wp-content\/uploads\/2025\/04\/075A2651-683x1024.jpg 683w, https:\/\/burow.hr\/wp-content\/uploads\/2025\/04\/075A2651-200x300.jpg 200w, https:\/\/burow.hr\/wp-content\/uploads\/2025\/04\/075A2651-768x1152.jpg 768w, https:\/\/burow.hr\/wp-content\/uploads\/2025\/04\/075A2651-1024x1536.jpg 1024w, https:\/\/burow.hr\/wp-content\/uploads\/2025\/04\/075A2651-1365x2048.jpg 1365w, https:\/\/burow.hr\/wp-content\/uploads\/2025\/04\/075A2651.jpg 1706w\" sizes=\"(max-width: 683px) 100vw, 683px\" \/>\t\t\t\t\t\t\t\t\t\t\t\t\t\t\t<\/div>\n\t\t\t\t<\/div>\n\t\t\t\t<\/div>\n\t\t\t\t\t<\/div>\n\t\t\t\t<\/div>\n\t\t\t\t<\/div>\n\t\t","protected":false},"excerpt":{"rendered":"<p>Gesichtspflege ist unerl\u00e4sslich f\u00fcr die Gesundheit und Sch\u00f6nheit der Haut. Unsere Haut ist t\u00e4glich verschiedenen \u00e4u\u00dferen Einfl\u00fcssen wie Umweltverschmutzung, UV-Strahlung und Stress ausgesetzt, die ihr nat\u00fcrliches Gleichgewicht st\u00f6ren k\u00f6nnen. Ohne die richtige Pflege verliert die Haut Feuchtigkeit, Elastizit\u00e4t und Glanz, was mit der Zeit zu vorzeitiger Hautalterung und Unregelm\u00e4\u00dfigkeiten f\u00fchren kann. Mit regelm\u00e4\u00dfigen Behandlungen und [&hellip;]<\/p>\n","protected":false},"author":1,"featured_media":2756,"parent":3890,"menu_order":3,"comment_status":"closed","ping_status":"closed","template":"","meta":{"footnotes":""},"class_list":["post-3897","page","type-page","status-publish","has-post-thumbnail","hentry"],"_links":{"self":[{"href":"https:\/\/burow.hr\/de\/wp-json\/wp\/v2\/pages\/3897","targetHints":{"allow":["GET"]}}],"collection":[{"href":"https:\/\/burow.hr\/de\/wp-json\/wp\/v2\/pages"}],"about":[{"href":"https:\/\/burow.hr\/de\/wp-json\/wp\/v2\/types\/page"}],"author":[{"embeddable":true,"href":"https:\/\/burow.hr\/de\/wp-json\/wp\/v2\/users\/1"}],"replies":[{"embeddable":true,"href":"https:\/\/burow.hr\/de\/wp-json\/wp\/v2\/comments?post=3897"}],"version-history":[{"count":1,"href":"https:\/\/burow.hr\/de\/wp-json\/wp\/v2\/pages\/3897\/revisions"}],"predecessor-version":[{"id":3898,"href":"https:\/\/burow.hr\/de\/wp-json\/wp\/v2\/pages\/3897\/revisions\/3898"}],"up":[{"embeddable":true,"href":"https:\/\/burow.hr\/de\/wp-json\/wp\/v2\/pages\/3890"}],"wp:featuredmedia":[{"embeddable":true,"href":"https:\/\/burow.hr\/de\/wp-json\/wp\/v2\/media\/2756"}],"wp:attachment":[{"href":"https:\/\/burow.hr\/de\/wp-json\/wp\/v2\/media?parent=3897"}],"curies":[{"name":"wp","href":"https:\/\/api.w.org\/{rel}","templated":true}]}}