{"id":3882,"date":"2025-03-18T19:30:18","date_gmt":"2025-03-18T18:30:18","guid":{"rendered":"https:\/\/burow.hr\/behandlungen\/alternative-und-funktionelle-medizin\/"},"modified":"2025-10-25T15:27:30","modified_gmt":"2025-10-25T13:27:30","slug":"alternative-und-funktionelle-medizin","status":"publish","type":"page","link":"https:\/\/burow.hr\/de\/behandlungen\/alternative-und-funktionelle-medizin\/","title":{"rendered":"Alternative und funktionelle Medizin"},"content":{"rendered":"\t\t<div data-elementor-type=\"wp-page\" data-elementor-id=\"3882\" class=\"elementor elementor-3882 elementor-2382\" data-elementor-post-type=\"page\">\n\t\t\t\t<div class=\"elementor-element elementor-element-9ccda6c e-flex e-con-boxed e-con e-parent\" data-id=\"9ccda6c\" data-element_type=\"container\" data-e-type=\"container\">\n\t\t\t\t\t<div class=\"e-con-inner\">\n\t\t<div class=\"elementor-element elementor-element-e4c1bcb e-con-full e-flex e-con e-child\" data-id=\"e4c1bcb\" data-element_type=\"container\" data-e-type=\"container\">\n\t\t\t\t<div class=\"elementor-element elementor-element-67b5ae5 elementor-widget elementor-widget-image\" data-id=\"67b5ae5\" data-element_type=\"widget\" data-e-type=\"widget\" data-widget_type=\"image.default\">\n\t\t\t\t\t\t\t\t\t\t\t\t\t\t\t<img fetchpriority=\"high\" decoding=\"async\" width=\"682\" height=\"1024\" src=\"https:\/\/burow.hr\/wp-content\/uploads\/2025\/03\/fc14a61c-464b-403b-b054-718170b68fd5-682x1024.jpg\" class=\"attachment-large size-large wp-image-2505\" alt=\"\" srcset=\"https:\/\/burow.hr\/wp-content\/uploads\/2025\/03\/fc14a61c-464b-403b-b054-718170b68fd5-682x1024.jpg 682w, https:\/\/burow.hr\/wp-content\/uploads\/2025\/03\/fc14a61c-464b-403b-b054-718170b68fd5-200x300.jpg 200w, https:\/\/burow.hr\/wp-content\/uploads\/2025\/03\/fc14a61c-464b-403b-b054-718170b68fd5-768x1153.jpg 768w, https:\/\/burow.hr\/wp-content\/uploads\/2025\/03\/fc14a61c-464b-403b-b054-718170b68fd5-1023x1536.jpg 1023w, https:\/\/burow.hr\/wp-content\/uploads\/2025\/03\/fc14a61c-464b-403b-b054-718170b68fd5.jpg 1066w\" sizes=\"(max-width: 682px) 100vw, 682px\" \/>\t\t\t\t\t\t\t\t\t\t\t\t\t\t\t<\/div>\n\t\t\t\t<div class=\"elementor-element elementor-element-09eca00 elementor-widget elementor-widget-heading\" data-id=\"09eca00\" data-element_type=\"widget\" data-e-type=\"widget\" data-widget_type=\"heading.default\">\n\t\t\t\t\t<div class=\"elementor-heading-title elementor-size-default\">Dr.med. Robert Bartaky<\/div>\t\t\t\t<\/div>\n\t\t\t\t<\/div>\n\t\t<div class=\"elementor-element elementor-element-96a6c50 e-con-full e-flex e-con e-child\" data-id=\"96a6c50\" data-element_type=\"container\" data-e-type=\"container\">\n\t\t\t\t<div class=\"elementor-element elementor-element-80cd452 elementor-widget elementor-widget-text-editor\" data-id=\"80cd452\" data-element_type=\"widget\" data-e-type=\"widget\" data-widget_type=\"text-editor.default\">\n\t\t\t\t\t\t\t\t\t<p>Die Wechseljahre sind ein nat\u00fcrlicher Prozess im Leben jeder Frau und bringen verschiedene Ver\u00e4nderungen mit sich, die sowohl positiv als auch negativ sein k\u00f6nnen. W\u00e4hrend der reproduktiven Jahre nutzen sich die Eizellen ab, und wenn ihre Reserve aufgebraucht ist, beginnt die Menopause.<\/p>\n<p>Es ist f\u00fcr jede Frau eine einzigartige und individuelle Erfahrung, doch die meisten Frauen erleben einige Ver\u00e4nderungen und Symptome, die f\u00fcr diesen neuen Lebensabschnitt charakteristisch sind.<\/p>\n<p>Wenn die Symptome ausgepr\u00e4gt sind, k\u00f6nnen sie die Lebensqualit\u00e4t beeintr\u00e4chtigen und eine Frau an allt\u00e4glichen Aktivit\u00e4ten hindern.<\/p>\n<p>Die klassische Medizin ersetzt den Hormonmangel oft durch synthetische Hormone, die jedoch auch negative Nebenwirkungen haben.<\/p>\n<p>Eine \u00d6strogentherapie erh\u00f6ht das Risiko einer Endometriumhyperplasie oder von Endometriumkrebs. Die meisten Studien berichten von einem erh\u00f6hten Brustkrebsrisiko und einer leicht erh\u00f6hten Schlaganfallrate. Dar\u00fcber hinaus ist die Einnahme von oralem \u00d6strogen h\u00e4ufig mit einem erh\u00f6hten Risiko f\u00fcr Blutgerinnsel verbunden.<\/p>\n<p>Aus diesem Grund wird eine Hormonersatztherapie kurzfristig zur Linderung der Wechseljahrsbeschwerden empfohlen, eine langfristige pr\u00e4ventive Therapie hingegen nicht.<\/p>\n<p>F\u00fcr manche Frauen ist die klassische Hormonersatztherapie jedoch kontraindiziert, andere meiden sie aus Angst.<\/p>\n\t\t\t\t\t\t\t\t<\/div>\n\t\t\t\t<\/div>\n\t\t\t\t\t<\/div>\n\t\t\t\t<\/div>\n\t\t<div class=\"elementor-element elementor-element-6920ba6 e-flex e-con-boxed e-con e-parent\" data-id=\"6920ba6\" data-element_type=\"container\" data-e-type=\"container\">\n\t\t\t\t\t<div class=\"e-con-inner\">\n\t\t<div class=\"elementor-element elementor-element-2e9d775 e-con-full e-flex e-con e-child\" data-id=\"2e9d775\" data-element_type=\"container\" data-e-type=\"container\">\n\t\t\t\t<div class=\"elementor-element elementor-element-02ef644 elementor-widget elementor-widget-text-editor\" data-id=\"02ef644\" data-element_type=\"widget\" data-e-type=\"widget\" data-widget_type=\"text-editor.default\">\n\t\t\t\t\t\t\t\t\t<p>In der Burow Klinik bieten wir Frauen eine alternative medizinische L\u00f6sung zur Linderung der Symptome der Perimenopause und Menopause und erm\u00f6glichen so eine optimale Wiederherstellung ihrer Lebensqualit\u00e4t.<\/p>\n<p>Unser Arzt, Dr.med. Robert Bartaky, praktiziert die Rimkus\u00ae\ufe0f-Therapie, die sich in dieser stressigen \u00dcbergangsphase als sehr erfolgreich zur Linderung der Symptome bei Frauen erwiesen hat.<\/p>\n<p>Rimkus\u00ae\ufe0f-Therapie \u2013 Nat\u00fcrliche Hormonregulierung f\u00fcr mehr Gesundheit und Wohlbefinden<\/p>\n<p>Die Rimkus\u00ae\ufe0f-Therapie ist eine wissenschaftlich fundierte Methode zur nat\u00fcrlichen Hormonregulierung, die speziell f\u00fcr die Behandlung von Erkrankungen entwickelt wurde, die durch Hormonmangel verursacht werden. Sie basiert auf der gezielten Anwendung bioidentischer Hormone, die chemisch identisch mit den k\u00f6rpereigenen Hormonen sind. So erm\u00f6glicht sie eine sanfte und individuelle Anpassung des Hormonhaushalts ohne die mit synthetischen Hormonpr\u00e4paraten verbundenen Risiken.<\/p>\n\t\t\t\t\t\t\t\t<\/div>\n\t\t\t\t<div class=\"elementor-element elementor-element-9e28f38 elementor-widget elementor-widget-heading\" data-id=\"9e28f38\" data-element_type=\"widget\" data-e-type=\"widget\" data-widget_type=\"heading.default\">\n\t\t\t\t\t<h3 class=\"elementor-heading-title elementor-size-default\">F\u00fcr wen ist die Rimkus\u00ae\ufe0f-Therapie geeignet?<\/h3>\t\t\t\t<\/div>\n\t\t\t\t<div class=\"elementor-element elementor-element-c275d82 elementor-widget elementor-widget-text-editor\" data-id=\"c275d82\" data-element_type=\"widget\" data-e-type=\"widget\" data-widget_type=\"text-editor.default\">\n\t\t\t\t\t\t\t\t\t<p>Diese Methode wird insbesondere bei Symptomen eines hormonellen Ungleichgewichts angewendet, das in den Wechseljahren oder bei anderen Hormonst\u00f6rungen auftreten kann. Typische Symptome, die mit der Rimkus\u00ae\ufe0f-Therapie gelindert werden k\u00f6nnen, sind:<\/p>\n<ul>\n<li>Hitzewallungen und n\u00e4chtliche Schwei\u00dfausbr\u00fcche<\/li>\n<li>Schlafst\u00f6rungen und chronische M\u00fcdigkeit<\/li>\n<li>Stimmungsschwankungen und depressive Episoden<\/li>\n<li>Konzentrations- und Ged\u00e4chtnisprobleme<\/li>\n<li>Verminderte Libido<\/li>\n<li>Osteoporose-Pr\u00e4vention<\/li>\n<\/ul>\n<p><\/p>\n\t\t\t\t\t\t\t\t<\/div>\n\t\t\t\t<\/div>\n\t\t<div class=\"elementor-element elementor-element-6a530f8 e-con-full e-flex e-con e-child\" data-id=\"6a530f8\" data-element_type=\"container\" data-e-type=\"container\">\n\t\t\t\t<div class=\"elementor-element elementor-element-3d5e0bd elementor-widget elementor-widget-image\" data-id=\"3d5e0bd\" data-element_type=\"widget\" data-e-type=\"widget\" data-widget_type=\"image.default\">\n\t\t\t\t\t\t\t\t\t\t\t\t\t\t\t<img decoding=\"async\" width=\"768\" height=\"1024\" src=\"https:\/\/burow.hr\/wp-content\/uploads\/2025\/03\/Slika-infuzija-768x1024.jpg\" class=\"attachment-large size-large wp-image-2399\" alt=\"\" srcset=\"https:\/\/burow.hr\/wp-content\/uploads\/2025\/03\/Slika-infuzija-768x1024.jpg 768w, https:\/\/burow.hr\/wp-content\/uploads\/2025\/03\/Slika-infuzija-225x300.jpg 225w, https:\/\/burow.hr\/wp-content\/uploads\/2025\/03\/Slika-infuzija-1152x1536.jpg 1152w, https:\/\/burow.hr\/wp-content\/uploads\/2025\/03\/Slika-infuzija.jpg 1536w\" sizes=\"(max-width: 768px) 100vw, 768px\" \/>\t\t\t\t\t\t\t\t\t\t\t\t\t\t\t<\/div>\n\t\t\t\t<\/div>\n\t\t\t\t\t<\/div>\n\t\t\t\t<\/div>\n\t\t<div class=\"elementor-element elementor-element-3b82622 e-flex e-con-boxed e-con e-parent\" data-id=\"3b82622\" data-element_type=\"container\" data-e-type=\"container\">\n\t\t\t\t\t<div class=\"e-con-inner\">\n\t\t<div class=\"elementor-element elementor-element-ad121ac e-con-full animated-fast e-flex elementor-invisible e-con e-child\" data-id=\"ad121ac\" data-element_type=\"container\" data-e-type=\"container\" data-settings=\"{&quot;background_background&quot;:&quot;classic&quot;,&quot;animation&quot;:&quot;fadeInRight&quot;}\">\n\t\t\t\t<div class=\"elementor-element elementor-element-80af006 elementor-widget elementor-widget-heading\" data-id=\"80af006\" data-element_type=\"widget\" data-e-type=\"widget\" data-widget_type=\"heading.default\">\n\t\t\t\t\t<h3 class=\"elementor-heading-title elementor-size-default\">Individuelle Beratung und Betreuung<\/h3>\t\t\t\t<\/div>\n\t\t\t\t<div class=\"elementor-element elementor-element-ee19247 elementor-widget elementor-widget-text-editor\" data-id=\"ee19247\" data-element_type=\"widget\" data-e-type=\"widget\" data-widget_type=\"text-editor.default\">\n\t\t\t\t\t\t\t\t\t<p>Die Therapie wird individuell auf jeden Patienten abgestimmt, um optimale Ergebnisse zu erzielen. Wir informieren und beraten Sie gerne ausf\u00fchrlich.<\/p>\n<p>Hinweis: Die Rimkus\u00ae\ufe0f-Methode ist eine \u00e4rztlich \u00fcberwachte Therapie. Eine genaue Diagnose und regelm\u00e4\u00dfige Kontrolluntersuchungen sind f\u00fcr eine sichere und effektive Anwendung unerl\u00e4sslich.<\/p>\n\t\t\t\t\t\t\t\t<\/div>\n\t\t\t\t<\/div>\n\t\t<div class=\"elementor-element elementor-element-4464d2e e-con-full animated-fast e-flex elementor-invisible e-con e-child\" data-id=\"4464d2e\" data-element_type=\"container\" data-e-type=\"container\" data-settings=\"{&quot;background_background&quot;:&quot;classic&quot;,&quot;animation&quot;:&quot;fadeInRight&quot;}\">\n\t\t\t\t<div class=\"elementor-element elementor-element-d4253e0 elementor-widget elementor-widget-heading\" data-id=\"d4253e0\" data-element_type=\"widget\" data-e-type=\"widget\" data-widget_type=\"heading.default\">\n\t\t\t\t\t<h3 class=\"elementor-heading-title elementor-size-default\">Wie funktioniert die Therapie?<\/h3>\t\t\t\t<\/div>\n\t\t\t\t<div class=\"elementor-element elementor-element-10fe6f0 elementor-widget elementor-widget-text-editor\" data-id=\"10fe6f0\" data-element_type=\"widget\" data-e-type=\"widget\" data-widget_type=\"text-editor.default\">\n\t\t\t\t\t\t\t\t\t<p>Nach einer ausf\u00fchrlichen Anamnese und Labordiagnostik wird ein individuelles Hormonprofil erstellt. Basierend auf diesen Ergebnissen werden in einer spezialisierten Apotheke Kapseln mit genau dosierten Mengen bioidentischer Hormone (Progesteron und Estradiol) hergestellt. Die Dosierung wird regelm\u00e4\u00dfig kontrolliert und bei Bedarf angepasst.<\/p>\n\t\t\t\t\t\t\t\t<\/div>\n\t\t\t\t<\/div>\n\t\t<div class=\"elementor-element elementor-element-3c9aeae e-con-full animated-fast e-flex elementor-invisible e-con e-child\" data-id=\"3c9aeae\" data-element_type=\"container\" data-e-type=\"container\" data-settings=\"{&quot;background_background&quot;:&quot;classic&quot;,&quot;animation&quot;:&quot;fadeInRight&quot;}\">\n\t\t\t\t<div class=\"elementor-element elementor-element-372ad97 elementor-widget elementor-widget-heading\" data-id=\"372ad97\" data-element_type=\"widget\" data-e-type=\"widget\" data-widget_type=\"heading.default\">\n\t\t\t\t\t<h3 class=\"elementor-heading-title elementor-size-default\">Warum bioidentische Hormone?<\/h3>\t\t\t\t<\/div>\n\t\t\t\t<div class=\"elementor-element elementor-element-a219df5 elementor-widget elementor-widget-text-editor\" data-id=\"a219df5\" data-element_type=\"widget\" data-e-type=\"widget\" data-widget_type=\"text-editor.default\">\n\t\t\t\t\t\t\t\t\t<p>Im Gegensatz zu synthetischen Hormonen haben bioidentische Hormone die gleiche Struktur wie die nat\u00fcrlichen Hormone im menschlichen K\u00f6rper. Dadurch kann der K\u00f6rper sie erkennen und verstoffwechseln, ohne dass es zu den Nebenwirkungen kommt, die bei synthetischen Hormonen h\u00e4ufig auftreten.<\/p>\n\t\t\t\t\t\t\t\t<\/div>\n\t\t\t\t<\/div>\n\t\t<div class=\"elementor-element elementor-element-2d02fc5 e-con-full animated-fast e-flex elementor-invisible e-con e-child\" data-id=\"2d02fc5\" data-element_type=\"container\" data-e-type=\"container\" data-settings=\"{&quot;background_background&quot;:&quot;classic&quot;,&quot;animation&quot;:&quot;fadeInRight&quot;}\">\n\t\t\t\t<div class=\"elementor-element elementor-element-3330ca0 elementor-widget elementor-widget-heading\" data-id=\"3330ca0\" data-element_type=\"widget\" data-e-type=\"widget\" data-widget_type=\"heading.default\">\n\t\t\t\t\t<h3 class=\"elementor-heading-title elementor-size-default\">Wissenschaftliche Grundlage<\/h3>\t\t\t\t<\/div>\n\t\t\t\t<div class=\"elementor-element elementor-element-fdb9dbc elementor-widget elementor-widget-text-editor\" data-id=\"fdb9dbc\" data-element_type=\"widget\" data-e-type=\"widget\" data-widget_type=\"text-editor.default\">\n\t\t\t\t\t\t\t\t\t<p>Die Rimkus\u00ae\ufe0f-Methode wurde von Dr. Volker Rimkus entwickelt und basiert auf langj\u00e4hriger klinischer Erfahrung. Zahlreiche Studien und Patientenerfahrungen zeigen positive Auswirkungen auf die Lebensqualit\u00e4t, die Knochendichte und die allgemeine Gesundheit.<\/p>\n\t\t\t\t\t\t\t\t<\/div>\n\t\t\t\t<\/div>\n\t\t\t\t\t<\/div>\n\t\t\t\t<\/div>\n\t\t\t\t<\/div>\n\t\t","protected":false},"excerpt":{"rendered":"<p>Dr.med. Robert Bartaky Die Wechseljahre sind ein nat\u00fcrlicher Prozess im Leben jeder Frau und bringen verschiedene Ver\u00e4nderungen mit sich, die sowohl positiv als auch negativ sein k\u00f6nnen. W\u00e4hrend der reproduktiven Jahre nutzen sich die Eizellen ab, und wenn ihre Reserve aufgebraucht ist, beginnt die Menopause. Es ist f\u00fcr jede Frau eine einzigartige und individuelle Erfahrung, [&hellip;]<\/p>\n","protected":false},"author":1,"featured_media":2399,"parent":1692,"menu_order":6,"comment_status":"closed","ping_status":"closed","template":"","meta":{"footnotes":""},"class_list":["post-3882","page","type-page","status-publish","has-post-thumbnail","hentry"],"_links":{"self":[{"href":"https:\/\/burow.hr\/de\/wp-json\/wp\/v2\/pages\/3882","targetHints":{"allow":["GET"]}}],"collection":[{"href":"https:\/\/burow.hr\/de\/wp-json\/wp\/v2\/pages"}],"about":[{"href":"https:\/\/burow.hr\/de\/wp-json\/wp\/v2\/types\/page"}],"author":[{"embeddable":true,"href":"https:\/\/burow.hr\/de\/wp-json\/wp\/v2\/users\/1"}],"replies":[{"embeddable":true,"href":"https:\/\/burow.hr\/de\/wp-json\/wp\/v2\/comments?post=3882"}],"version-history":[{"count":5,"href":"https:\/\/burow.hr\/de\/wp-json\/wp\/v2\/pages\/3882\/revisions"}],"predecessor-version":[{"id":3889,"href":"https:\/\/burow.hr\/de\/wp-json\/wp\/v2\/pages\/3882\/revisions\/3889"}],"up":[{"embeddable":true,"href":"https:\/\/burow.hr\/de\/wp-json\/wp\/v2\/pages\/1692"}],"wp:featuredmedia":[{"embeddable":true,"href":"https:\/\/burow.hr\/de\/wp-json\/wp\/v2\/media\/2399"}],"wp:attachment":[{"href":"https:\/\/burow.hr\/de\/wp-json\/wp\/v2\/media?parent=3882"}],"curies":[{"name":"wp","href":"https:\/\/api.w.org\/{rel}","templated":true}]}}