{"id":3429,"date":"2025-03-19T20:10:38","date_gmt":"2025-03-19T19:10:38","guid":{"rendered":"https:\/\/burow.hr\/behandlungen\/dermatologie\/"},"modified":"2025-10-27T07:09:33","modified_gmt":"2025-10-27T06:09:33","slug":"dermatologie","status":"publish","type":"page","link":"https:\/\/burow.hr\/de\/behandlungen\/dermatologie\/","title":{"rendered":"Dermatologie"},"content":{"rendered":"\t\t<div data-elementor-type=\"wp-page\" data-elementor-id=\"3429\" class=\"elementor elementor-3429 elementor-2379\" data-elementor-post-type=\"page\">\n\t\t\t\t<div class=\"elementor-element elementor-element-14dca36 e-flex e-con-boxed e-con e-parent\" data-id=\"14dca36\" data-element_type=\"container\" data-e-type=\"container\">\n\t\t\t\t\t<div class=\"e-con-inner\">\n\t\t<div class=\"elementor-element elementor-element-45f4ff5 e-con-full e-flex e-con e-child\" data-id=\"45f4ff5\" data-element_type=\"container\" data-e-type=\"container\">\n\t\t\t\t<div class=\"elementor-element elementor-element-7ae5a65 elementor-widget elementor-widget-text-editor\" data-id=\"7ae5a65\" data-element_type=\"widget\" data-e-type=\"widget\" data-widget_type=\"text-editor.default\">\n\t\t\t\t\t\t\t\t\t<p><strong>Dr. Josip Zeki\u0107, PhD, univ. mag. pha., univ. spec. med., Facharzt f\u00fcr p\u00e4diatrische Dermato-Venerologie<\/strong>, ist unserem Team beigetreten und hat mit seinem Wissen und seiner Erfahrung das medizinische Angebot der Burow Clinic bereichert.<\/p><p>Mit \u00fcber 10 Jahren Erfahrung an der Klinik f\u00fcr Kinderkrankheiten und einer umfangreichen wissenschaftlichen Ausbildung bietet er umfassende dermatologische und \u00e4sthetische Betreuung f\u00fcr Kinder, Sportler und Erwachsene.<\/p><p>Er hat eine Reihe angesehener Spezialisierungen abgeschlossen:<\/p><ul><li>Facharzt f\u00fcr Dermato-Venerologie<\/li><li>Facharzt f\u00fcr p\u00e4diatrische Dermato-Venerologie<\/li><li>Universit\u00e4ts-Spezialist f\u00fcr Arbeits- und Sportmedizin<\/li><li>Master-Spezialist der Pharmazie (Phytotherapie und Di\u00e4tetik)<\/li><li>Doktor der Wissenschaften in Kinesiologie (Sportphysiologie)<\/li><\/ul><p>In seiner Arbeit kombiniert er Wissen aus der p\u00e4diatrischen Dermatologie, Sportmedizin und modernen \u00c4sthetik und nutzt PRP-Therapie, Botox, Filler, Laser und photodynamische Therapie. Seine Kenntnisse vertiefte er durch Weiterbildungen in Italien, Spanien, Israel, Gro\u00dfbritannien, Deutschland und Kroatien.<\/p><p><strong>Dr. Zeki\u0107 bietet Leistungen in folgenden Bereichen an:<\/strong><\/p><ul><li>Dermatologie<\/li><li>P\u00e4diatrische Dermatologie<\/li><li>Venerologie<\/li><li>Sportmedizin<\/li><li>Kosmetologie<\/li><li>Allergologie und Immunologie<\/li><li>Nutri-Age<\/li><li>Entfernung von Kondylomen<\/li><li>allgemeine Dermatologie f\u00fcr Erwachsene<\/li><li>Age-Management<\/li><li>Hormon-Ersatztherapien<\/li><\/ul><p>Als Sportarzt arbeitet er aktiv mit Nationalmannschaften und Spitzensportlern zusammen und nimmt als Dozent und Forscher an \u00fcber 200 Fach- und Wissenschaftskongressen weltweit teil.<\/p><p><strong>Seine Mission? <\/strong>Die Verbindung von Wissenschaft, Erfahrung und menschlicher Zuwendung \u2013 f\u00fcr jeden einzelnen Patienten.<\/p>\t\t\t\t\t\t\t\t<\/div>\n\t\t\t\t<\/div>\n\t\t<div class=\"elementor-element elementor-element-5ef301b e-con-full e-flex e-con e-child\" data-id=\"5ef301b\" data-element_type=\"container\" data-e-type=\"container\" data-settings=\"{&quot;sticky&quot;:&quot;top&quot;,&quot;sticky_on&quot;:[&quot;desktop&quot;,&quot;tablet&quot;],&quot;sticky_parent&quot;:&quot;yes&quot;,&quot;sticky_offset&quot;:0,&quot;sticky_effects_offset&quot;:0,&quot;sticky_anchor_link_offset&quot;:0}\">\n\t\t\t\t<div class=\"elementor-element elementor-element-ad77f06 elementor-widget elementor-widget-gallery\" data-id=\"ad77f06\" data-element_type=\"widget\" data-e-type=\"widget\" data-settings=\"{&quot;columns&quot;:2,&quot;aspect_ratio&quot;:&quot;9:16&quot;,&quot;lazyload&quot;:&quot;yes&quot;,&quot;gallery_layout&quot;:&quot;grid&quot;,&quot;columns_tablet&quot;:2,&quot;columns_mobile&quot;:1,&quot;gap&quot;:{&quot;unit&quot;:&quot;px&quot;,&quot;size&quot;:10,&quot;sizes&quot;:[]},&quot;gap_tablet&quot;:{&quot;unit&quot;:&quot;px&quot;,&quot;size&quot;:10,&quot;sizes&quot;:[]},&quot;gap_mobile&quot;:{&quot;unit&quot;:&quot;px&quot;,&quot;size&quot;:10,&quot;sizes&quot;:[]},&quot;link_to&quot;:&quot;file&quot;,&quot;overlay_background&quot;:&quot;yes&quot;,&quot;content_hover_animation&quot;:&quot;fade-in&quot;}\" data-widget_type=\"gallery.default\">\n\t\t\t\t\t\t\t<div class=\"elementor-gallery__container\">\n\t\t\t\t\t\t\t<a class=\"e-gallery-item elementor-gallery-item elementor-animated-content\" href=\"https:\/\/burow.hr\/wp-content\/uploads\/2025\/09\/075A8420.jpg\" data-elementor-open-lightbox=\"yes\" data-elementor-lightbox-slideshow=\"ad77f06\" data-e-action-hash=\"#elementor-action%3Aaction%3Dlightbox%26settings%3DeyJpZCI6MzcwNCwidXJsIjoiaHR0cHM6XC9cL2J1cm93LmhyXC93cC1jb250ZW50XC91cGxvYWRzXC8yMDI1XC8wOVwvMDc1QTg0MjAuanBnIiwic2xpZGVzaG93IjoiYWQ3N2YwNiJ9\">\n\t\t\t\t\t<div class=\"e-gallery-image elementor-gallery-item__image\" data-thumbnail=\"https:\/\/burow.hr\/wp-content\/uploads\/2025\/09\/075A8420-768x1152.jpg\" data-width=\"768\" data-height=\"1152\" aria-label=\"\" role=\"img\" ><\/div>\n\t\t\t\t\t\t\t\t\t\t\t<div class=\"elementor-gallery-item__overlay\"><\/div>\n\t\t\t\t\t\t\t\t\t\t\t\t\t\t<\/a>\n\t\t\t\t\t\t\t<a class=\"e-gallery-item elementor-gallery-item elementor-animated-content\" href=\"https:\/\/burow.hr\/wp-content\/uploads\/2025\/09\/IMG_4693.jpg\" data-elementor-open-lightbox=\"yes\" data-elementor-lightbox-slideshow=\"ad77f06\" data-e-action-hash=\"#elementor-action%3Aaction%3Dlightbox%26settings%3DeyJpZCI6MzcwNywidXJsIjoiaHR0cHM6XC9cL2J1cm93LmhyXC93cC1jb250ZW50XC91cGxvYWRzXC8yMDI1XC8wOVwvSU1HXzQ2OTMuanBnIiwic2xpZGVzaG93IjoiYWQ3N2YwNiJ9\">\n\t\t\t\t\t<div class=\"e-gallery-image elementor-gallery-item__image\" data-thumbnail=\"https:\/\/burow.hr\/wp-content\/uploads\/2025\/09\/IMG_4693-768x1129.jpg\" data-width=\"768\" data-height=\"1129\" aria-label=\"\" role=\"img\" ><\/div>\n\t\t\t\t\t\t\t\t\t\t\t<div class=\"elementor-gallery-item__overlay\"><\/div>\n\t\t\t\t\t\t\t\t\t\t\t\t\t\t<\/a>\n\t\t\t\t\t<\/div>\n\t\t\t\t\t<\/div>\n\t\t\t\t<div class=\"elementor-element elementor-element-ab1da09 elementor-widget elementor-widget-heading\" data-id=\"ab1da09\" data-element_type=\"widget\" data-e-type=\"widget\" data-widget_type=\"heading.default\">\n\t\t\t\t\t<div class=\"elementor-heading-title elementor-size-default\">Dr. Josip Zeki\u0107<\/div>\t\t\t\t<\/div>\n\t\t\t\t<div class=\"elementor-element elementor-element-256e2a7 elementor-widget-divider--separator-type-pattern elementor-widget-divider--view-line elementor-widget elementor-widget-divider\" data-id=\"256e2a7\" data-element_type=\"widget\" data-e-type=\"widget\" data-widget_type=\"divider.default\">\n\t\t\t\t\t\t\t<div class=\"elementor-divider\" style=\"--divider-pattern-url: url(&quot;data:image\/svg+xml,%3Csvg xmlns=&#039;http:\/\/www.w3.org\/2000\/svg&#039; preserveAspectRatio=&#039;none&#039; overflow=&#039;visible&#039; height=&#039;100%&#039; viewBox=&#039;0 0 20 16&#039; fill=&#039;none&#039; stroke=&#039;black&#039; stroke-width=&#039;1&#039; stroke-linecap=&#039;square&#039; stroke-miterlimit=&#039;10&#039;%3E%3Cg transform=&#039;translate(-12.000000, 0)&#039;%3E%3Cpath d=&#039;M28,0L10,18&#039;\/%3E%3Cpath d=&#039;M18,0L0,18&#039;\/%3E%3Cpath d=&#039;M48,0L30,18&#039;\/%3E%3Cpath d=&#039;M38,0L20,18&#039;\/%3E%3C\/g%3E%3C\/svg%3E&quot;);\">\n\t\t\t<span class=\"elementor-divider-separator\">\n\t\t\t\t\t\t<\/span>\n\t\t<\/div>\n\t\t\t\t\t\t<\/div>\n\t\t\t\t<\/div>\n\t\t\t\t\t<\/div>\n\t\t\t\t<\/div>\n\t\t\t\t<\/div>\n\t\t","protected":false},"excerpt":{"rendered":"<p>Dr. Josip Zeki\u0107, PhD, univ. mag. pha., univ. spec. med., Facharzt f\u00fcr p\u00e4diatrische Dermato-Venerologie, ist unserem Team beigetreten und hat mit seinem Wissen und seiner Erfahrung das medizinische Angebot der Burow Clinic bereichert. Mit \u00fcber 10 Jahren Erfahrung an der Klinik f\u00fcr Kinderkrankheiten und einer umfangreichen wissenschaftlichen Ausbildung bietet er umfassende dermatologische und \u00e4sthetische Betreuung [&hellip;]<\/p>\n","protected":false},"author":1,"featured_media":3700,"parent":1692,"menu_order":8,"comment_status":"closed","ping_status":"closed","template":"","meta":{"footnotes":""},"class_list":["post-3429","page","type-page","status-publish","has-post-thumbnail","hentry"],"_links":{"self":[{"href":"https:\/\/burow.hr\/de\/wp-json\/wp\/v2\/pages\/3429","targetHints":{"allow":["GET"]}}],"collection":[{"href":"https:\/\/burow.hr\/de\/wp-json\/wp\/v2\/pages"}],"about":[{"href":"https:\/\/burow.hr\/de\/wp-json\/wp\/v2\/types\/page"}],"author":[{"embeddable":true,"href":"https:\/\/burow.hr\/de\/wp-json\/wp\/v2\/users\/1"}],"replies":[{"embeddable":true,"href":"https:\/\/burow.hr\/de\/wp-json\/wp\/v2\/comments?post=3429"}],"version-history":[{"count":12,"href":"https:\/\/burow.hr\/de\/wp-json\/wp\/v2\/pages\/3429\/revisions"}],"predecessor-version":[{"id":3917,"href":"https:\/\/burow.hr\/de\/wp-json\/wp\/v2\/pages\/3429\/revisions\/3917"}],"up":[{"embeddable":true,"href":"https:\/\/burow.hr\/de\/wp-json\/wp\/v2\/pages\/1692"}],"wp:featuredmedia":[{"embeddable":true,"href":"https:\/\/burow.hr\/de\/wp-json\/wp\/v2\/media\/3700"}],"wp:attachment":[{"href":"https:\/\/burow.hr\/de\/wp-json\/wp\/v2\/media?parent=3429"}],"curies":[{"name":"wp","href":"https:\/\/api.w.org\/{rel}","templated":true}]}}