{"id":3097,"date":"2025-04-24T14:24:57","date_gmt":"2025-04-24T12:24:57","guid":{"rendered":"https:\/\/burow.hr\/behandlungen\/gesichtsaesthetik\/prf-therapie-cleopatra-behandlung\/"},"modified":"2025-10-25T15:48:43","modified_gmt":"2025-10-25T13:48:43","slug":"prf-therapie-cleopatra-behandlung","status":"publish","type":"page","link":"https:\/\/burow.hr\/de\/behandlungen\/gesichtsaesthetik\/prf-therapie-cleopatra-behandlung\/","title":{"rendered":"PRF-Therapie (Cleopatra-Behandlung)"},"content":{"rendered":"\t\t<div data-elementor-type=\"wp-page\" data-elementor-id=\"3097\" class=\"elementor elementor-3097 elementor-2994\" data-elementor-post-type=\"page\">\n\t\t\t\t<div class=\"elementor-element elementor-element-ea3ca96 e-flex e-con-boxed e-con e-parent\" data-id=\"ea3ca96\" data-element_type=\"container\" data-e-type=\"container\">\n\t\t\t\t\t<div class=\"e-con-inner\">\n\t\t<div class=\"elementor-element elementor-element-7297e67 e-con-full e-flex e-con e-child\" data-id=\"7297e67\" data-element_type=\"container\" data-e-type=\"container\">\n\t\t\t\t<div class=\"elementor-element elementor-element-afbad66 elementor-widget elementor-widget-image\" data-id=\"afbad66\" data-element_type=\"widget\" data-e-type=\"widget\" data-widget_type=\"image.default\">\n\t\t\t\t\t\t\t\t\t\t\t\t\t\t\t<img fetchpriority=\"high\" decoding=\"async\" width=\"2000\" height=\"1190\" src=\"https:\/\/burow.hr\/wp-content\/uploads\/2025\/01\/PRF-Tretman-1.jpg\" class=\"attachment-full size-full wp-image-1612\" alt=\"\" srcset=\"https:\/\/burow.hr\/wp-content\/uploads\/2025\/01\/PRF-Tretman-1.jpg 2000w, https:\/\/burow.hr\/wp-content\/uploads\/2025\/01\/PRF-Tretman-1-300x179.jpg 300w, https:\/\/burow.hr\/wp-content\/uploads\/2025\/01\/PRF-Tretman-1-1024x609.jpg 1024w, https:\/\/burow.hr\/wp-content\/uploads\/2025\/01\/PRF-Tretman-1-768x457.jpg 768w, https:\/\/burow.hr\/wp-content\/uploads\/2025\/01\/PRF-Tretman-1-1536x914.jpg 1536w\" sizes=\"(max-width: 2000px) 100vw, 2000px\" \/>\t\t\t\t\t\t\t\t\t\t\t\t\t\t\t<\/div>\n\t\t\t\t<div class=\"elementor-element elementor-element-c683fe3 elementor-widget__width-auto elementor-absolute elementor-hidden-mobile elementor-widget elementor-widget-heading\" data-id=\"c683fe3\" data-element_type=\"widget\" data-e-type=\"widget\" data-settings=\"{&quot;_position&quot;:&quot;absolute&quot;}\" data-widget_type=\"heading.default\">\n\t\t\t\t\t<h2 class=\"elementor-heading-title elementor-size-default\">Behandlung mit Ihrem eigenen Blut <br><small>(Cleopatrin Tretman) <\/small><\/h2>\t\t\t\t<\/div>\n\t\t\t\t<div class=\"elementor-element elementor-element-ad642b8 elementor-hidden-desktop elementor-hidden-tablet elementor-widget elementor-widget-heading\" data-id=\"ad642b8\" data-element_type=\"widget\" data-e-type=\"widget\" data-widget_type=\"heading.default\">\n\t\t\t\t\t<h2 class=\"elementor-heading-title elementor-size-default\">Behandlung mit Ihrem eigenen Blut <br><small>(Cleopatrin Tretman) <\/small><\/h2>\t\t\t\t<\/div>\n\t\t\t\t<\/div>\n\t\t\t\t<div class=\"elementor-element elementor-element-fe6f2b2 elementor-widget elementor-widget-text-editor\" data-id=\"fe6f2b2\" data-element_type=\"widget\" data-e-type=\"widget\" data-widget_type=\"text-editor.default\">\n\t\t\t\t\t\t\t\t\t<p>PRF ist eine Abk\u00fcrzung f\u00fcr den Begriff \u201epl\u00e4ttchenreiches Fibrin\u201c, was \u201etrombozytenangereichertes Fibrin\u201c bedeutet. PRF hat eine breite Palette von Indikationen in der Dermatologie, Kosmetik, Zahnmedizin, Orthop\u00e4die und anderen medizinischen Bereichen. Es wird auch \u201eVampirbehandlung\u201c genannt. Es wird verwendet, um verschiedene Erkrankungen zu behandeln und um die Haut zu verj\u00fcngen.<\/p>\n\t\t\t\t\t\t\t\t<\/div>\n\t\t\t\t\t<\/div>\n\t\t\t\t<\/div>\n\t\t<div class=\"elementor-element elementor-element-fcff868 e-flex e-con-boxed e-con e-parent\" data-id=\"fcff868\" data-element_type=\"container\" data-e-type=\"container\">\n\t\t\t\t\t<div class=\"e-con-inner\">\n\t\t<div class=\"elementor-element elementor-element-46a149f e-con-full e-flex e-con e-child\" data-id=\"46a149f\" data-element_type=\"container\" data-e-type=\"container\">\n\t\t\t\t<div class=\"elementor-element elementor-element-30da0b1 elementor-widget elementor-widget-video\" data-id=\"30da0b1\" data-element_type=\"widget\" data-e-type=\"widget\" data-settings=\"{&quot;youtube_url&quot;:&quot;https:\\\/\\\/www.youtube.com\\\/watch?v=nJbm7ga1zek&quot;,&quot;video_type&quot;:&quot;youtube&quot;,&quot;controls&quot;:&quot;yes&quot;}\" data-widget_type=\"video.default\">\n\t\t\t\t\t\t\t<div class=\"elementor-wrapper elementor-open-inline\">\n\t\t\t<div class=\"elementor-video\"><\/div>\t\t<\/div>\n\t\t\t\t\t\t<\/div>\n\t\t\t\t<\/div>\n\t\t<div class=\"elementor-element elementor-element-0e6d72f e-con-full e-flex e-con e-child\" data-id=\"0e6d72f\" data-element_type=\"container\" data-e-type=\"container\" data-settings=\"{&quot;background_background&quot;:&quot;classic&quot;}\">\n\t\t\t\t<div class=\"elementor-element elementor-element-d201f5d elementor-widget elementor-widget-text-editor\" data-id=\"d201f5d\" data-element_type=\"widget\" data-e-type=\"widget\" data-widget_type=\"text-editor.default\">\n\t\t\t\t\t\t\t\t\t<p><strong>I-PRF (PRF (Injizierbares blutpl\u00e4ttchenreiches Fibrin)<\/strong>&nbsp;ist eine neue Methode, die pl\u00e4ttchenreiches Fibrinogen enth\u00e4lt, das zur leichteren Injektion in fl\u00fcssiger Form verwendet wird. Das Blut des Patienten wird in R\u00f6hrchen ohne Gerinnungsmittel zentrifugiert, daher ist das erhaltene Pr\u00e4parat 100% nat\u00fcrlich und wird als solches auf die Haut aufgetragen. Es ist ein revolution\u00e4rer Prozess der Hautverj\u00fcngung und -Regeneration unter Verwendung von Stammzellen und Wachstumsfaktoren aus dem eigenen Blut. Unser Blut enth\u00e4lt spezifische Wachstumsfaktoren, die die Proliferation von Fibroblasten und Keratinozyten stimulieren. Diese Zellen sind an der Produktion von Kollagen und Keratin beteiligt und spielen eine wichtige Rolle bei der Regeneration gesch\u00e4digter Zellen und bei der Schaffung neuer Blutgef\u00e4\u00dfe, wodurch junges Gewebe entsteht.<\/p>\n<p>Die Behandlung kann mit verschiedenen Materialien wie Hyalurons\u00e4ure und Vitaminen kombiniert werden. Diese Behandlung wird nach Professor Cleopatra Nacopoulos, der sie entwickelt hat, als Cleopatra-Behandlung bezeichnet.<\/p>\n<p>Die Behandlung wird in individuellen Abst\u00e4nden durchgef\u00fchrt . Nach nur einer Behandlung ist eine Verbesserung von bis zu 30% sichtbar. Es ist w\u00fcnschenswert drei Behandlungen durchzuf\u00fchren. Danach wird empfohlen, die Behandlung einmal im Jahr zu wiederholen.<\/p>\n\t\t\t\t\t\t\t\t<\/div>\n\t\t\t\t<\/div>\n\t\t\t\t\t<\/div>\n\t\t\t\t<\/div>\n\t\t<div class=\"elementor-element elementor-element-de8d6a9 e-flex e-con-boxed e-con e-parent\" data-id=\"de8d6a9\" data-element_type=\"container\" data-e-type=\"container\" data-settings=\"{&quot;background_background&quot;:&quot;gradient&quot;}\">\n\t\t\t\t\t<div class=\"e-con-inner\">\n\t\t<div class=\"elementor-element elementor-element-848a663 e-con-full e-flex e-con e-child\" data-id=\"848a663\" data-element_type=\"container\" data-e-type=\"container\">\n\t\t<div class=\"elementor-element elementor-element-cd7a5b2 e-con-full e-flex e-con e-child\" data-id=\"cd7a5b2\" data-element_type=\"container\" data-e-type=\"container\" data-settings=\"{&quot;sticky&quot;:&quot;top&quot;,&quot;sticky_on&quot;:[&quot;desktop&quot;,&quot;tablet&quot;],&quot;sticky_offset&quot;:30,&quot;sticky_parent&quot;:&quot;yes&quot;,&quot;sticky_effects_offset&quot;:0,&quot;sticky_anchor_link_offset&quot;:0}\">\n\t\t\t\t<div class=\"elementor-element elementor-element-05dd5a9 elementor-widget elementor-widget-heading\" data-id=\"05dd5a9\" data-element_type=\"widget\" data-e-type=\"widget\" data-widget_type=\"heading.default\">\n\t\t\t\t\t<h2 class=\"elementor-heading-title elementor-size-default\">PRF-Therapie wird verwendet f\u00fcr:<\/h2>\t\t\t\t<\/div>\n\t\t\t\t<div class=\"elementor-element elementor-element-eafcce4 elementor-icon-list--layout-traditional elementor-list-item-link-full_width elementor-widget elementor-widget-icon-list\" data-id=\"eafcce4\" data-element_type=\"widget\" data-e-type=\"widget\" data-widget_type=\"icon-list.default\">\n\t\t\t\t\t\t\t<ul class=\"elementor-icon-list-items\">\n\t\t\t\t\t\t\t<li class=\"elementor-icon-list-item\">\n\t\t\t\t\t\t\t\t\t\t\t<span class=\"elementor-icon-list-icon\">\n\t\t\t\t\t\t\t<svg aria-hidden=\"true\" class=\"e-font-icon-svg e-fas-check\" viewBox=\"0 0 512 512\" xmlns=\"http:\/\/www.w3.org\/2000\/svg\"><path d=\"M173.898 439.404l-166.4-166.4c-9.997-9.997-9.997-26.206 0-36.204l36.203-36.204c9.997-9.998 26.207-9.998 36.204 0L192 312.69 432.095 72.596c9.997-9.997 26.207-9.997 36.204 0l36.203 36.204c9.997 9.997 9.997 26.206 0 36.204l-294.4 294.401c-9.998 9.997-26.207 9.997-36.204-.001z\"><\/path><\/svg>\t\t\t\t\t\t<\/span>\n\t\t\t\t\t\t\t\t\t\t<span class=\"elementor-icon-list-text\">Reduktion der Glabellalinien (Zornesfalten zwischen den Augenbrauen)<\/span>\n\t\t\t\t\t\t\t\t\t<\/li>\n\t\t\t\t\t\t\t\t<li class=\"elementor-icon-list-item\">\n\t\t\t\t\t\t\t\t\t\t\t<span class=\"elementor-icon-list-icon\">\n\t\t\t\t\t\t\t<svg aria-hidden=\"true\" class=\"e-font-icon-svg e-fas-check\" viewBox=\"0 0 512 512\" xmlns=\"http:\/\/www.w3.org\/2000\/svg\"><path d=\"M173.898 439.404l-166.4-166.4c-9.997-9.997-9.997-26.206 0-36.204l36.203-36.204c9.997-9.998 26.207-9.998 36.204 0L192 312.69 432.095 72.596c9.997-9.997 26.207-9.997 36.204 0l36.203 36.204c9.997 9.997 9.997 26.206 0 36.204l-294.4 294.401c-9.998 9.997-26.207 9.997-36.204-.001z\"><\/path><\/svg>\t\t\t\t\t\t<\/span>\n\t\t\t\t\t\t\t\t\t\t<span class=\"elementor-icon-list-text\">Faltenreduzierung \"Stirnrunzeln\"<\/span>\n\t\t\t\t\t\t\t\t\t<\/li>\n\t\t\t\t\t\t\t\t<li class=\"elementor-icon-list-item\">\n\t\t\t\t\t\t\t\t\t\t\t<span class=\"elementor-icon-list-icon\">\n\t\t\t\t\t\t\t<svg aria-hidden=\"true\" class=\"e-font-icon-svg e-fas-check\" viewBox=\"0 0 512 512\" xmlns=\"http:\/\/www.w3.org\/2000\/svg\"><path d=\"M173.898 439.404l-166.4-166.4c-9.997-9.997-9.997-26.206 0-36.204l36.203-36.204c9.997-9.998 26.207-9.998 36.204 0L192 312.69 432.095 72.596c9.997-9.997 26.207-9.997 36.204 0l36.203 36.204c9.997 9.997 9.997 26.206 0 36.204l-294.4 294.401c-9.998 9.997-26.207 9.997-36.204-.001z\"><\/path><\/svg>\t\t\t\t\t\t<\/span>\n\t\t\t\t\t\t\t\t\t\t<span class=\"elementor-icon-list-text\">Verbesserung des Erscheinungsbildes von Falten um Augen und Mund<\/span>\n\t\t\t\t\t\t\t\t\t<\/li>\n\t\t\t\t\t\t\t\t<li class=\"elementor-icon-list-item\">\n\t\t\t\t\t\t\t\t\t\t\t<span class=\"elementor-icon-list-icon\">\n\t\t\t\t\t\t\t<svg aria-hidden=\"true\" class=\"e-font-icon-svg e-fas-check\" viewBox=\"0 0 512 512\" xmlns=\"http:\/\/www.w3.org\/2000\/svg\"><path d=\"M173.898 439.404l-166.4-166.4c-9.997-9.997-9.997-26.206 0-36.204l36.203-36.204c9.997-9.998 26.207-9.998 36.204 0L192 312.69 432.095 72.596c9.997-9.997 26.207-9.997 36.204 0l36.203 36.204c9.997 9.997 9.997 26.206 0 36.204l-294.4 294.401c-9.998 9.997-26.207 9.997-36.204-.001z\"><\/path><\/svg>\t\t\t\t\t\t<\/span>\n\t\t\t\t\t\t\t\t\t\t<span class=\"elementor-icon-list-text\">Reduktion der Nasolabialfalten<\/span>\n\t\t\t\t\t\t\t\t\t<\/li>\n\t\t\t\t\t\t\t\t<li class=\"elementor-icon-list-item\">\n\t\t\t\t\t\t\t\t\t\t\t<span class=\"elementor-icon-list-icon\">\n\t\t\t\t\t\t\t<svg aria-hidden=\"true\" class=\"e-font-icon-svg e-fas-check\" viewBox=\"0 0 512 512\" xmlns=\"http:\/\/www.w3.org\/2000\/svg\"><path d=\"M173.898 439.404l-166.4-166.4c-9.997-9.997-9.997-26.206 0-36.204l36.203-36.204c9.997-9.998 26.207-9.998 36.204 0L192 312.69 432.095 72.596c9.997-9.997 26.207-9.997 36.204 0l36.203 36.204c9.997 9.997 9.997 26.206 0 36.204l-294.4 294.401c-9.998 9.997-26.207 9.997-36.204-.001z\"><\/path><\/svg>\t\t\t\t\t\t<\/span>\n\t\t\t\t\t\t\t\t\t\t<span class=\"elementor-icon-list-text\">Reduzierung von Lachfalten<\/span>\n\t\t\t\t\t\t\t\t\t<\/li>\n\t\t\t\t\t\t\t\t<li class=\"elementor-icon-list-item\">\n\t\t\t\t\t\t\t\t\t\t\t<span class=\"elementor-icon-list-icon\">\n\t\t\t\t\t\t\t<svg aria-hidden=\"true\" class=\"e-font-icon-svg e-fas-check\" viewBox=\"0 0 512 512\" xmlns=\"http:\/\/www.w3.org\/2000\/svg\"><path d=\"M173.898 439.404l-166.4-166.4c-9.997-9.997-9.997-26.206 0-36.204l36.203-36.204c9.997-9.998 26.207-9.998 36.204 0L192 312.69 432.095 72.596c9.997-9.997 26.207-9.997 36.204 0l36.203 36.204c9.997 9.997 9.997 26.206 0 36.204l-294.4 294.401c-9.998 9.997-26.207 9.997-36.204-.001z\"><\/path><\/svg>\t\t\t\t\t\t<\/span>\n\t\t\t\t\t\t\t\t\t\t<span class=\"elementor-icon-list-text\">Behandlung von durch Akne verursachten Narben<\/span>\n\t\t\t\t\t\t\t\t\t<\/li>\n\t\t\t\t\t\t\t\t<li class=\"elementor-icon-list-item\">\n\t\t\t\t\t\t\t\t\t\t\t<span class=\"elementor-icon-list-icon\">\n\t\t\t\t\t\t\t<svg aria-hidden=\"true\" class=\"e-font-icon-svg e-fas-check\" viewBox=\"0 0 512 512\" xmlns=\"http:\/\/www.w3.org\/2000\/svg\"><path d=\"M173.898 439.404l-166.4-166.4c-9.997-9.997-9.997-26.206 0-36.204l36.203-36.204c9.997-9.998 26.207-9.998 36.204 0L192 312.69 432.095 72.596c9.997-9.997 26.207-9.997 36.204 0l36.203 36.204c9.997 9.997 9.997 26.206 0 36.204l-294.4 294.401c-9.998 9.997-26.207 9.997-36.204-.001z\"><\/path><\/svg>\t\t\t\t\t\t<\/span>\n\t\t\t\t\t\t\t\t\t\t<span class=\"elementor-icon-list-text\">Verj\u00fcngung der Haut an den H\u00e4nden und anderen K\u00f6rperteilen<\/span>\n\t\t\t\t\t\t\t\t\t<\/li>\n\t\t\t\t\t\t\t\t<li class=\"elementor-icon-list-item\">\n\t\t\t\t\t\t\t\t\t\t\t<span class=\"elementor-icon-list-icon\">\n\t\t\t\t\t\t\t<svg aria-hidden=\"true\" class=\"e-font-icon-svg e-fas-check\" viewBox=\"0 0 512 512\" xmlns=\"http:\/\/www.w3.org\/2000\/svg\"><path d=\"M173.898 439.404l-166.4-166.4c-9.997-9.997-9.997-26.206 0-36.204l36.203-36.204c9.997-9.998 26.207-9.998 36.204 0L192 312.69 432.095 72.596c9.997-9.997 26.207-9.997 36.204 0l36.203 36.204c9.997 9.997 9.997 26.206 0 36.204l-294.4 294.401c-9.998 9.997-26.207 9.997-36.204-.001z\"><\/path><\/svg>\t\t\t\t\t\t<\/span>\n\t\t\t\t\t\t\t\t\t\t<span class=\"elementor-icon-list-text\">Stimulierendes Haarwachstum auf der Kopfhaut<\/span>\n\t\t\t\t\t\t\t\t\t<\/li>\n\t\t\t\t\t\t<\/ul>\n\t\t\t\t\t\t<\/div>\n\t\t\t\t<div class=\"elementor-element elementor-element-11c08ff elementor-alert-warning elementor-widget elementor-widget-alert\" data-id=\"11c08ff\" data-element_type=\"widget\" data-e-type=\"widget\" data-widget_type=\"alert.default\">\n\t\t\t\t\t\t\t<div class=\"elementor-alert\" role=\"alert\">\n\n\t\t\t\n\t\t\t\t\t\t<span class=\"elementor-alert-description\"><p>Die PRF-Therapie wird NICHT bei Thrombozytenfunktionsst\u00f6rungen, kritischer Thrombozytopenie, h\u00e4modynamischer Instabilit\u00e4t, Autoimmunerkrankungen, Sepsis, akuten und chronischen Erkrankungen, Schwangerschaft, chronischer Lebererkrankung und Antikoagulanzientherapie, aktiven Hautinfektionen, aktiver Akne und Keloidnarben angewendet.<\/p>\n<\/span>\n\t\t\t\n\t\t\t\n\t\t<\/div>\n\t\t\t\t\t\t<\/div>\n\t\t\t\t<\/div>\n\t\t\t\t<\/div>\n\t\t<div class=\"elementor-element elementor-element-e3c3e23 e-con-full e-flex e-con e-child\" data-id=\"e3c3e23\" data-element_type=\"container\" data-e-type=\"container\">\n\t\t<div class=\"elementor-element elementor-element-4f81277 e-con-full animated-fast e-flex elementor-invisible e-con e-child\" data-id=\"4f81277\" data-element_type=\"container\" data-e-type=\"container\" data-settings=\"{&quot;background_background&quot;:&quot;classic&quot;,&quot;animation&quot;:&quot;fadeInRight&quot;}\">\n\t\t\t\t<div class=\"elementor-element elementor-element-a3cdc41 elementor-widget elementor-widget-heading\" data-id=\"a3cdc41\" data-element_type=\"widget\" data-e-type=\"widget\" data-widget_type=\"heading.default\">\n\t\t\t\t\t<h3 class=\"elementor-heading-title elementor-size-default\">Vorbereitung und Anwendung<\/h3>\t\t\t\t<\/div>\n\t\t\t\t<div class=\"elementor-element elementor-element-380ad3a elementor-widget elementor-widget-text-editor\" data-id=\"380ad3a\" data-element_type=\"widget\" data-e-type=\"widget\" data-widget_type=\"text-editor.default\">\n\t\t\t\t\t\t\t\t\t<p>Die PRF-Therapie wird schnell und einfach durchgef\u00fchrt. Vor der Behandlung nehmen die \u00c4rzte 10 bis 20 ml Ihres Blutes nach einem Standardverfahren. Der Schmerz, den Sie f\u00fchlen werden, ist minimal und vernachl\u00e4ssigbar, genauso wie bei einer klassischen Blutabnahme. Danach verwendet der Arzt eine spezielle Technik, d.h. eine Hochgeschwindigkeitszentrifuge, um das Plasma von den anderen Bestandteilen Ihres Blutes zu trennen.<\/p>\n<p>PRF ist eine relativ schnelle Behandlung. Die Gesichtsreinigung und Anwendung der An\u00e4sthesie (topische oder lokale An\u00e4sthesie) dauert normalerweise 15 bis 45 Minuten, w\u00e4hrend der Eingriff selbst nur 20 bis 30 Minuten dauert. W\u00e4hrend der Behandlung haben einige Menschen Mikroblutungen, aber dies ist normal und Sie m\u00fcssen sich keine Sorgen machen .<\/p>\n<p>Bei manchen Menschen kommt es w\u00e4hrend der Behandlung zu Mikroblutungen. Dies ist jedoch normal und kein Grund zur Sorge.<\/p>\n\t\t\t\t\t\t\t\t<\/div>\n\t\t\t\t<\/div>\n\t\t<div class=\"elementor-element elementor-element-1957870 e-con-full animated-fast e-flex elementor-invisible e-con e-child\" data-id=\"1957870\" data-element_type=\"container\" data-e-type=\"container\" data-settings=\"{&quot;background_background&quot;:&quot;classic&quot;,&quot;animation&quot;:&quot;fadeInRight&quot;}\">\n\t\t\t\t<div class=\"elementor-element elementor-element-36616e2 elementor-widget elementor-widget-heading\" data-id=\"36616e2\" data-element_type=\"widget\" data-e-type=\"widget\" data-widget_type=\"heading.default\">\n\t\t\t\t\t<h3 class=\"elementor-heading-title elementor-size-default\">Erhohlungsphase<\/h3>\t\t\t\t<\/div>\n\t\t\t\t<div class=\"elementor-element elementor-element-9ecc0b6 elementor-widget elementor-widget-text-editor\" data-id=\"9ecc0b6\" data-element_type=\"widget\" data-e-type=\"widget\" data-widget_type=\"text-editor.default\">\n\t\t\t\t\t\t\t\t\t<p>Nach dem Eingriff k\u00f6nnen R\u00f6tungen, Schwellungen, minimale Beschwerden des behandelten Bereichs, Bluterg\u00fcsse, Trockenheit und Abplatzungen der Haut auftreten.<\/p>\n<p>Die meisten Patienten kehren unmittelbar nach der Behandlung zu ihren normalen Aktivit\u00e4ten zur\u00fcck.<\/p>\n<p>Erwarten Sie nicht, dass am Morgen nach einer Behandlung ein Wunder im Spiegel zu sehen ist. Schlie\u00dflich w\u00e4chst Kollagen nicht \u00fcber Nacht. Die ersten Ergebnisse sind nach einigen Wochen in Bezug auf Feuchtigkeit, Struktur und Hautton sichtbar. Die tats\u00e4chlichen Ergebnisse sind erst nach wenigen Monaten sichtbar, w\u00e4hrend die volle Wirkung f\u00fcr bis zu zwei Jahre erwartet wird. Nach dem 20. Lebensjahr nimmt die Kollagenproduktion j\u00e4hrlich um 1% ab. Ohne gen\u00fcgend Kollagen verliert die Haut an Form und es treten Falten auf. Kollagen geht aufgrund von Verletzungen wie Aknenarben, Dehnungsstreifen oder anderen Narben schneller verloren. W\u00e4hrend dieser Zeit nach der Behandlung wird die Haut revitalisiert, wird weicher, elastischer und verj\u00fcngt sich sichtbar. Mit der Zeit werden Falten weniger wahrnehmbar, Narben und Dehnungsstreifen verblassen langsam und die Haut sieht immer heller aus. Es ist wichtig zu verstehen, dass es mehrere Monate dauern kann, bis man alle Ergebnisse des Verfahrens sieht.<\/p>\n\t\t\t\t\t\t\t\t<\/div>\n\t\t\t\t<\/div>\n\t\t<div class=\"elementor-element elementor-element-eeb1e08 e-con-full animated-fast e-flex elementor-invisible e-con e-child\" data-id=\"eeb1e08\" data-element_type=\"container\" data-e-type=\"container\" data-settings=\"{&quot;background_background&quot;:&quot;classic&quot;,&quot;animation&quot;:&quot;fadeInRight&quot;}\">\n\t\t\t\t<div class=\"elementor-element elementor-element-eba8713 elementor-widget elementor-widget-heading\" data-id=\"eba8713\" data-element_type=\"widget\" data-e-type=\"widget\" data-widget_type=\"heading.default\">\n\t\t\t\t\t<h3 class=\"elementor-heading-title elementor-size-default\">Vorsichtsma\u00dfnahmen<\/h3>\t\t\t\t<\/div>\n\t\t\t\t<div class=\"elementor-element elementor-element-904aad2 elementor-widget elementor-widget-text-editor\" data-id=\"904aad2\" data-element_type=\"widget\" data-e-type=\"widget\" data-widget_type=\"text-editor.default\">\n\t\t\t\t\t\t\t\t\t<p>Die PRF-Stammzellverj\u00fcngungstherapie ist eine einfache und sichere Behandlung. Da PRP aus Ihrem Blut extrahiert wird, besteht keine M\u00f6glichkeit, Krankheiten, Allergien oder Immunreaktionen zu \u00fcbertragen.<\/p>\n<p>Die PRP-Therapie wird nicht angewendet, wenn Thrombozytenfunktionsst\u00f6rungen, kritische Thrombozytopenie, h\u00e4modynamische Instabilit\u00e4t, Autoimmunerkrankungen, Sepsis, akute und chronische Krankheiten, Schwangerschaft, chronische Lebererkrankung und Antikoagulationstherapie.<\/p>\n\t\t\t\t\t\t\t\t<\/div>\n\t\t\t\t<\/div>\n\t\t\t\t<\/div>\n\t\t\t\t\t<\/div>\n\t\t\t\t<\/div>\n\t\t\t\t<\/div>\n\t\t","protected":false},"excerpt":{"rendered":"<p>Behandlung mit Ihrem eigenen Blut (Cleopatrin Tretman) Behandlung mit Ihrem eigenen Blut (Cleopatrin Tretman) PRF ist eine Abk\u00fcrzung f\u00fcr den Begriff \u201epl\u00e4ttchenreiches Fibrin\u201c, was \u201etrombozytenangereichertes Fibrin\u201c bedeutet. PRF hat eine breite Palette von Indikationen in der Dermatologie, Kosmetik, Zahnmedizin, Orthop\u00e4die und anderen medizinischen Bereichen. Es wird auch \u201eVampirbehandlung\u201c genannt. Es wird verwendet, um verschiedene Erkrankungen [&hellip;]<\/p>\n","protected":false},"author":1,"featured_media":1612,"parent":1699,"menu_order":0,"comment_status":"closed","ping_status":"closed","template":"","meta":{"footnotes":""},"class_list":["post-3097","page","type-page","status-publish","has-post-thumbnail","hentry"],"_links":{"self":[{"href":"https:\/\/burow.hr\/de\/wp-json\/wp\/v2\/pages\/3097","targetHints":{"allow":["GET"]}}],"collection":[{"href":"https:\/\/burow.hr\/de\/wp-json\/wp\/v2\/pages"}],"about":[{"href":"https:\/\/burow.hr\/de\/wp-json\/wp\/v2\/types\/page"}],"author":[{"embeddable":true,"href":"https:\/\/burow.hr\/de\/wp-json\/wp\/v2\/users\/1"}],"replies":[{"embeddable":true,"href":"https:\/\/burow.hr\/de\/wp-json\/wp\/v2\/comments?post=3097"}],"version-history":[{"count":3,"href":"https:\/\/burow.hr\/de\/wp-json\/wp\/v2\/pages\/3097\/revisions"}],"predecessor-version":[{"id":3894,"href":"https:\/\/burow.hr\/de\/wp-json\/wp\/v2\/pages\/3097\/revisions\/3894"}],"up":[{"embeddable":true,"href":"https:\/\/burow.hr\/de\/wp-json\/wp\/v2\/pages\/1699"}],"wp:featuredmedia":[{"embeddable":true,"href":"https:\/\/burow.hr\/de\/wp-json\/wp\/v2\/media\/1612"}],"wp:attachment":[{"href":"https:\/\/burow.hr\/de\/wp-json\/wp\/v2\/media?parent=3097"}],"curies":[{"name":"wp","href":"https:\/\/api.w.org\/{rel}","templated":true}]}}