{"id":1718,"date":"2025-01-10T10:00:49","date_gmt":"2025-01-10T09:00:49","guid":{"rendered":"https:\/\/burow.hr\/datenschutz\/"},"modified":"2025-01-20T11:16:00","modified_gmt":"2025-01-20T10:16:00","slug":"datenschutz","status":"publish","type":"page","link":"https:\/\/burow.hr\/de\/datenschutz\/","title":{"rendered":"Datenschutz"},"content":{"rendered":"\t\t<div data-elementor-type=\"wp-page\" data-elementor-id=\"1718\" class=\"elementor elementor-1718 elementor-370\" data-elementor-post-type=\"page\">\n\t\t\t\t<div class=\"elementor-element elementor-element-21b6d5e e-flex e-con-boxed e-con e-parent\" data-id=\"21b6d5e\" data-element_type=\"container\" data-e-type=\"container\">\n\t\t\t\t\t<div class=\"e-con-inner\">\n\t\t\t\t<div class=\"elementor-element elementor-element-54f2bbae elementor-widget elementor-widget-text-editor\" data-id=\"54f2bbae\" data-element_type=\"widget\" data-e-type=\"widget\" data-widget_type=\"text-editor.default\">\n\t\t\t\t\t\t\t\t\t<h2>NUTZUNGSBEDINGUNGEN<\/h2>\nAuf der Website des Clinic Burow ver\u00f6ffentlichte Dokumente, Daten und Informationen d\u00fcrfen ohne Genehmigung nicht reproduziert, verbreitet oder in irgendeiner Weise f\u00fcr kommerzielle Zwecke verwendet oder auf irgendeine Weise verwendet werden kann dem Servicebesitzer oder Dritten Schaden zuf\u00fcgen. Die auf dieser Website ver\u00f6ffentlichten Dokumente, Daten und Informationen d\u00fcrfen nur f\u00fcr die individuellen Bed\u00fcrfnisse der Benutzer in \u00dcbereinstimmung mit allen Urheber- und Eigentumsrechten sowie den Rechten Dritter verwendet werden. Alle Texte und Fotos auf dieser Seite sind Eigentum des Autors und Eigent\u00fcmers der Website. Durch die Nutzung des Inhalts dieser Website akzeptiert der Benutzer alle Risiken, die sich aus der Nutzung dieser Website ergeben, und erkl\u00e4rt sich damit einverstanden, den Inhalt dieser Website ausschlie\u00dflich f\u00fcr den pers\u00f6nlichen Gebrauch und auf eigenes Risiko zu verwenden. Burow d.o.o. ist haftet nicht f\u00fcr Sch\u00e4den, die durch die Nutzung dieser Website entstehen oder in irgendeiner Weise damit zusammenh\u00e4ngen, f\u00fcr Handlungen des Benutzers, die durch die Nutzung oder den Missbrauch des Inhalts dieser Website verursacht werden, und f\u00fcr Sch\u00e4den, die auftreten k\u00f6nnen Der Benutzer oder Dritte im Zusammenhang mit der Nutzung oder dem Missbrauch des Inhalts dieser Website. Burow d.o.o. beh\u00e4lt sich das Recht vor, einen Teil und den gesamten auf dieser Website ver\u00f6ffentlichten Inhalt zu \u00e4ndern haftet nicht f\u00fcr m\u00f6gliche Konsequenzen, die sich aus solchen \u00c4nderungen ergeben. Diese Website kann auch Dokumente, Fotos, Daten, Informationen sowie Links zu anderen Websites enthalten, die von Dritten erstellt wurden und nach M\u00f6glichkeit als solche gekennzeichnet werden. Burow d.o.o. gibt es keine Kontrolle \u00fcber die angegebenen Dokumente , Fotos, Daten, Informationen oder andere Websites und sind nicht f\u00fcr deren Inhalt verantwortlich. Dies gilt insbesondere f\u00fcr die Richtigkeit, Vollst\u00e4ndigkeit und Verf\u00fcgbarkeit von Inhalten auf von Dritten erstellten Websites. Obwohl wir uns bem\u00fchen, korrekte Informationen bereitzustellen und diese in bester Absicht bereitzustellen, um Benutzer zu informieren, k\u00f6nnen wir keine Verantwortung f\u00fcr den Fall \u00fcbernehmen, dass einige Informationen ungenau oder unvollst\u00e4ndig sind. Die Informationen auf dieser Website k\u00f6nnen Ungenauigkeiten oder Tippfehler enthalten. Wir untersagen ausdr\u00fccklich die Nutzung der Website in einer Weise und \/ oder zu Zwecken, die direkt oder indirekt gegen geltendes Recht oder gesetzliche Bestimmungen in der Republik Kroatien versto\u00dfen. Crafts School Pouka beh\u00e4lt sich das Recht vor \u00c4ndern Sie diese allgemeinen Nutzungsbedingungen zu diesem Zeitpunkt und haften Sie nicht f\u00fcr m\u00f6gliche Konsequenzen, die sich aus solchen \u00c4nderungen ergeben. \u00c4nderungen der Allgemeinen Gesch\u00e4ftsbedingungen werden mit der Ver\u00f6ffentlichung auf dieser Website wirksam.   \n\n\n\n \n\n    \n\n \n<h2>SCHUTZ VON DATENSCHUTZ UND PERS\u00d6NLICHEN DATEN<\/h2>\nWir verpflichten uns, die Anonymit\u00e4t und den Datenschutz der Benutzer dieser Website zu respektieren. Durch den Besuch dieser Seite stimmen Sie der Verarbeitung Ihrer Daten zu. Das System sammelt die Mindestdatenmenge, die f\u00fcr jede Art der Verarbeitung erforderlich ist. Daten, die zur Analyse der Anzahl der Besuche \u00fcber das Google Analytics-System gesammelt wurden, werden f\u00fcr einen Zeitraum von 26 Monaten zur Verarbeitung gespeichert und anschlie\u00dfend automatisch gel\u00f6scht. Wir werden diese Daten auf unbestimmte Zeit sammeln und ausschlie\u00dflich zum Zweck der Analyse, des besseren Einblicks und Verst\u00e4ndnisses der individuellen Bed\u00fcrfnisse und Anforderungen der Benutzer sowie der Entwicklung von M\u00f6glichkeiten zur Bereitstellung aller Dienste und Site-Funktionen zur Kundenzufriedenheit verwenden. Wir verpflichten uns, diese Informationen ohne die ausdr\u00fcckliche Zustimmung des Benutzers keinem Dritten zur Verf\u00fcgung zu stellen. Sie k\u00f6nnen jederzeit die \u00c4nderung, den Export oder die L\u00f6schung Ihrer pers\u00f6nlichen Daten aus unserer Datenbank beantragen. Die Partnerunternehmen, die in Zusammenarbeit mit unserer Website als Verarbeiter fungieren, sind Google (Google Analytics).     \n\n \n<h2>KONTAKTFORMULAR<\/h2>\n\u00dcber das Kontaktformular auf unserer Website bitten wir Sie um einige Informationen. Wir verwenden die von uns \u00fcber das Formular angeforderten Informationen ausschlie\u00dflich zum Zwecke der Kommunikation mit Ihnen, um einen Service von h\u00f6chster Qualit\u00e4t zu bieten. Burow d.o.o. wird niemals personenbezogene Daten weitergeben, die \u00fcber Kontaktformulare gesammelt wurden.  \n<h3>Nutzungsbedingungen f\u00fcr Kontaktformulare<\/h3>\nBeim Senden sammeln und verarbeiten wir Ihre Daten mit Ihrer Zustimmung und gem\u00e4\u00df Artikel 7 des Datenschutzgesetzes, in dem Sie der Erhebung und Weiterverarbeitung Ihrer personenbezogenen Daten zum Zwecke der Beantwortung Ihrer Anfragen oder des Versands von Newslettern frei und ausdr\u00fccklich zustimmen. Dieser Teil des Datenschutzes wird durch die Datenschutzerkl\u00e4rung und die Vertraulichkeit personenbezogener Daten geregelt. Zun\u00e4chst speichern wir Ihre Daten und Sie k\u00f6nnen jederzeit darauf zugreifen, sie \u00e4ndern oder vollst\u00e4ndig entfernen.   \n<h2>SOZIALE NETZWERKE<\/h2>\nUnsere Dienste verwenden m\u00f6glicherweise Social Media-Plugins. Wenn Sie einen Dienst nutzen, der Plugins enth\u00e4lt, k\u00f6nnen Daten von Ihrem Ger\u00e4t direkt an den Betreiber des sozialen Netzwerks \u00fcbertragen werden. Auf die Daten, die das Supplement erhebt, haben wir keinen Einfluss. Wenn Sie bei einem sozialen Netzwerk angemeldet sind, kann Ihre Nutzung des Dienstes auf Ihr Konto im sozialen Netzwerk verweisen. Wenn Sie mit den Plugins interagieren, zum Beispiel auf \u201eGef\u00e4llt mir\u201c, \u201eFolgen\u201c oder \u201eTeilen\u201c klicken oder einen Kommentar eingeben, werden die Daten m\u00f6glicherweise automatisch auf Ihrem Profil im sozialen Netzwerk angezeigt. Auch wenn Sie nicht bei einem sozialen Netzwerk eingeloggt sind, besteht die M\u00f6glichkeit, dass die Plugins Ihre IP-Adresse an den Betreiber des sozialen Netzwerks \u00fcbermitteln. Bitte beachten Sie dies, wenn Sie unsere Dienste nutzen.      \n<h2>In unseren Diensten verwendete Plugin-Betreiber<\/h2>\nWenn Sie Mitglied in einem oder mehreren der folgenden sozialen Netzwerke sind und nicht m\u00f6chten, dass der Betreiber Daten \u00fcber Ihre Nutzung der Dienste mit Ihren bereits beim Betreiber gespeicherten Mitgliedsdaten verkn\u00fcpft, melden Sie sich bitte vor der Nutzung unserer Dienste aus dem sozialen Netzwerk ab. Dienstleistungen.<br>\n<h3>Facebook<\/h3>\nDatenverantwortlicher: Facebook Ireland Limited, Hanover Reach, 5-7 Hanover Quay, 2 Dublin, Irland (\u201eFacebook\u201c). Weitere Informationen finden Sie in der Datenschutzrichtlinie von Facebook unter https:\/\/www.facebook.com\/about\/privacy\/. \n<h3>Google+, Google Adsense, Google Analytics<\/h3>\nVerantwortlicher f\u00fcr die Datenverarbeitung: Google Inc., Amphitheatre Parkway, Mountain View, CA 94043, USA (\u201eGoogle\u201c). Weitere Informationen finden Sie in der Datenschutzrichtlinie von Google unter https:\/\/www.google.com\/privacy.<br> \n<h3>LinkedIn<\/h3>\nDatenverantwortlicher: LinkedIn Ireland, Gardner House, Wilton Place, Wilton Plaza, Dublin 2, Irland (\u201eLinkedIn\u201c). Weitere Informationen finden Sie in der Datenschutzrichtlinie von LinkedIn unter http:\/\/www.linkedin.com\/legal\/privacy-policy?trk=hb_ft_priv. \n<h2>Nutzungsbedingungen und Verwendung von Cookies \/\/ Cookie-Richtlinie<\/h2>\nDamit diese Website ordnungsgem\u00e4\u00df funktioniert und wir weitere Verbesserungen an der Website vornehmen und Ihr Browser-Erlebnis verbessern k\u00f6nnen, muss diese Website eine kleine Menge an Informationen (Cookies) auf Ihrem Computer speichern. \u00dcber 90 % aller Websites verwenden dieses Verfahren, allerdings gem\u00e4\u00df den Vorschriften der Europ\u00e4ischen Union vom 25. M\u00e4rz 2011. und DSGVO-Verordnung vom 25.05.2018. Wir sind verpflichtet, vor der Speicherung von Cookies Ihr Einverst\u00e4ndnis einzuholen. Durch die Nutzung der Website stimmen Sie der Verwendung von Cookies zu. Wenn Sie Cookies blockieren, k\u00f6nnen Sie die Website zwar weiterhin durchsuchen, einige ihrer Funktionen stehen Ihnen dann jedoch nicht zur Verf\u00fcgung.     \n<h3>Was ist ein Cookie?<br><\/h3>\nEin Cookie ist eine Information, die von der von Ihnen besuchten Website auf Ihrem Computer gespeichert wird. Cookies speichern normalerweise Ihre Pr\u00e4ferenzen und Einstellungen f\u00fcr eine Website, beispielsweise Ihre bevorzugte Sprache oder Adresse. Wenn Sie dieselbe Website sp\u00e4ter erneut \u00f6ffnen, sendet der Internetbrowser die zu dieser Seite geh\u00f6renden Cookies zur\u00fcck. Dadurch kann die Site Informationen anzeigen, die auf Ihre Bed\u00fcrfnisse zugeschnitten sind. Cookies k\u00f6nnen zahlreiche Informationen speichern, darunter auch personenbezogene Daten (wie etwa Ihren Namen oder Ihre E-Mail-Adresse). Allerdings k\u00f6nnen diese Informationen nur gespeichert werden, wenn Sie es zulassen \u2013 Websites k\u00f6nnen nicht auf Informationen zugreifen, die Sie ihnen nicht gegeben haben, und k\u00f6nnen nicht auf andere Dateien auf Ihrem Computer zugreifen. Die standardm\u00e4\u00dfigen Aktivit\u00e4ten zum Speichern und Senden von Cookies sind f\u00fcr Sie nicht sichtbar. Sie k\u00f6nnen Ihre Browsereinstellungen jedoch so \u00e4ndern, dass Sie Cookie-Anfragen genehmigen oder ablehnen, gespeicherte Cookies beim Schlie\u00dfen Ihres Browsers automatisch l\u00f6schen usw. k\u00f6nnen.   \n\n   \n<h3>So deaktivieren Sie Cookies<\/h3>\nDurch die Deaktivierung von Cookies entscheiden Sie, ob Sie die Speicherung von Cookies auf Ihrem Computer zulassen m\u00f6chten. Cookie-Einstellungen k\u00f6nnen in Ihrem Webbrowser gesteuert und konfiguriert werden. Informationen zu den Cookie-Einstellungen entnehmen Sie bitte den Informationen zu Ihrem verwendeten Browser. Wenn Sie Cookies deaktivieren, k\u00f6nnen Sie einige Funktionen der Website nicht nutzen.   \n<h3>Was sind tempor\u00e4re Cookies?<\/h3>\nTempor\u00e4re Cookies oder Session-Cookies werden von Ihrem Computer gel\u00f6scht, wenn Sie Ihren Internetbrowser schlie\u00dfen. Sie werden von Websites zum Speichern tempor\u00e4rer Daten verwendet, beispielsweise Artikel in einem Einkaufswagen. \n<h3>Was sind dauerhafte Cookies?<\/h3>\nPermanente oder gespeicherte Cookies verbleiben auf Ihrem Computer, nachdem Sie Ihren Internetbrowser geschlossen haben. Sie erm\u00f6glichen es Websites, Informationen wie Ihren Anmeldenamen und Ihr Passwort zu speichern, sodass Sie sich nicht bei jedem Besuch einer bestimmten Site erneut anmelden m\u00fcssen. Dauerhafte Cookies verbleiben Tage, Monate oder sogar Jahre auf Ihrem Computer.  \n<h3>Was sind Erstanbieter-Cookies?<\/h3>\nErstanbieter-Cookies stammen von den von Ihnen aufgerufenen Websites und k\u00f6nnen dauerhaft oder vor\u00fcbergehend sein. Mit diesen Cookies k\u00f6nnen Websites Informationen speichern, die sie bei Ihrem n\u00e4chsten Besuch der Website wiederverwenden. \n<h3>Was sind Cookies von Drittanbietern?<\/h3>\nCookies von Drittanbietern stammen von Werbung anderer Websites (z. B. Popups oder andere Werbung), die auf der von Ihnen angezeigten Website erscheinen. Diese Cookies erm\u00f6glichen es Websites, die Internetnutzung zu Marketingzwecken zu verfolgen. \n<h3>Welche Cookies verwendet unsere Website und warum?<\/h3>\nSitzungscookies \u2013 dies sind tempor\u00e4re Cookies, die ablaufen (und automatisch gel\u00f6scht werden), wenn Sie Ihren Internetbrowser schlie\u00dfen. Wir verwenden Session-Cookies, um den Zugriff auf Inhalte zu erm\u00f6glichen. Dauerhafte Cookies \u2013 diese haben normalerweise ein Ablaufdatum weit in der Zukunft und verbleiben in Ihrem Browser, bis sie ablaufen oder bis Sie sie manuell l\u00f6schen.  \n<h3>Gibt es auf der Website Cookies von Drittanbietern?<br><\/h3>\nEs gibt mehrere externe Dienste, die begrenzte Cookies f\u00fcr den Benutzer speichern. Diese Cookies werden nicht von dieser Website gesetzt, einige dienen jedoch dem normalen Funktionieren bestimmter Funktionen, die den Benutzern den Zugriff auf Inhalte erleichtern. \n\n&nbsp;\t\t\t\t\t\t\t\t<\/div>\n\t\t\t\t\t<\/div>\n\t\t\t\t<\/div>\n\t\t\t\t<\/div>\n\t\t","protected":false},"excerpt":{"rendered":"<p>NUTZUNGSBEDINGUNGEN Auf der Website des Clinic Burow ver\u00f6ffentlichte Dokumente, Daten und Informationen d\u00fcrfen ohne Genehmigung nicht reproduziert, verbreitet oder in irgendeiner Weise f\u00fcr kommerzielle Zwecke verwendet oder auf irgendeine Weise verwendet werden kann dem Servicebesitzer oder Dritten Schaden zuf\u00fcgen. Die auf dieser Website ver\u00f6ffentlichten Dokumente, Daten und Informationen d\u00fcrfen nur f\u00fcr die individuellen Bed\u00fcrfnisse der [&hellip;]<\/p>\n","protected":false},"author":1,"featured_media":0,"parent":0,"menu_order":10,"comment_status":"closed","ping_status":"closed","template":"","meta":{"footnotes":""},"class_list":["post-1718","page","type-page","status-publish","hentry"],"_links":{"self":[{"href":"https:\/\/burow.hr\/de\/wp-json\/wp\/v2\/pages\/1718","targetHints":{"allow":["GET"]}}],"collection":[{"href":"https:\/\/burow.hr\/de\/wp-json\/wp\/v2\/pages"}],"about":[{"href":"https:\/\/burow.hr\/de\/wp-json\/wp\/v2\/types\/page"}],"author":[{"embeddable":true,"href":"https:\/\/burow.hr\/de\/wp-json\/wp\/v2\/users\/1"}],"replies":[{"embeddable":true,"href":"https:\/\/burow.hr\/de\/wp-json\/wp\/v2\/comments?post=1718"}],"version-history":[{"count":1,"href":"https:\/\/burow.hr\/de\/wp-json\/wp\/v2\/pages\/1718\/revisions"}],"predecessor-version":[{"id":1719,"href":"https:\/\/burow.hr\/de\/wp-json\/wp\/v2\/pages\/1718\/revisions\/1719"}],"wp:attachment":[{"href":"https:\/\/burow.hr\/de\/wp-json\/wp\/v2\/media?parent=1718"}],"curies":[{"name":"wp","href":"https:\/\/api.w.org\/{rel}","templated":true}]}}