{"id":1705,"date":"2025-01-09T07:37:30","date_gmt":"2025-01-09T06:37:30","guid":{"rendered":"https:\/\/burow.hr\/behandlungen\/zahnreinigung-prophylaxe\/"},"modified":"2025-09-23T09:51:06","modified_gmt":"2025-09-23T07:51:06","slug":"zahnreinigung-prophylaxe","status":"publish","type":"page","link":"https:\/\/burow.hr\/de\/behandlungen\/zahnreinigung-prophylaxe\/","title":{"rendered":"Zahnreinigung (Prophylaxe)"},"content":{"rendered":"\t\t<div data-elementor-type=\"wp-page\" data-elementor-id=\"1705\" class=\"elementor elementor-1705 elementor-48\" data-elementor-post-type=\"page\">\n\t\t\t\t<div class=\"elementor-element elementor-element-fc85b3a e-flex e-con-boxed e-con e-parent\" data-id=\"fc85b3a\" data-element_type=\"container\" data-e-type=\"container\">\n\t\t\t\t\t<div class=\"e-con-inner\">\n\t\t<div class=\"elementor-element elementor-element-4463074 e-con-full e-flex e-con e-child\" data-id=\"4463074\" data-element_type=\"container\" data-e-type=\"container\">\n\t\t\t\t<div class=\"elementor-element elementor-element-9bf3e84 elementor-widget elementor-widget-image\" data-id=\"9bf3e84\" data-element_type=\"widget\" data-e-type=\"widget\" data-widget_type=\"image.default\">\n\t\t\t\t\t\t\t\t\t\t\t\t\t\t\t<img fetchpriority=\"high\" decoding=\"async\" width=\"2560\" height=\"607\" src=\"https:\/\/burow.hr\/wp-content\/uploads\/2025\/03\/slika-za-web-profilaksa-2-scaled.jpg\" class=\"attachment-full size-full wp-image-2357\" alt=\"\" srcset=\"https:\/\/burow.hr\/wp-content\/uploads\/2025\/03\/slika-za-web-profilaksa-2-scaled.jpg 2560w, https:\/\/burow.hr\/wp-content\/uploads\/2025\/03\/slika-za-web-profilaksa-2-300x71.jpg 300w, https:\/\/burow.hr\/wp-content\/uploads\/2025\/03\/slika-za-web-profilaksa-2-1024x243.jpg 1024w, https:\/\/burow.hr\/wp-content\/uploads\/2025\/03\/slika-za-web-profilaksa-2-768x182.jpg 768w, https:\/\/burow.hr\/wp-content\/uploads\/2025\/03\/slika-za-web-profilaksa-2-1536x364.jpg 1536w, https:\/\/burow.hr\/wp-content\/uploads\/2025\/03\/slika-za-web-profilaksa-2-2048x486.jpg 2048w\" sizes=\"(max-width: 2560px) 100vw, 2560px\" \/>\t\t\t\t\t\t\t\t\t\t\t\t\t\t\t<\/div>\n\t\t\t\t<div class=\"elementor-element elementor-element-6950316 elementor-widget__width-auto elementor-absolute elementor-hidden-mobile elementor-widget elementor-widget-heading\" data-id=\"6950316\" data-element_type=\"widget\" data-e-type=\"widget\" data-settings=\"{&quot;_position&quot;:&quot;absolute&quot;}\" data-widget_type=\"heading.default\">\n\t\t\t\t\t<h2 class=\"elementor-heading-title elementor-size-default\">Zahnhygiene<br><small>Professionelle Zahnreinigung (Prophylaxe) <\/small><\/h2>\t\t\t\t<\/div>\n\t\t\t\t<div class=\"elementor-element elementor-element-70a48f0 elementor-hidden-desktop elementor-hidden-tablet elementor-widget elementor-widget-heading\" data-id=\"70a48f0\" data-element_type=\"widget\" data-e-type=\"widget\" data-widget_type=\"heading.default\">\n\t\t\t\t\t<h2 class=\"elementor-heading-title elementor-size-default\">Zahnhygiene<br><small>Professionelle Zahnreinigung (Prophylaxe) <\/small><\/h2>\t\t\t\t<\/div>\n\t\t\t\t<\/div>\n\t\t\t\t<div class=\"elementor-element elementor-element-25a1de7 elementor-widget elementor-widget-text-editor\" data-id=\"25a1de7\" data-element_type=\"widget\" data-e-type=\"widget\" data-widget_type=\"text-editor.default\">\n\t\t\t\t\t\t\t\t\t<p><strong>Prophylaxe <\/strong> ist in jedem Alter sinnvoll. Bei Kindern verwenden wir ein modifiziertes und individuelles Programm, bei dem neben dem Ziel der Zahnreinigung auch das Ziel besteht, Vertrauen zwischen dem Kind und dem Arzt zu gewinnen, was durch einen spielerischen Ansatz erreicht wird. <\/p>\n<p>Die Zahnhygiene umfasst in erster Linie zahn\u00e4rztliche Untersuchungen und Anweisungen zur Aufrechterhaltung der Zahnhygiene. Einige Bereiche kann der Patient nicht vollst\u00e4ndig selbst reinigen, daher ist eine professionelle Zahnreinigung sehr wichtig. Dies erfolgt in mehreren Schritten:  <\/p>\n<ol>\n<li>Erl\u00e4uterung Reihenfolge und Funktionsweise einer Prophylaxe<\/li>\n<li>Vollst\u00e4ndige Entfernung aller harten (Zahnstein und Verf\u00e4rbungen) und weichen (Plaque) Ablagerungen auf den Z\u00e4hnen und zug\u00e4nglichen Teilen der Zahnwurzeln<\/li>\n<li>Reinigung der zug\u00e4nglichen Zahnwurzel und der Interdentaloberfl\u00e4chen (ohne parodontale Eingriffe)<\/li>\n<li> Sandstrahlen und Polieren von Zahnkronenoberfl\u00e4chen und m\u00f6glicherweise klinisch sichtbaren Wurzeln mit speziellen Instrumenten und Polierpaste<\/li>\n<li>Anweisungen an den Patienten zur Aufrechterhaltung der Mundhygiene (Interdentalb\u00fcrsten, Zahnseide, Munddusche-Waterpik)<\/li>\n<li>Kontrolle, erg\u00e4nzende Reinigung und Fluoridierung der Z\u00e4hne<\/li>\n<\/ol>\n<p>Es ist ideal, die Prophylaxe alle sechs Monate zu wiederholen. Wir k\u00f6nnen die Zahnhygiene im Text nicht beschreiben, sie ist f\u00fcr jeden Patienten individuell. Ich empfehle Ihnen daher, einen Termin zu vereinbaren und alle M\u00f6glichkeiten der Zahnhygiene kennenzulernen.<\/p>\n\t\t\t\t\t\t\t\t<\/div>\n\t\t\t\t<div class=\"elementor-element elementor-element-71ea46d elementor-widget elementor-widget-video\" data-id=\"71ea46d\" data-element_type=\"widget\" data-e-type=\"widget\" data-settings=\"{&quot;youtube_url&quot;:&quot;https:\\\/\\\/youtu.be\\\/Ypq2lHYOlXE&quot;,&quot;video_type&quot;:&quot;youtube&quot;,&quot;controls&quot;:&quot;yes&quot;}\" data-widget_type=\"video.default\">\n\t\t\t\t\t\t\t<div class=\"elementor-wrapper elementor-open-inline\">\n\t\t\t<div class=\"elementor-video\"><\/div>\t\t<\/div>\n\t\t\t\t\t\t<\/div>\n\t\t\t\t\t<\/div>\n\t\t\t\t<\/div>\n\t\t<div class=\"elementor-element elementor-element-acb6446 e-flex e-con-boxed e-con e-parent\" data-id=\"acb6446\" data-element_type=\"container\" data-e-type=\"container\">\n\t\t\t\t\t<div class=\"e-con-inner\">\n\t\t\t\t<div class=\"elementor-element elementor-element-cdcecd5 elementor-widget-divider--separator-type-pattern elementor-widget-divider--view-line elementor-widget elementor-widget-divider\" data-id=\"cdcecd5\" data-element_type=\"widget\" data-e-type=\"widget\" data-widget_type=\"divider.default\">\n\t\t\t\t\t\t\t<div class=\"elementor-divider\" style=\"--divider-pattern-url: url(&quot;data:image\/svg+xml,%3Csvg xmlns=&#039;http:\/\/www.w3.org\/2000\/svg&#039; preserveAspectRatio=&#039;none&#039; overflow=&#039;visible&#039; height=&#039;100%&#039; viewBox=&#039;0 0 20 16&#039; fill=&#039;none&#039; stroke=&#039;black&#039; stroke-width=&#039;1&#039; stroke-linecap=&#039;square&#039; stroke-miterlimit=&#039;10&#039;%3E%3Cg transform=&#039;translate(-12.000000, 0)&#039;%3E%3Cpath d=&#039;M28,0L10,18&#039;\/%3E%3Cpath d=&#039;M18,0L0,18&#039;\/%3E%3Cpath d=&#039;M48,0L30,18&#039;\/%3E%3Cpath d=&#039;M38,0L20,18&#039;\/%3E%3C\/g%3E%3C\/svg%3E&quot;);\">\n\t\t\t<span class=\"elementor-divider-separator\">\n\t\t\t\t\t\t<\/span>\n\t\t<\/div>\n\t\t\t\t\t\t<\/div>\n\t\t\t\t\t<\/div>\n\t\t\t\t<\/div>\n\t\t<div class=\"elementor-element elementor-element-f81ad00 e-flex e-con-boxed e-con e-parent\" data-id=\"f81ad00\" data-element_type=\"container\" data-e-type=\"container\">\n\t\t\t\t\t<div class=\"e-con-inner\">\n\t\t<div class=\"elementor-element elementor-element-6715a39 e-con-full e-flex e-con e-child\" data-id=\"6715a39\" data-element_type=\"container\" data-e-type=\"container\">\n\t\t\t\t<div class=\"elementor-element elementor-element-c45dccb elementor-widget elementor-widget-image\" data-id=\"c45dccb\" data-element_type=\"widget\" data-e-type=\"widget\" data-widget_type=\"image.default\">\n\t\t\t\t\t\t\t\t\t\t\t\t\t\t\t<img decoding=\"async\" width=\"1997\" height=\"762\" src=\"https:\/\/burow.hr\/wp-content\/uploads\/2025\/01\/Izbjeljivanje-zubi-2.jpg\" class=\"attachment-full size-full wp-image-1564\" alt=\"\" srcset=\"https:\/\/burow.hr\/wp-content\/uploads\/2025\/01\/Izbjeljivanje-zubi-2.jpg 1997w, https:\/\/burow.hr\/wp-content\/uploads\/2025\/01\/Izbjeljivanje-zubi-2-300x114.jpg 300w, https:\/\/burow.hr\/wp-content\/uploads\/2025\/01\/Izbjeljivanje-zubi-2-1024x391.jpg 1024w, https:\/\/burow.hr\/wp-content\/uploads\/2025\/01\/Izbjeljivanje-zubi-2-768x293.jpg 768w, https:\/\/burow.hr\/wp-content\/uploads\/2025\/01\/Izbjeljivanje-zubi-2-1536x586.jpg 1536w\" sizes=\"(max-width: 1997px) 100vw, 1997px\" \/>\t\t\t\t\t\t\t\t\t\t\t\t\t\t\t<\/div>\n\t\t\t\t<div class=\"elementor-element elementor-element-0ae0d55 elementor-widget__width-auto elementor-absolute elementor-hidden-mobile elementor-widget elementor-widget-heading\" data-id=\"0ae0d55\" data-element_type=\"widget\" data-e-type=\"widget\" data-settings=\"{&quot;_position&quot;:&quot;absolute&quot;}\" data-widget_type=\"heading.default\">\n\t\t\t\t\t<h2 class=\"elementor-heading-title elementor-size-default\">Z\u00e4hne bleichen - Bleaching<\/h2>\t\t\t\t<\/div>\n\t\t\t\t<div class=\"elementor-element elementor-element-52f6913 elementor-hidden-desktop elementor-hidden-tablet elementor-widget elementor-widget-heading\" data-id=\"52f6913\" data-element_type=\"widget\" data-e-type=\"widget\" data-widget_type=\"heading.default\">\n\t\t\t\t\t<h2 class=\"elementor-heading-title elementor-size-default\">Z\u00e4hne bleichen - Bleaching<\/h2>\t\t\t\t<\/div>\n\t\t\t\t<\/div>\n\t\t\t\t\t<\/div>\n\t\t\t\t<\/div>\n\t\t<div class=\"elementor-element elementor-element-c2e42ce e-con-full e-flex e-con e-parent\" data-id=\"c2e42ce\" data-element_type=\"container\" data-e-type=\"container\" data-settings=\"{&quot;background_background&quot;:&quot;gradient&quot;}\">\n\t\t\t\t<div class=\"elementor-element elementor-element-fb954df elementor-widget elementor-widget-heading\" data-id=\"fb954df\" data-element_type=\"widget\" data-e-type=\"widget\" data-widget_type=\"heading.default\">\n\t\t\t\t\t<h3 class=\"elementor-heading-title elementor-size-default\">Es gibt zwei Methoden zur Zahnaufhellung:<\/h3>\t\t\t\t<\/div>\n\t\t<div class=\"elementor-element elementor-element-be8d695 e-con-full e-flex e-con e-child\" data-id=\"be8d695\" data-element_type=\"container\" data-e-type=\"container\">\n\t\t\t\t<div class=\"elementor-element elementor-element-715cc0d elementor-widget elementor-widget-text-editor\" data-id=\"715cc0d\" data-element_type=\"widget\" data-e-type=\"widget\" data-widget_type=\"text-editor.default\">\n\t\t\t\t\t\t\t\t\t<p>Zahnaufhellung ist eine Behandlung, die die nat\u00fcrliche Farbe Ihrer Z\u00e4hne aufhellt. Es geh\u00f6rt zur \u00e4sthetischen Zahnbehandlung mit Anwendung in Form von L\u00f6sungen oder Gelen, die Wasserstoffperoxid oder Harnstoffperoxid in verschiedenen Konzentrationen enthalten.<\/p>\n\t\t\t\t\t\t\t\t<\/div>\n\t\t\t\t<\/div>\n\t\t<div class=\"elementor-element elementor-element-2d23242 e-con-full e-flex e-con e-child\" data-id=\"2d23242\" data-element_type=\"container\" data-e-type=\"container\">\n\t\t<div class=\"elementor-element elementor-element-bad9d6d e-con-full e-flex e-con e-child\" data-id=\"bad9d6d\" data-element_type=\"container\" data-e-type=\"container\" data-settings=\"{&quot;background_background&quot;:&quot;classic&quot;}\">\n\t\t\t\t<div class=\"elementor-element elementor-element-ec1f06f elementor-widget elementor-widget-image\" data-id=\"ec1f06f\" data-element_type=\"widget\" data-e-type=\"widget\" data-widget_type=\"image.default\">\n\t\t\t\t\t\t\t\t\t\t\t\t\t\t\t<img decoding=\"async\" width=\"800\" height=\"534\" src=\"https:\/\/burow.hr\/wp-content\/uploads\/2025\/01\/Izbjeljivanje-zubi-4-1024x684.jpg\" class=\"attachment-large size-large wp-image-1568\" alt=\"\" srcset=\"https:\/\/burow.hr\/wp-content\/uploads\/2025\/01\/Izbjeljivanje-zubi-4-1024x684.jpg 1024w, https:\/\/burow.hr\/wp-content\/uploads\/2025\/01\/Izbjeljivanje-zubi-4-300x200.jpg 300w, https:\/\/burow.hr\/wp-content\/uploads\/2025\/01\/Izbjeljivanje-zubi-4-768x513.jpg 768w, https:\/\/burow.hr\/wp-content\/uploads\/2025\/01\/Izbjeljivanje-zubi-4-1536x1026.jpg 1536w, https:\/\/burow.hr\/wp-content\/uploads\/2025\/01\/Izbjeljivanje-zubi-4-2048x1368.jpg 2048w\" sizes=\"(max-width: 800px) 100vw, 800px\" \/>\t\t\t\t\t\t\t\t\t\t\t\t\t\t\t<\/div>\n\t\t\t\t<div class=\"elementor-element elementor-element-addcedf elementor-widget elementor-widget-heading\" data-id=\"addcedf\" data-element_type=\"widget\" data-e-type=\"widget\" data-widget_type=\"heading.default\">\n\t\t\t\t\t<h4 class=\"elementor-heading-title elementor-size-default\">Zahnbleaching in der Praxis<\/h4>\t\t\t\t<\/div>\n\t\t\t\t<div class=\"elementor-element elementor-element-bc27cdf elementor-widget elementor-widget-text-editor\" data-id=\"bc27cdf\" data-element_type=\"widget\" data-e-type=\"widget\" data-widget_type=\"text-editor.default\">\n\t\t\t\t\t\t\t\t\t<p>F\u00fcr Patienten, die wei\u00dfere Z\u00e4hne haben m\u00f6chten, planen wir zun\u00e4chst eine Untersuchung, um den Zustand und den Grad der Zahnverf\u00e4rbung zu beurteilen, und empfehlen die beste Methode, die ihren Bed\u00fcrfnissen entspricht. Vor dem Aufhellen ist es sinnvoll, Zahnstein und Pigmentierung der Z\u00e4hne gr\u00fcndlich zu entfernen. Somit erhalten wir die anf\u00e4ngliche Farbe der Z\u00e4hne und k\u00f6nnen den Aufhellungseffekt besser vorhersagen.<\/p>\n<p>Das Aufhellen der Z\u00e4hne wird mit Hilfe von Gelen und bei einigen Techniken mit Lichtquellen durchgef\u00fchrt, die die Wirkung von Gelen verbessern. Die Gel-Bleaching-Technik ist einfach und umfasst das Auftragen des Gels auf die Zahnoberfl\u00e4che f\u00fcr 3 \u00d7 15 Minuten. W\u00e4hrend der Behandlung selbst sitzt der Patient bequem im Behandlungsstuhl und ruht sich aus. Professionelles Aufhellen in der Praxis ist eine effektive und erfolgreiche Methode zum Aufhellen von Z\u00e4hnen.<\/p>\n\t\t\t\t\t\t\t\t<\/div>\n\t\t\t\t<\/div>\n\t\t<div class=\"elementor-element elementor-element-153f760 e-con-full e-flex e-con e-child\" data-id=\"153f760\" data-element_type=\"container\" data-e-type=\"container\" data-settings=\"{&quot;background_background&quot;:&quot;classic&quot;}\">\n\t\t\t\t<div class=\"elementor-element elementor-element-6800478 elementor-widget elementor-widget-image\" data-id=\"6800478\" data-element_type=\"widget\" data-e-type=\"widget\" data-widget_type=\"image.default\">\n\t\t\t\t\t\t\t\t\t\t\t\t\t\t\t<img loading=\"lazy\" decoding=\"async\" width=\"800\" height=\"534\" src=\"https:\/\/burow.hr\/wp-content\/uploads\/2025\/01\/Izbjeljivanje-home-1000-1.webp\" class=\"attachment-large size-large wp-image-1570\" alt=\"\" srcset=\"https:\/\/burow.hr\/wp-content\/uploads\/2025\/01\/Izbjeljivanje-home-1000-1.webp 1000w, https:\/\/burow.hr\/wp-content\/uploads\/2025\/01\/Izbjeljivanje-home-1000-1-300x200.webp 300w, https:\/\/burow.hr\/wp-content\/uploads\/2025\/01\/Izbjeljivanje-home-1000-1-768x512.webp 768w\" sizes=\"(max-width: 800px) 100vw, 800px\" \/>\t\t\t\t\t\t\t\t\t\t\t\t\t\t\t<\/div>\n\t\t\t\t<div class=\"elementor-element elementor-element-521c325 elementor-widget elementor-widget-heading\" data-id=\"521c325\" data-element_type=\"widget\" data-e-type=\"widget\" data-widget_type=\"heading.default\">\n\t\t\t\t\t<h4 class=\"elementor-heading-title elementor-size-default\">Zahnaufhellung mit Schiene zu Hause<\/h4>\t\t\t\t<\/div>\n\t\t\t\t<div class=\"elementor-element elementor-element-708a4a9 elementor-widget elementor-widget-text-editor\" data-id=\"708a4a9\" data-element_type=\"widget\" data-e-type=\"widget\" data-widget_type=\"text-editor.default\">\n\t\t\t\t\t\t\t\t\t<p>F\u00fcr diese Technik m\u00fcssen wir Schienen erstellen, die Sie f\u00fcr das Bleaching zu Hause verwenden. Der Zahnarzt nimmt Abdr\u00fccke gem\u00e4\u00df dem Standardverfahren und basierend auf den Abdr\u00fccken werden Schienen im Dentallabor hergestellt (eine f\u00fcr jeden Kiefer).<\/p>\n<p>Schienen werden als Tr\u00e4ger von Bleaching-Gel verwendet und gem\u00e4\u00df den Anweisungen des Zahnarztes angewendet. Am besten Sie setzen die Schiene vor dem Schlafengehen ein. Dieser Vorgang wird 7 bis 14 Tage und bei Bedarf l\u00e4nger wiederholt. Nach Erreichen des gew\u00fcnschten Farbtons wird die Verwendung der Schiene gestoppt und kann im Falle einer Wiederholung erneut benutzt werden.<\/p>\n\t\t\t\t\t\t\t\t<\/div>\n\t\t\t\t<\/div>\n\t\t\t\t<\/div>\n\t\t<div class=\"elementor-element elementor-element-4bbed8d e-con-full e-flex e-con e-child\" data-id=\"4bbed8d\" data-element_type=\"container\" data-e-type=\"container\">\n\t\t\t\t<div class=\"elementor-element elementor-element-25b7743 elementor-widget elementor-widget-text-editor\" data-id=\"25b7743\" data-element_type=\"widget\" data-e-type=\"widget\" data-widget_type=\"text-editor.default\">\n\t\t\t\t\t\t\t\t\t<p>Nach unserer langj\u00e4hrigen Erfahrung ist <strong>die Kombination beider Techniken die sanfteste und beste Methode<\/strong>.<\/p>\n<p>Daher bieten wir Ihnen auch diese Option an.<\/p>\n<p>Zuerst <strong>in der Praxis<\/strong> bei uns aufhellen und dann <strong>zu Hause<\/strong> mit im Labor hergestellten Schienen weitermachen.<\/p>\n\t\t\t\t\t\t\t\t<\/div>\n\t\t\t\t<\/div>\n\t\t\t\t<\/div>\n\t\t<div class=\"elementor-element elementor-element-7178b06 e-grid e-con-boxed e-con e-parent\" data-id=\"7178b06\" data-element_type=\"container\" data-e-type=\"container\">\n\t\t\t\t\t<div class=\"e-con-inner\">\n\t\t\t\t<div class=\"elementor-element elementor-element-3b9fec3 elementor-widget elementor-widget-jet-image-comparison\" data-id=\"3b9fec3\" data-element_type=\"widget\" data-e-type=\"widget\" data-settings=\"{&quot;slides_to_show&quot;:&quot;1&quot;}\" data-widget_type=\"jet-image-comparison.default\">\n\t\t\t\t<div class=\"elementor-widget-container\">\n\t\t\t\t\t<div class=\"elementor-jet-image-comparison jet-elements\"><div class=\"jet-image-comparison\">\n\t<div class=\"jet-image-comparison__instance elementor-slick-slider\" data-settings='{&quot;slidesToShow&quot;:{&quot;desktop&quot;:1},&quot;autoplaySpeed&quot;:5000,&quot;autoplay&quot;:true,&quot;pauseOnHover&quot;:false,&quot;speed&quot;:500,&quot;arrows&quot;:false,&quot;dots&quot;:true,&quot;slidesToScroll&quot;:1,&quot;prevArrow&quot;:&quot;.jet-image-comparison__prev-arrow-3b9fec3&quot;,&quot;nextArrow&quot;:&quot;.jet-image-comparison__next-arrow-3b9fec3&quot;,&quot;rtl&quot;:false}' dir=\"ltr\">\n<div class=\"jet-image-comparison__item\">\n\t<div class=\"jet-image-comparison__container jet-juxtapose\"\n\t\tdata-prev-icon=\"&lt;svg width=&quot;24&quot; height=&quot;24&quot; viewBox=&quot;0 0 24 24&quot; fill=&quot;none&quot; xmlns=&quot;http:\/\/www.w3.org\/2000\/svg&quot;&gt;&lt;path d=&quot;M14.625 5.3999L16.3 7.0749L11.35 12.0249L16.3 16.9749L14.625 18.6499L7.99999 12.0249L14.625 5.3999Z&quot; fill=&quot;#0F172A&quot;\/&gt;&lt;\/svg&gt;\"\n\t\tdata-next-icon=\"&lt;svg width=&quot;24&quot; height=&quot;24&quot; viewBox=&quot;0 0 24 24&quot; fill=&quot;none&quot; xmlns=&quot;http:\/\/www.w3.org\/2000\/svg&quot;&gt;&lt;path d=&quot;M9.37501 18.6001L7.70001 16.9251L12.65 11.9751L7.70001 7.0251L9.37501 5.3501L16 11.9751L9.37501 18.6001Z&quot; fill=&quot;#0F172A&quot;\/&gt;&lt;\/svg&gt;\"\n\t\tdata-makeresponsive=\"true\"\n\t\tdata-startingposition=\"50%\">\n\t\t\n\t\t<img class=\"jet-image-comparison__before-image a3-notlazy\"\n\t\t\tsrc=\"https:\/\/burow.hr\/wp-content\/uploads\/2025\/03\/IZBJELJIVANJE-SLIKA-UNUTRA-prije.jpg\"\n\t\t\tdata-label=\"Vorher\"\t\t\talt=\"IZBJELJIVANJE SLIKA UNUTRA prije\"\n\t\t\tdata-no-lazy=\"1\">\n\n\t\t<img class=\"jet-image-comparison__after-image a3-notlazy\"\n\t\t\tsrc=\"https:\/\/burow.hr\/wp-content\/uploads\/2025\/03\/IZBJELJIVANJE-SLIKA-UNUTRA-poslje.jpg\"\n\t\t\tdata-label=\"Nachher\"\t\t\talt=\"IZBJELJIVANJE SLIKA UNUTRA poslje\"\n\t\t\tdata-no-lazy=\"1\">\n\t<\/div>\n<\/div>\n\n<\/div>\n<\/div>\n<\/div>\t\t\t\t<\/div>\n\t\t\t\t<\/div>\n\t\t\t\t<div class=\"elementor-element elementor-element-6d7b439 elementor-widget elementor-widget-jet-image-comparison\" data-id=\"6d7b439\" data-element_type=\"widget\" data-e-type=\"widget\" data-settings=\"{&quot;slides_to_show&quot;:&quot;1&quot;}\" data-widget_type=\"jet-image-comparison.default\">\n\t\t\t\t<div class=\"elementor-widget-container\">\n\t\t\t\t\t<div class=\"elementor-jet-image-comparison jet-elements\"><div class=\"jet-image-comparison\">\n\t<div class=\"jet-image-comparison__instance elementor-slick-slider\" data-settings='{&quot;slidesToShow&quot;:{&quot;desktop&quot;:1},&quot;autoplaySpeed&quot;:5000,&quot;autoplay&quot;:true,&quot;pauseOnHover&quot;:false,&quot;speed&quot;:500,&quot;arrows&quot;:false,&quot;dots&quot;:true,&quot;slidesToScroll&quot;:1,&quot;prevArrow&quot;:&quot;.jet-image-comparison__prev-arrow-6d7b439&quot;,&quot;nextArrow&quot;:&quot;.jet-image-comparison__next-arrow-6d7b439&quot;,&quot;rtl&quot;:false}' dir=\"ltr\">\n<div class=\"jet-image-comparison__item\">\n\t<div class=\"jet-image-comparison__container jet-juxtapose\"\n\t\tdata-prev-icon=\"&lt;svg width=&quot;24&quot; height=&quot;24&quot; viewBox=&quot;0 0 24 24&quot; fill=&quot;none&quot; xmlns=&quot;http:\/\/www.w3.org\/2000\/svg&quot;&gt;&lt;path d=&quot;M14.625 5.3999L16.3 7.0749L11.35 12.0249L16.3 16.9749L14.625 18.6499L7.99999 12.0249L14.625 5.3999Z&quot; fill=&quot;#0F172A&quot;\/&gt;&lt;\/svg&gt;\"\n\t\tdata-next-icon=\"&lt;svg width=&quot;24&quot; height=&quot;24&quot; viewBox=&quot;0 0 24 24&quot; fill=&quot;none&quot; xmlns=&quot;http:\/\/www.w3.org\/2000\/svg&quot;&gt;&lt;path d=&quot;M9.37501 18.6001L7.70001 16.9251L12.65 11.9751L7.70001 7.0251L9.37501 5.3501L16 11.9751L9.37501 18.6001Z&quot; fill=&quot;#0F172A&quot;\/&gt;&lt;\/svg&gt;\"\n\t\tdata-makeresponsive=\"true\"\n\t\tdata-startingposition=\"50%\">\n\t\t\n\t\t<img class=\"jet-image-comparison__before-image a3-notlazy\"\n\t\t\tsrc=\"https:\/\/burow.hr\/wp-content\/uploads\/2025\/03\/izbjeljivanje-prije-1.jpg\"\n\t\t\tdata-label=\"Vorher\"\t\t\talt=\"izbjeljivanje prije\"\n\t\t\tdata-no-lazy=\"1\">\n\n\t\t<img class=\"jet-image-comparison__after-image a3-notlazy\"\n\t\t\tsrc=\"https:\/\/burow.hr\/wp-content\/uploads\/2025\/03\/izbjeljivanje-poslje-1.jpg\"\n\t\t\tdata-label=\"Nachher\"\t\t\talt=\"izbjeljivanje poslje\"\n\t\t\tdata-no-lazy=\"1\">\n\t<\/div>\n<\/div>\n\n<\/div>\n<\/div>\n<\/div>\t\t\t\t<\/div>\n\t\t\t\t<\/div>\n\t\t\t\t\t<\/div>\n\t\t\t\t<\/div>\n\t\t<div class=\"elementor-element elementor-element-be6656d e-flex e-con-boxed e-con e-parent\" data-id=\"be6656d\" data-element_type=\"container\" data-e-type=\"container\">\n\t\t\t\t\t<div class=\"e-con-inner\">\n\t\t\t\t\t<\/div>\n\t\t\t\t<\/div>\n\t\t\t\t<\/div>\n\t\t","protected":false},"excerpt":{"rendered":"<p>ZahnhygieneProfessionelle Zahnreinigung (Prophylaxe) ZahnhygieneProfessionelle Zahnreinigung (Prophylaxe) Prophylaxe ist in jedem Alter sinnvoll. Bei Kindern verwenden wir ein modifiziertes und individuelles Programm, bei dem neben dem Ziel der Zahnreinigung auch das Ziel besteht, Vertrauen zwischen dem Kind und dem Arzt zu gewinnen, was durch einen spielerischen Ansatz erreicht wird. Die Zahnhygiene umfasst in erster Linie zahn\u00e4rztliche [&hellip;]<\/p>\n","protected":false},"author":1,"featured_media":3687,"parent":1692,"menu_order":4,"comment_status":"closed","ping_status":"closed","template":"","meta":{"footnotes":""},"class_list":["post-1705","page","type-page","status-publish","has-post-thumbnail","hentry"],"_links":{"self":[{"href":"https:\/\/burow.hr\/de\/wp-json\/wp\/v2\/pages\/1705","targetHints":{"allow":["GET"]}}],"collection":[{"href":"https:\/\/burow.hr\/de\/wp-json\/wp\/v2\/pages"}],"about":[{"href":"https:\/\/burow.hr\/de\/wp-json\/wp\/v2\/types\/page"}],"author":[{"embeddable":true,"href":"https:\/\/burow.hr\/de\/wp-json\/wp\/v2\/users\/1"}],"replies":[{"embeddable":true,"href":"https:\/\/burow.hr\/de\/wp-json\/wp\/v2\/comments?post=1705"}],"version-history":[{"count":7,"href":"https:\/\/burow.hr\/de\/wp-json\/wp\/v2\/pages\/1705\/revisions"}],"predecessor-version":[{"id":3825,"href":"https:\/\/burow.hr\/de\/wp-json\/wp\/v2\/pages\/1705\/revisions\/3825"}],"up":[{"embeddable":true,"href":"https:\/\/burow.hr\/de\/wp-json\/wp\/v2\/pages\/1692"}],"wp:featuredmedia":[{"embeddable":true,"href":"https:\/\/burow.hr\/de\/wp-json\/wp\/v2\/media\/3687"}],"wp:attachment":[{"href":"https:\/\/burow.hr\/de\/wp-json\/wp\/v2\/media?parent=1705"}],"curies":[{"name":"wp","href":"https:\/\/api.w.org\/{rel}","templated":true}]}}