{"id":1701,"date":"2025-01-09T07:37:02","date_gmt":"2025-01-09T06:37:02","guid":{"rendered":"https:\/\/burow.hr\/behandlungen\/wurzelkanalbehandlung-endodontie\/"},"modified":"2025-11-07T19:16:16","modified_gmt":"2025-11-07T18:16:16","slug":"wurzelkanalbehandlung-endodontie","status":"publish","type":"page","link":"https:\/\/burow.hr\/de\/behandlungen\/wurzelkanalbehandlung-endodontie\/","title":{"rendered":"Wurzelkanalbehandlung &#8211; Endodontie"},"content":{"rendered":"\t\t<div data-elementor-type=\"wp-page\" data-elementor-id=\"1701\" class=\"elementor elementor-1701 elementor-44\" data-elementor-post-type=\"page\">\n\t\t\t\t<div class=\"elementor-element elementor-element-5286c70 e-flex e-con-boxed e-con e-parent\" data-id=\"5286c70\" data-element_type=\"container\" data-e-type=\"container\">\n\t\t\t\t\t<div class=\"e-con-inner\">\n\t\t<div class=\"elementor-element elementor-element-bbd1646 e-con-full e-flex e-con e-child\" data-id=\"bbd1646\" data-element_type=\"container\" data-e-type=\"container\">\n\t\t\t\t<div class=\"elementor-element elementor-element-2eb1e78 elementor-widget elementor-widget-image\" data-id=\"2eb1e78\" data-element_type=\"widget\" data-e-type=\"widget\" data-widget_type=\"image.default\">\n\t\t\t\t\t\t\t\t\t\t\t\t\t\t\t<img fetchpriority=\"high\" decoding=\"async\" width=\"1200\" height=\"468\" src=\"https:\/\/burow.hr\/wp-content\/uploads\/2025\/01\/Endooncija.jpg\" class=\"attachment-full size-full wp-image-1572\" alt=\"\" srcset=\"https:\/\/burow.hr\/wp-content\/uploads\/2025\/01\/Endooncija.jpg 1200w, https:\/\/burow.hr\/wp-content\/uploads\/2025\/01\/Endooncija-300x117.jpg 300w, https:\/\/burow.hr\/wp-content\/uploads\/2025\/01\/Endooncija-1024x399.jpg 1024w, https:\/\/burow.hr\/wp-content\/uploads\/2025\/01\/Endooncija-768x300.jpg 768w\" sizes=\"(max-width: 1200px) 100vw, 1200px\" \/>\t\t\t\t\t\t\t\t\t\t\t\t\t\t\t<\/div>\n\t\t\t\t<div class=\"elementor-element elementor-element-aaa0188 elementor-hidden-desktop elementor-hidden-tablet elementor-widget elementor-widget-heading\" data-id=\"aaa0188\" data-element_type=\"widget\" data-e-type=\"widget\" data-widget_type=\"heading.default\">\n\t\t\t\t\t<h2 class=\"elementor-heading-title elementor-size-default\">Behandlung eines infizierten Zahns<\/h2>\t\t\t\t<\/div>\n\t\t\t\t<\/div>\n\t\t\t\t<div class=\"elementor-element elementor-element-c32030a elementor-widget__width-inherit elementor-hidden-mobile elementor-widget elementor-widget-heading\" data-id=\"c32030a\" data-element_type=\"widget\" data-e-type=\"widget\" data-widget_type=\"heading.default\">\n\t\t\t\t\t<h1 class=\"elementor-heading-title elementor-size-default\">Behandlung eines infizierten Zahns<\/h1>\t\t\t\t<\/div>\n\t\t\t\t\t<\/div>\n\t\t\t\t<\/div>\n\t\t<div class=\"elementor-element elementor-element-5512420 e-flex e-con-boxed e-con e-parent\" data-id=\"5512420\" data-element_type=\"container\" data-e-type=\"container\">\n\t\t\t\t\t<div class=\"e-con-inner\">\n\t\t\t\t<div class=\"elementor-element elementor-element-b6997c1 elementor-widget elementor-widget-text-editor\" data-id=\"b6997c1\" data-element_type=\"widget\" data-e-type=\"widget\" data-widget_type=\"text-editor.default\">\n\t\t\t\t\t\t\t\t\t<p>Bei tief in den Zahn eindringenden Karies kann es zu einem Eindringen von Bakterien in den Zahnnerv kommen. Die einzige M\u00f6glichkeit den Zahn zu retten ist eine Wurzelbehandlung. <\/p>\n<p><strong>Es handelt sich um eine aufw\u00e4ndige, aber wertvolle Ma\u00dfnahme \u2013 denn die eigenen Z\u00e4hne sind, wenn m\u00f6glich, immer die beste L\u00f6sung!<br \/><\/strong><\/p>\n\t\t\t\t\t\t\t\t<\/div>\n\t\t\t\t\t<\/div>\n\t\t\t\t<\/div>\n\t\t<div class=\"elementor-element elementor-element-87df6f9 e-flex e-con-boxed e-con e-parent\" data-id=\"87df6f9\" data-element_type=\"container\" data-e-type=\"container\">\n\t\t\t\t\t<div class=\"e-con-inner\">\n\t\t<div class=\"elementor-element elementor-element-e8ebae1 e-con-full e-flex e-con e-child\" data-id=\"e8ebae1\" data-element_type=\"container\" data-e-type=\"container\">\n\t\t\t\t<div class=\"elementor-element elementor-element-7b5c344 elementor-widget elementor-widget-heading\" data-id=\"7b5c344\" data-element_type=\"widget\" data-e-type=\"widget\" data-widget_type=\"heading.default\">\n\t\t\t\t\t<h3 class=\"elementor-heading-title elementor-size-default\"><br> DAS EINFACHSTE<\/h3>\t\t\t\t<\/div>\n\t\t\t\t<\/div>\n\t\t<div class=\"elementor-element elementor-element-d234d84 e-con-full e-flex e-con e-child\" data-id=\"d234d84\" data-element_type=\"container\" data-e-type=\"container\">\n\t\t\t\t<div class=\"elementor-element elementor-element-5c3226b elementor-widget elementor-widget-text-editor\" data-id=\"5c3226b\" data-element_type=\"widget\" data-e-type=\"widget\" data-widget_type=\"text-editor.default\">\n\t\t\t\t\t\t\t\t\t<p>Wof\u00fcr fr\u00fcher zehn oder mehr Nadeln n\u00f6tig waren, gen\u00fcgt heute nur noch eine. Damit gestalten wir Ihren Aufenthalt bei uns k\u00fcrzer und angenehmer.<\/p>\n\t\t\t\t\t\t\t\t<\/div>\n\t\t\t\t<\/div>\n\t\t\t\t\t<\/div>\n\t\t\t\t<\/div>\n\t\t<div class=\"elementor-element elementor-element-ed79ee1 e-flex e-con-boxed e-con e-parent\" data-id=\"ed79ee1\" data-element_type=\"container\" data-e-type=\"container\">\n\t\t\t\t\t<div class=\"e-con-inner\">\n\t\t<div class=\"elementor-element elementor-element-b4d684c e-con-full e-flex e-con e-child\" data-id=\"b4d684c\" data-element_type=\"container\" data-e-type=\"container\">\n\t\t\t\t<div class=\"elementor-element elementor-element-21e64cb elementor-widget elementor-widget-heading\" data-id=\"21e64cb\" data-element_type=\"widget\" data-e-type=\"widget\" data-widget_type=\"heading.default\">\n\t\t\t\t\t<h3 class=\"elementor-heading-title elementor-size-default\">DIE SICHERSTE<br><\/h3>\t\t\t\t<\/div>\n\t\t\t\t<\/div>\n\t\t<div class=\"elementor-element elementor-element-747cdba e-con-full e-flex e-con e-child\" data-id=\"747cdba\" data-element_type=\"container\" data-e-type=\"container\">\n\t\t\t\t<div class=\"elementor-element elementor-element-d31c01f elementor-widget elementor-widget-text-editor\" data-id=\"d31c01f\" data-element_type=\"widget\" data-e-type=\"widget\" data-widget_type=\"text-editor.default\">\n\t\t\t\t\t\t\t\t\t<p>Endodontische Nadeln sind f\u00fcr den einmaligen Gebrauch bestimmt, sodass sie keiner Erm\u00fcdung, Belastung oder Br\u00fcchen ausgesetzt sind.<\/p>\n<p>Sie reinigen die Kan\u00e4le gr\u00fcndlich und entfernen Bakterien.<\/p>\n\t\t\t\t\t\t\t\t<\/div>\n\t\t\t\t<\/div>\n\t\t\t\t\t<\/div>\n\t\t\t\t<\/div>\n\t\t<div class=\"elementor-element elementor-element-37d6f63 e-flex e-con-boxed e-con e-parent\" data-id=\"37d6f63\" data-element_type=\"container\" data-e-type=\"container\">\n\t\t\t\t\t<div class=\"e-con-inner\">\n\t\t<div class=\"elementor-element elementor-element-34761cd e-con-full e-flex e-con e-child\" data-id=\"34761cd\" data-element_type=\"container\" data-e-type=\"container\">\n\t\t\t\t<div class=\"elementor-element elementor-element-fef05de elementor-widget elementor-widget-heading\" data-id=\"fef05de\" data-element_type=\"widget\" data-e-type=\"widget\" data-widget_type=\"heading.default\">\n\t\t\t\t\t<h3 class=\"elementor-heading-title elementor-size-default\">BESTE QUALIT\u00c4T<br><\/h3>\t\t\t\t<\/div>\n\t\t\t\t<\/div>\n\t\t<div class=\"elementor-element elementor-element-254060b e-con-full e-flex e-con e-child\" data-id=\"254060b\" data-element_type=\"container\" data-e-type=\"container\">\n\t\t\t\t<div class=\"elementor-element elementor-element-3cb1055 elementor-widget elementor-widget-text-editor\" data-id=\"3cb1055\" data-element_type=\"widget\" data-e-type=\"widget\" data-widget_type=\"text-editor.default\">\n\t\t\t\t\t\t\t\t\t<p>Wurzelbehandlungen werden bei uns mit obligatorischer R\u00f6ntgen-Kontrolluntersuchung durchgef\u00fchrt!<\/p>\n<p>Der Unterschied bei den Behandlungskosten ist unbedeutend, wenn man alle Vorteile ber\u00fccksichtigt, die dieses System bietet.<\/p>\n\t\t\t\t\t\t\t\t<\/div>\n\t\t\t\t<\/div>\n\t\t\t\t\t<\/div>\n\t\t\t\t<\/div>\n\t\t<div class=\"elementor-element elementor-element-0e1be30 e-flex e-con-boxed e-con e-parent\" data-id=\"0e1be30\" data-element_type=\"container\" data-e-type=\"container\">\n\t\t\t\t\t<div class=\"e-con-inner\">\n\t\t<div class=\"elementor-element elementor-element-b652ada e-con-full e-flex e-con e-child\" data-id=\"b652ada\" data-element_type=\"container\" data-e-type=\"container\">\n\t\t\t\t<div class=\"elementor-element elementor-element-fde14b5 elementor-widget elementor-widget-image\" data-id=\"fde14b5\" data-element_type=\"widget\" data-e-type=\"widget\" data-widget_type=\"image.default\">\n\t\t\t\t\t\t\t\t\t\t\t\t\t\t\t<img decoding=\"async\" width=\"800\" height=\"635\" src=\"https:\/\/burow.hr\/wp-content\/uploads\/2025\/03\/konzervativa-1-1-1024x813.jpg\" class=\"attachment-large size-large wp-image-2366\" alt=\"\" srcset=\"https:\/\/burow.hr\/wp-content\/uploads\/2025\/03\/konzervativa-1-1-1024x813.jpg 1024w, https:\/\/burow.hr\/wp-content\/uploads\/2025\/03\/konzervativa-1-1-300x238.jpg 300w, https:\/\/burow.hr\/wp-content\/uploads\/2025\/03\/konzervativa-1-1-768x610.jpg 768w, https:\/\/burow.hr\/wp-content\/uploads\/2025\/03\/konzervativa-1-1.jpg 1512w\" sizes=\"(max-width: 800px) 100vw, 800px\" \/>\t\t\t\t\t\t\t\t\t\t\t\t\t\t\t<\/div>\n\t\t\t\t<\/div>\n\t\t<div class=\"elementor-element elementor-element-be7eb64 e-con-full e-flex e-con e-child\" data-id=\"be7eb64\" data-element_type=\"container\" data-e-type=\"container\">\n\t\t\t\t<div class=\"elementor-element elementor-element-866079f elementor-widget elementor-widget-image\" data-id=\"866079f\" data-element_type=\"widget\" data-e-type=\"widget\" data-widget_type=\"image.default\">\n\t\t\t\t\t\t\t\t\t\t\t\t\t\t\t<img decoding=\"async\" width=\"800\" height=\"635\" src=\"https:\/\/burow.hr\/wp-content\/uploads\/2025\/03\/konzervativa-2-1-1024x813.jpg\" class=\"attachment-large size-large wp-image-2369\" alt=\"\" srcset=\"https:\/\/burow.hr\/wp-content\/uploads\/2025\/03\/konzervativa-2-1-1024x813.jpg 1024w, https:\/\/burow.hr\/wp-content\/uploads\/2025\/03\/konzervativa-2-1-300x238.jpg 300w, https:\/\/burow.hr\/wp-content\/uploads\/2025\/03\/konzervativa-2-1-768x610.jpg 768w, https:\/\/burow.hr\/wp-content\/uploads\/2025\/03\/konzervativa-2-1.jpg 1512w\" sizes=\"(max-width: 800px) 100vw, 800px\" \/>\t\t\t\t\t\t\t\t\t\t\t\t\t\t\t<\/div>\n\t\t\t\t<\/div>\n\t\t\t\t\t<\/div>\n\t\t\t\t<\/div>\n\t\t<div class=\"elementor-element elementor-element-fc0068a e-flex e-con-boxed e-con e-parent\" data-id=\"fc0068a\" data-element_type=\"container\" data-e-type=\"container\">\n\t\t\t\t\t<div class=\"e-con-inner\">\n\t\t<div class=\"elementor-element elementor-element-ee1d6de e-con-full e-flex e-con e-child\" data-id=\"ee1d6de\" data-element_type=\"container\" data-e-type=\"container\">\n\t\t\t\t<div class=\"elementor-element elementor-element-faf385d elementor-widget elementor-widget-video\" data-id=\"faf385d\" data-element_type=\"widget\" data-e-type=\"widget\" data-settings=\"{&quot;youtube_url&quot;:&quot;https:\\\/\\\/youtu.be\\\/GrNfPqw118c&quot;,&quot;video_type&quot;:&quot;youtube&quot;,&quot;controls&quot;:&quot;yes&quot;}\" data-widget_type=\"video.default\">\n\t\t\t\t\t\t\t<div class=\"elementor-wrapper elementor-open-inline\">\n\t\t\t<div class=\"elementor-video\"><\/div>\t\t<\/div>\n\t\t\t\t\t\t<\/div>\n\t\t\t\t<\/div>\n\t\t<div class=\"elementor-element elementor-element-50f1f48 e-con-full e-flex e-con e-child\" data-id=\"50f1f48\" data-element_type=\"container\" data-e-type=\"container\">\n\t\t\t\t<div class=\"elementor-element elementor-element-f2e056b elementor-widget elementor-widget-video\" data-id=\"f2e056b\" data-element_type=\"widget\" data-e-type=\"widget\" data-settings=\"{&quot;youtube_url&quot;:&quot;https:\\\/\\\/youtu.be\\\/cWXkOsdBVO0&quot;,&quot;start&quot;:1,&quot;video_type&quot;:&quot;youtube&quot;,&quot;controls&quot;:&quot;yes&quot;}\" data-widget_type=\"video.default\">\n\t\t\t\t\t\t\t<div class=\"elementor-wrapper elementor-open-inline\">\n\t\t\t<div class=\"elementor-video\"><\/div>\t\t<\/div>\n\t\t\t\t\t\t<\/div>\n\t\t\t\t<\/div>\n\t\t\t\t\t<\/div>\n\t\t\t\t<\/div>\n\t\t\t\t<\/div>\n\t\t","protected":false},"excerpt":{"rendered":"<p>Behandlung eines infizierten Zahns Behandlung eines infizierten Zahns Bei tief in den Zahn eindringenden Karies kann es zu einem Eindringen von Bakterien in den Zahnnerv kommen. Die einzige M\u00f6glichkeit den Zahn zu retten ist eine Wurzelbehandlung. Es handelt sich um eine aufw\u00e4ndige, aber wertvolle Ma\u00dfnahme \u2013 denn die eigenen Z\u00e4hne sind, wenn m\u00f6glich, immer die [&hellip;]<\/p>\n","protected":false},"author":1,"featured_media":2262,"parent":1692,"menu_order":2,"comment_status":"closed","ping_status":"closed","template":"","meta":{"footnotes":""},"class_list":["post-1701","page","type-page","status-publish","has-post-thumbnail","hentry"],"_links":{"self":[{"href":"https:\/\/burow.hr\/de\/wp-json\/wp\/v2\/pages\/1701","targetHints":{"allow":["GET"]}}],"collection":[{"href":"https:\/\/burow.hr\/de\/wp-json\/wp\/v2\/pages"}],"about":[{"href":"https:\/\/burow.hr\/de\/wp-json\/wp\/v2\/types\/page"}],"author":[{"embeddable":true,"href":"https:\/\/burow.hr\/de\/wp-json\/wp\/v2\/users\/1"}],"replies":[{"embeddable":true,"href":"https:\/\/burow.hr\/de\/wp-json\/wp\/v2\/comments?post=1701"}],"version-history":[{"count":11,"href":"https:\/\/burow.hr\/de\/wp-json\/wp\/v2\/pages\/1701\/revisions"}],"predecessor-version":[{"id":3933,"href":"https:\/\/burow.hr\/de\/wp-json\/wp\/v2\/pages\/1701\/revisions\/3933"}],"up":[{"embeddable":true,"href":"https:\/\/burow.hr\/de\/wp-json\/wp\/v2\/pages\/1692"}],"wp:featuredmedia":[{"embeddable":true,"href":"https:\/\/burow.hr\/de\/wp-json\/wp\/v2\/media\/2262"}],"wp:attachment":[{"href":"https:\/\/burow.hr\/de\/wp-json\/wp\/v2\/media?parent=1701"}],"curies":[{"name":"wp","href":"https:\/\/api.w.org\/{rel}","templated":true}]}}