{"id":1692,"date":"2025-01-09T07:36:06","date_gmt":"2025-01-09T06:36:06","guid":{"rendered":"https:\/\/burow.hr\/behandlungen\/"},"modified":"2025-10-25T15:47:25","modified_gmt":"2025-10-25T13:47:25","slug":"behandlungen","status":"publish","type":"page","link":"https:\/\/burow.hr\/de\/behandlungen\/","title":{"rendered":"Behandlungen"},"content":{"rendered":"\t\t<div data-elementor-type=\"wp-page\" data-elementor-id=\"1692\" class=\"elementor elementor-1692 elementor-36\" data-elementor-post-type=\"page\">\n\t\t\t\t<div class=\"elementor-element elementor-element-68ad43a e-flex e-con-boxed e-con e-parent\" data-id=\"68ad43a\" data-element_type=\"container\" data-e-type=\"container\">\n\t\t\t\t\t<div class=\"e-con-inner\">\n\t\t\t\t<div class=\"elementor-element elementor-element-44db573 elementor-widget elementor-widget-jet-listing-grid\" data-id=\"44db573\" data-element_type=\"widget\" data-e-type=\"widget\" data-settings=\"{&quot;columns&quot;:&quot;3&quot;,&quot;columns_tablet&quot;:&quot;2&quot;,&quot;columns_mobile&quot;:&quot;1&quot;}\" data-widget_type=\"jet-listing-grid.default\">\n\t\t\t\t\t<div class=\"jet-listing-grid jet-listing\"><div class=\"jet-listing-grid__items grid-col-desk-3 grid-col-tablet-2 grid-col-mobile-1 jet-listing-grid--2272 grid-collapse-gap\" data-queried-id=\"1692|WP_Post\" data-nav=\"{&quot;enabled&quot;:false,&quot;type&quot;:null,&quot;more_el&quot;:null,&quot;query&quot;:[],&quot;widget_settings&quot;:{&quot;lisitng_id&quot;:2272,&quot;posts_num&quot;:60,&quot;columns&quot;:3,&quot;columns_tablet&quot;:2,&quot;columns_mobile&quot;:1,&quot;column_min_width&quot;:240,&quot;column_min_width_tablet&quot;:240,&quot;column_min_width_mobile&quot;:240,&quot;inline_columns_css&quot;:false,&quot;is_archive_template&quot;:&quot;&quot;,&quot;post_status&quot;:[&quot;publish&quot;],&quot;use_random_posts_num&quot;:&quot;&quot;,&quot;max_posts_num&quot;:9,&quot;not_found_message&quot;:&quot;...&quot;,&quot;is_masonry&quot;:false,&quot;equal_columns_height&quot;:&quot;&quot;,&quot;use_load_more&quot;:&quot;&quot;,&quot;load_more_id&quot;:&quot;&quot;,&quot;load_more_type&quot;:&quot;click&quot;,&quot;load_more_offset&quot;:{&quot;unit&quot;:&quot;px&quot;,&quot;size&quot;:0,&quot;sizes&quot;:[]},&quot;use_custom_post_types&quot;:&quot;&quot;,&quot;custom_post_types&quot;:[],&quot;hide_widget_if&quot;:&quot;&quot;,&quot;carousel_enabled&quot;:&quot;&quot;,&quot;slides_to_scroll&quot;:&quot;1&quot;,&quot;arrows&quot;:&quot;true&quot;,&quot;arrow_icon&quot;:&quot;fa fa-angle-left&quot;,&quot;dots&quot;:&quot;&quot;,&quot;autoplay&quot;:&quot;true&quot;,&quot;pause_on_hover&quot;:&quot;true&quot;,&quot;autoplay_speed&quot;:5000,&quot;infinite&quot;:&quot;true&quot;,&quot;center_mode&quot;:&quot;&quot;,&quot;effect&quot;:&quot;slide&quot;,&quot;speed&quot;:500,&quot;inject_alternative_items&quot;:&quot;&quot;,&quot;injection_items&quot;:[],&quot;scroll_slider_enabled&quot;:&quot;&quot;,&quot;scroll_slider_on&quot;:[&quot;desktop&quot;,&quot;tablet&quot;,&quot;mobile&quot;],&quot;custom_query&quot;:false,&quot;custom_query_id&quot;:&quot;&quot;,&quot;_element_id&quot;:&quot;&quot;,&quot;collapse_first_last_gap&quot;:&quot;true&quot;,&quot;list_tag_selection&quot;:&quot;&quot;,&quot;list_items_wrapper_tag&quot;:&quot;div&quot;,&quot;list_item_tag&quot;:&quot;div&quot;,&quot;empty_items_wrapper_tag&quot;:&quot;div&quot;}}\" data-page=\"1\" data-pages=\"1\" data-listing-source=\"posts\" data-listing-id=\"2272\" data-query-id=\"\"><div class=\"jet-listing-grid__item jet-listing-dynamic-post-4657\" data-post-id=\"4657\"  ><div class=\"jet-engine-listing-overlay-wrap\" data-url=\"https:\/\/burow.hr\/de\/behandlungen\/implantologie\/\">\t\t<div data-elementor-type=\"jet-listing-items\" data-elementor-id=\"2272\" class=\"elementor elementor-2272\" data-elementor-post-type=\"jet-engine\">\n\t\t\t\t<div class=\"elementor-element elementor-element-5852e4a e-con-full e-flex elementor-invisible e-con e-parent\" data-id=\"5852e4a\" data-element_type=\"container\" data-e-type=\"container\" data-settings=\"{&quot;animation&quot;:&quot;fadeInUp&quot;}\">\n\t\t\t\t<div class=\"elementor-element elementor-element-0519a09 elementor-widget__width-inherit elementor-widget elementor-widget-image\" data-id=\"0519a09\" data-element_type=\"widget\" data-e-type=\"widget\" data-widget_type=\"image.default\">\n\t\t\t\t\t\t\t\t\t\t\t\t\t\t\t<img decoding=\"async\" src=\"https:\/\/burow.hr\/wp-content\/uploads\/elementor\/thumbs\/slika-implantati-za-web-scaled-r2qsyjoolxo1ggul3gmxwzo859xprtyueu8tpb3nns.jpg\" title=\"slika implantati za web\" alt=\"slika implantati za web\" loading=\"lazy\" \/>\t\t\t\t\t\t\t\t\t\t\t\t\t\t\t<\/div>\n\t\t\t\t<div class=\"elementor-element elementor-element-dbd248a elementor-widget elementor-widget-heading\" data-id=\"dbd248a\" data-element_type=\"widget\" data-e-type=\"widget\" data-widget_type=\"heading.default\">\n\t\t\t\t\t<h3 class=\"elementor-heading-title elementor-size-default\">Implantologie<\/h3>\t\t\t\t<\/div>\n\t\t\t\t<div class=\"elementor-element elementor-element-425ac92 elementor-widget__width-initial ikonica elementor-view-default elementor-widget elementor-widget-icon\" data-id=\"425ac92\" data-element_type=\"widget\" data-e-type=\"widget\" data-widget_type=\"icon.default\">\n\t\t\t\t\t\t\t<div class=\"elementor-icon-wrapper\">\n\t\t\t<div class=\"elementor-icon\">\n\t\t\t<i aria-hidden=\"true\" class=\"fal fa-long-arrow-right\"><\/i>\t\t\t<\/div>\n\t\t<\/div>\n\t\t\t\t\t\t<\/div>\n\t\t\t\t<div class=\"elementor-element elementor-element-598073f elementor-widget__width-inherit elementor-widget elementor-widget-text-editor\" data-id=\"598073f\" data-element_type=\"widget\" data-e-type=\"widget\" data-widget_type=\"text-editor.default\">\n\t\t\t\t\t\t\t\t\tKnochen l\u00e4sst sich am besten mit Implantaten erhalten, was die Gesundheit der verbleibenden nat\u00fcrlichen Z\u00e4hne f\u00f6rdert.\t\t\t\t\t\t\t\t<\/div>\n\t\t\t\t<\/div>\n\t\t\t\t<\/div>\n\t\t<a href=\"https:\/\/burow.hr\/de\/behandlungen\/implantologie\/\" class=\"jet-engine-listing-overlay-link\"><\/a><\/div><\/div><div class=\"jet-listing-grid__item jet-listing-dynamic-post-1699\" data-post-id=\"1699\"  ><div class=\"jet-engine-listing-overlay-wrap\" data-url=\"https:\/\/burow.hr\/de\/behandlungen\/gesichtsaesthetik\/\">\t\t<div data-elementor-type=\"jet-listing-items\" data-elementor-id=\"2272\" class=\"elementor elementor-2272\" data-elementor-post-type=\"jet-engine\">\n\t\t\t\t<div class=\"elementor-element elementor-element-5852e4a e-con-full e-flex elementor-invisible e-con e-parent\" data-id=\"5852e4a\" data-element_type=\"container\" data-e-type=\"container\" data-settings=\"{&quot;animation&quot;:&quot;fadeInUp&quot;}\">\n\t\t\t\t<div class=\"elementor-element elementor-element-0519a09 elementor-widget__width-inherit elementor-widget elementor-widget-image\" data-id=\"0519a09\" data-element_type=\"widget\" data-e-type=\"widget\" data-widget_type=\"image.default\">\n\t\t\t\t\t\t\t\t\t\t\t\t\t\t\t<img decoding=\"async\" src=\"https:\/\/burow.hr\/wp-content\/uploads\/elementor\/thumbs\/WhatsApp-Image-2025-02-21-at-15.23.29-scaled-r1yxowdqa7bxibqwseruk5itrp813netd3054r3i4o.jpeg\" title=\"WhatsApp Image 2025-02-21 at 15.23.29\" alt=\"WhatsApp Image 2025-02-21 at 15.23.29\" loading=\"lazy\" \/>\t\t\t\t\t\t\t\t\t\t\t\t\t\t\t<\/div>\n\t\t\t\t<div class=\"elementor-element elementor-element-dbd248a elementor-widget elementor-widget-heading\" data-id=\"dbd248a\" data-element_type=\"widget\" data-e-type=\"widget\" data-widget_type=\"heading.default\">\n\t\t\t\t\t<h3 class=\"elementor-heading-title elementor-size-default\">\u00c4sthetische Gesichtsbehandlungen<\/h3>\t\t\t\t<\/div>\n\t\t\t\t<div class=\"elementor-element elementor-element-425ac92 elementor-widget__width-initial ikonica elementor-view-default elementor-widget elementor-widget-icon\" data-id=\"425ac92\" data-element_type=\"widget\" data-e-type=\"widget\" data-widget_type=\"icon.default\">\n\t\t\t\t\t\t\t<div class=\"elementor-icon-wrapper\">\n\t\t\t<div class=\"elementor-icon\">\n\t\t\t<i aria-hidden=\"true\" class=\"fal fa-long-arrow-right\"><\/i>\t\t\t<\/div>\n\t\t<\/div>\n\t\t\t\t\t\t<\/div>\n\t\t\t\t<div class=\"elementor-element elementor-element-598073f elementor-widget__width-inherit elementor-widget elementor-widget-text-editor\" data-id=\"598073f\" data-element_type=\"widget\" data-e-type=\"widget\" data-widget_type=\"text-editor.default\">\n\t\t\t\t\t\t\t\t\tMit moderner Technik auch Ihnen zu einem neuen L\u00e4cheln verhelfen!\t\t\t\t\t\t\t\t<\/div>\n\t\t\t\t<\/div>\n\t\t\t\t<\/div>\n\t\t<a href=\"https:\/\/burow.hr\/de\/behandlungen\/gesichtsaesthetik\/\" class=\"jet-engine-listing-overlay-link\"><\/a><\/div><\/div><div class=\"jet-listing-grid__item jet-listing-dynamic-post-1701\" data-post-id=\"1701\"  ><div class=\"jet-engine-listing-overlay-wrap\" data-url=\"https:\/\/burow.hr\/de\/behandlungen\/wurzelkanalbehandlung-endodontie\/\">\t\t<div data-elementor-type=\"jet-listing-items\" data-elementor-id=\"2272\" class=\"elementor elementor-2272\" data-elementor-post-type=\"jet-engine\">\n\t\t\t\t<div class=\"elementor-element elementor-element-5852e4a e-con-full e-flex elementor-invisible e-con e-parent\" data-id=\"5852e4a\" data-element_type=\"container\" data-e-type=\"container\" data-settings=\"{&quot;animation&quot;:&quot;fadeInUp&quot;}\">\n\t\t\t\t<div class=\"elementor-element elementor-element-0519a09 elementor-widget__width-inherit elementor-widget elementor-widget-image\" data-id=\"0519a09\" data-element_type=\"widget\" data-e-type=\"widget\" data-widget_type=\"image.default\">\n\t\t\t\t\t\t\t\t\t\t\t\t\t\t\t<img decoding=\"async\" src=\"https:\/\/burow.hr\/wp-content\/uploads\/elementor\/thumbs\/protetika-slika-scaled-r2qt13sv7p65294s5kgdpcfed1boq64jfi6eqfb2q0.jpg\" title=\"protetika slika\" alt=\"protetika slika\" loading=\"lazy\" \/>\t\t\t\t\t\t\t\t\t\t\t\t\t\t\t<\/div>\n\t\t\t\t<div class=\"elementor-element elementor-element-dbd248a elementor-widget elementor-widget-heading\" data-id=\"dbd248a\" data-element_type=\"widget\" data-e-type=\"widget\" data-widget_type=\"heading.default\">\n\t\t\t\t\t<h3 class=\"elementor-heading-title elementor-size-default\">Wurzelkanalbehandlung &#8211; Endodontie<\/h3>\t\t\t\t<\/div>\n\t\t\t\t<div class=\"elementor-element elementor-element-425ac92 elementor-widget__width-initial ikonica elementor-view-default elementor-widget elementor-widget-icon\" data-id=\"425ac92\" data-element_type=\"widget\" data-e-type=\"widget\" data-widget_type=\"icon.default\">\n\t\t\t\t\t\t\t<div class=\"elementor-icon-wrapper\">\n\t\t\t<div class=\"elementor-icon\">\n\t\t\t<i aria-hidden=\"true\" class=\"fal fa-long-arrow-right\"><\/i>\t\t\t<\/div>\n\t\t<\/div>\n\t\t\t\t\t\t<\/div>\n\t\t\t\t<div class=\"elementor-element elementor-element-598073f elementor-widget__width-inherit elementor-widget elementor-widget-text-editor\" data-id=\"598073f\" data-element_type=\"widget\" data-e-type=\"widget\" data-widget_type=\"text-editor.default\">\n\t\t\t\t\t\t\t\t\tWurzelkanalbehandlung\t\t\t\t\t\t\t\t<\/div>\n\t\t\t\t<\/div>\n\t\t\t\t<\/div>\n\t\t<a href=\"https:\/\/burow.hr\/de\/behandlungen\/wurzelkanalbehandlung-endodontie\/\" class=\"jet-engine-listing-overlay-link\"><\/a><\/div><\/div><div class=\"jet-listing-grid__item jet-listing-dynamic-post-3890\" data-post-id=\"3890\"  ><div class=\"jet-engine-listing-overlay-wrap\" data-url=\"https:\/\/burow.hr\/de\/behandlungen\/kosmetische-behandlungen\/\">\t\t<div data-elementor-type=\"jet-listing-items\" data-elementor-id=\"2272\" class=\"elementor elementor-2272\" data-elementor-post-type=\"jet-engine\">\n\t\t\t\t<div class=\"elementor-element elementor-element-5852e4a e-con-full e-flex elementor-invisible e-con e-parent\" data-id=\"5852e4a\" data-element_type=\"container\" data-e-type=\"container\" data-settings=\"{&quot;animation&quot;:&quot;fadeInUp&quot;}\">\n\t\t\t\t<div class=\"elementor-element elementor-element-0519a09 elementor-widget__width-inherit elementor-widget elementor-widget-image\" data-id=\"0519a09\" data-element_type=\"widget\" data-e-type=\"widget\" data-widget_type=\"image.default\">\n\t\t\t\t\t\t\t\t\t\t\t\t\t\t\t<img decoding=\"async\" src=\"https:\/\/burow.hr\/wp-content\/uploads\/elementor\/thumbs\/Buccal-Massage-for-TMJ-r33pbu4jo4dlas1wv3p4xxvjqmjibfg7tqrgam7ix4.jpg\" title=\"Buccal-Massage-for-TMJ\" alt=\"Buccal-Massage-for-TMJ\" loading=\"lazy\" \/>\t\t\t\t\t\t\t\t\t\t\t\t\t\t\t<\/div>\n\t\t\t\t<div class=\"elementor-element elementor-element-dbd248a elementor-widget elementor-widget-heading\" data-id=\"dbd248a\" data-element_type=\"widget\" data-e-type=\"widget\" data-widget_type=\"heading.default\">\n\t\t\t\t\t<h3 class=\"elementor-heading-title elementor-size-default\">Kosmetische Behandlungen<\/h3>\t\t\t\t<\/div>\n\t\t\t\t<div class=\"elementor-element elementor-element-425ac92 elementor-widget__width-initial ikonica elementor-view-default elementor-widget elementor-widget-icon\" data-id=\"425ac92\" data-element_type=\"widget\" data-e-type=\"widget\" data-widget_type=\"icon.default\">\n\t\t\t\t\t\t\t<div class=\"elementor-icon-wrapper\">\n\t\t\t<div class=\"elementor-icon\">\n\t\t\t<i aria-hidden=\"true\" class=\"fal fa-long-arrow-right\"><\/i>\t\t\t<\/div>\n\t\t<\/div>\n\t\t\t\t\t\t<\/div>\n\t\t\t\t<\/div>\n\t\t\t\t<\/div>\n\t\t<a href=\"https:\/\/burow.hr\/de\/behandlungen\/kosmetische-behandlungen\/\" class=\"jet-engine-listing-overlay-link\"><\/a><\/div><\/div><div class=\"jet-listing-grid__item jet-listing-dynamic-post-1696\" data-post-id=\"1696\"  ><div class=\"jet-engine-listing-overlay-wrap\" data-url=\"https:\/\/burow.hr\/de\/behandlungen\/prothetik\/\">\t\t<div data-elementor-type=\"jet-listing-items\" data-elementor-id=\"2272\" class=\"elementor elementor-2272\" data-elementor-post-type=\"jet-engine\">\n\t\t\t\t<div class=\"elementor-element elementor-element-5852e4a e-con-full e-flex elementor-invisible e-con e-parent\" data-id=\"5852e4a\" data-element_type=\"container\" data-e-type=\"container\" data-settings=\"{&quot;animation&quot;:&quot;fadeInUp&quot;}\">\n\t\t\t\t<div class=\"elementor-element elementor-element-0519a09 elementor-widget__width-inherit elementor-widget elementor-widget-image\" data-id=\"0519a09\" data-element_type=\"widget\" data-e-type=\"widget\" data-widget_type=\"image.default\">\n\t\t\t\t\t\t\t\t\t\t\t\t\t\t\t<img decoding=\"async\" src=\"https:\/\/burow.hr\/wp-content\/uploads\/elementor\/thumbs\/protetika-nasl-3-r31wxkubxyuv0zg9v0ttcy14fcxu5g4l3fk66rigzs.jpg\" title=\"Screenshot\" alt=\"Screenshot\" loading=\"lazy\" \/>\t\t\t\t\t\t\t\t\t\t\t\t\t\t\t<\/div>\n\t\t\t\t<div class=\"elementor-element elementor-element-dbd248a elementor-widget elementor-widget-heading\" data-id=\"dbd248a\" data-element_type=\"widget\" data-e-type=\"widget\" data-widget_type=\"heading.default\">\n\t\t\t\t\t<h3 class=\"elementor-heading-title elementor-size-default\">Prothetik<\/h3>\t\t\t\t<\/div>\n\t\t\t\t<div class=\"elementor-element elementor-element-425ac92 elementor-widget__width-initial ikonica elementor-view-default elementor-widget elementor-widget-icon\" data-id=\"425ac92\" data-element_type=\"widget\" data-e-type=\"widget\" data-widget_type=\"icon.default\">\n\t\t\t\t\t\t\t<div class=\"elementor-icon-wrapper\">\n\t\t\t<div class=\"elementor-icon\">\n\t\t\t<i aria-hidden=\"true\" class=\"fal fa-long-arrow-right\"><\/i>\t\t\t<\/div>\n\t\t<\/div>\n\t\t\t\t\t\t<\/div>\n\t\t\t\t<div class=\"elementor-element elementor-element-598073f elementor-widget__width-inherit elementor-widget elementor-widget-text-editor\" data-id=\"598073f\" data-element_type=\"widget\" data-e-type=\"widget\" data-widget_type=\"text-editor.default\">\n\t\t\t\t\t\t\t\t\tSie k\u00f6nnen verschiedene Verf\u00e4rbungen mit Veneers abdecken und dabei Ihre Z\u00e4hne schonen.\t\t\t\t\t\t\t\t<\/div>\n\t\t\t\t<\/div>\n\t\t\t\t<\/div>\n\t\t<a href=\"https:\/\/burow.hr\/de\/behandlungen\/prothetik\/\" class=\"jet-engine-listing-overlay-link\"><\/a><\/div><\/div><div class=\"jet-listing-grid__item jet-listing-dynamic-post-1705\" data-post-id=\"1705\"  ><div class=\"jet-engine-listing-overlay-wrap\" data-url=\"https:\/\/burow.hr\/de\/behandlungen\/zahnreinigung-prophylaxe\/\">\t\t<div data-elementor-type=\"jet-listing-items\" data-elementor-id=\"2272\" class=\"elementor elementor-2272\" data-elementor-post-type=\"jet-engine\">\n\t\t\t\t<div class=\"elementor-element elementor-element-5852e4a e-con-full e-flex elementor-invisible e-con e-parent\" data-id=\"5852e4a\" data-element_type=\"container\" data-e-type=\"container\" data-settings=\"{&quot;animation&quot;:&quot;fadeInUp&quot;}\">\n\t\t\t\t<div class=\"elementor-element elementor-element-0519a09 elementor-widget__width-inherit elementor-widget elementor-widget-image\" data-id=\"0519a09\" data-element_type=\"widget\" data-e-type=\"widget\" data-widget_type=\"image.default\">\n\t\t\t\t\t\t\t\t\t\t\t\t\t\t\t<img decoding=\"async\" src=\"https:\/\/burow.hr\/wp-content\/uploads\/elementor\/thumbs\/075A8428-scaled-rb4aye281wj69nm5hmzb355b639l2txxdawoejb53c.jpg\" title=\"075A8428\" alt=\"075A8428\" loading=\"lazy\" \/>\t\t\t\t\t\t\t\t\t\t\t\t\t\t\t<\/div>\n\t\t\t\t<div class=\"elementor-element elementor-element-dbd248a elementor-widget elementor-widget-heading\" data-id=\"dbd248a\" data-element_type=\"widget\" data-e-type=\"widget\" data-widget_type=\"heading.default\">\n\t\t\t\t\t<h3 class=\"elementor-heading-title elementor-size-default\">Zahnreinigung (Prophylaxe)<\/h3>\t\t\t\t<\/div>\n\t\t\t\t<div class=\"elementor-element elementor-element-425ac92 elementor-widget__width-initial ikonica elementor-view-default elementor-widget elementor-widget-icon\" data-id=\"425ac92\" data-element_type=\"widget\" data-e-type=\"widget\" data-widget_type=\"icon.default\">\n\t\t\t\t\t\t\t<div class=\"elementor-icon-wrapper\">\n\t\t\t<div class=\"elementor-icon\">\n\t\t\t<i aria-hidden=\"true\" class=\"fal fa-long-arrow-right\"><\/i>\t\t\t<\/div>\n\t\t<\/div>\n\t\t\t\t\t\t<\/div>\n\t\t\t\t<div class=\"elementor-element elementor-element-598073f elementor-widget__width-inherit elementor-widget elementor-widget-text-editor\" data-id=\"598073f\" data-element_type=\"widget\" data-e-type=\"widget\" data-widget_type=\"text-editor.default\">\n\t\t\t\t\t\t\t\t\tEntfernung von hartem und weichem Zahnbelag, Hinweise zur Pflege sowie Einblick in den Mundzustand des Patienten.\t\t\t\t\t\t\t\t<\/div>\n\t\t\t\t<\/div>\n\t\t\t\t<\/div>\n\t\t<a href=\"https:\/\/burow.hr\/de\/behandlungen\/zahnreinigung-prophylaxe\/\" class=\"jet-engine-listing-overlay-link\"><\/a><\/div><\/div><div class=\"jet-listing-grid__item jet-listing-dynamic-post-1707\" data-post-id=\"1707\"  ><div class=\"jet-engine-listing-overlay-wrap\" data-url=\"https:\/\/burow.hr\/de\/behandlungen\/unsichtbare-aligner\/\">\t\t<div data-elementor-type=\"jet-listing-items\" data-elementor-id=\"2272\" class=\"elementor elementor-2272\" data-elementor-post-type=\"jet-engine\">\n\t\t\t\t<div class=\"elementor-element elementor-element-5852e4a e-con-full e-flex elementor-invisible e-con e-parent\" data-id=\"5852e4a\" data-element_type=\"container\" data-e-type=\"container\" data-settings=\"{&quot;animation&quot;:&quot;fadeInUp&quot;}\">\n\t\t\t\t<div class=\"elementor-element elementor-element-0519a09 elementor-widget__width-inherit elementor-widget elementor-widget-image\" data-id=\"0519a09\" data-element_type=\"widget\" data-e-type=\"widget\" data-widget_type=\"image.default\">\n\t\t\t\t\t\t\t\t\t\t\t\t\t\t\t<img decoding=\"async\" src=\"https:\/\/burow.hr\/wp-content\/uploads\/elementor\/thumbs\/WhatsApp-Image-2025-04-25-at-10.45.20-scaled-r9o8lux3p28wv91j1jb0tlzibii35ase7h98enfonc.webp\" title=\"WhatsApp Image 2025-04-25 at 10.45.20\" alt=\"WhatsApp Image 2025-04-25 at 10.45.20\" loading=\"lazy\" \/>\t\t\t\t\t\t\t\t\t\t\t\t\t\t\t<\/div>\n\t\t\t\t<div class=\"elementor-element elementor-element-dbd248a elementor-widget elementor-widget-heading\" data-id=\"dbd248a\" data-element_type=\"widget\" data-e-type=\"widget\" data-widget_type=\"heading.default\">\n\t\t\t\t\t<h3 class=\"elementor-heading-title elementor-size-default\">Unsichtbare Aligner<\/h3>\t\t\t\t<\/div>\n\t\t\t\t<div class=\"elementor-element elementor-element-425ac92 elementor-widget__width-initial ikonica elementor-view-default elementor-widget elementor-widget-icon\" data-id=\"425ac92\" data-element_type=\"widget\" data-e-type=\"widget\" data-widget_type=\"icon.default\">\n\t\t\t\t\t\t\t<div class=\"elementor-icon-wrapper\">\n\t\t\t<div class=\"elementor-icon\">\n\t\t\t<i aria-hidden=\"true\" class=\"fal fa-long-arrow-right\"><\/i>\t\t\t<\/div>\n\t\t<\/div>\n\t\t\t\t\t\t<\/div>\n\t\t\t\t<div class=\"elementor-element elementor-element-598073f elementor-widget__width-inherit elementor-widget elementor-widget-text-editor\" data-id=\"598073f\" data-element_type=\"widget\" data-e-type=\"widget\" data-widget_type=\"text-editor.default\">\n\t\t\t\t\t\t\t\t\tUnsichtbare Behandlung mit garantiert strahlendem L\u00e4cheln!\t\t\t\t\t\t\t\t<\/div>\n\t\t\t\t<\/div>\n\t\t\t\t<\/div>\n\t\t<a href=\"https:\/\/burow.hr\/de\/behandlungen\/unsichtbare-aligner\/\" class=\"jet-engine-listing-overlay-link\"><\/a><\/div><\/div><div class=\"jet-listing-grid__item jet-listing-dynamic-post-3882\" data-post-id=\"3882\"  ><div class=\"jet-engine-listing-overlay-wrap\" data-url=\"https:\/\/burow.hr\/de\/behandlungen\/alternative-und-funktionelle-medizin\/\">\t\t<div data-elementor-type=\"jet-listing-items\" data-elementor-id=\"2272\" class=\"elementor elementor-2272\" data-elementor-post-type=\"jet-engine\">\n\t\t\t\t<div class=\"elementor-element elementor-element-5852e4a e-con-full e-flex elementor-invisible e-con e-parent\" data-id=\"5852e4a\" data-element_type=\"container\" data-e-type=\"container\" data-settings=\"{&quot;animation&quot;:&quot;fadeInUp&quot;}\">\n\t\t\t\t<div class=\"elementor-element elementor-element-0519a09 elementor-widget__width-inherit elementor-widget elementor-widget-image\" data-id=\"0519a09\" data-element_type=\"widget\" data-e-type=\"widget\" data-widget_type=\"image.default\">\n\t\t\t\t\t\t\t\t\t\t\t\t\t\t\t<img decoding=\"async\" src=\"https:\/\/burow.hr\/wp-content\/uploads\/elementor\/thumbs\/Slika-infuzija-r31o04z8sktupkd1uktr6k5f8ra2vp138g5j1a46tk.jpg\" title=\"Slika infuzija\" alt=\"Slika infuzija\" loading=\"lazy\" \/>\t\t\t\t\t\t\t\t\t\t\t\t\t\t\t<\/div>\n\t\t\t\t<div class=\"elementor-element elementor-element-dbd248a elementor-widget elementor-widget-heading\" data-id=\"dbd248a\" data-element_type=\"widget\" data-e-type=\"widget\" data-widget_type=\"heading.default\">\n\t\t\t\t\t<h3 class=\"elementor-heading-title elementor-size-default\">Alternative und funktionelle Medizin<\/h3>\t\t\t\t<\/div>\n\t\t\t\t<div class=\"elementor-element elementor-element-425ac92 elementor-widget__width-initial ikonica elementor-view-default elementor-widget elementor-widget-icon\" data-id=\"425ac92\" data-element_type=\"widget\" data-e-type=\"widget\" data-widget_type=\"icon.default\">\n\t\t\t\t\t\t\t<div class=\"elementor-icon-wrapper\">\n\t\t\t<div class=\"elementor-icon\">\n\t\t\t<i aria-hidden=\"true\" class=\"fal fa-long-arrow-right\"><\/i>\t\t\t<\/div>\n\t\t<\/div>\n\t\t\t\t\t\t<\/div>\n\t\t\t\t<\/div>\n\t\t\t\t<\/div>\n\t\t<a href=\"https:\/\/burow.hr\/de\/behandlungen\/alternative-und-funktionelle-medizin\/\" class=\"jet-engine-listing-overlay-link\"><\/a><\/div><\/div><div class=\"jet-listing-grid__item jet-listing-dynamic-post-3429\" data-post-id=\"3429\"  ><div class=\"jet-engine-listing-overlay-wrap\" data-url=\"https:\/\/burow.hr\/de\/behandlungen\/dermatologie\/\">\t\t<div data-elementor-type=\"jet-listing-items\" data-elementor-id=\"2272\" class=\"elementor elementor-2272\" data-elementor-post-type=\"jet-engine\">\n\t\t\t\t<div class=\"elementor-element elementor-element-5852e4a e-con-full e-flex elementor-invisible e-con e-parent\" data-id=\"5852e4a\" data-element_type=\"container\" data-e-type=\"container\" data-settings=\"{&quot;animation&quot;:&quot;fadeInUp&quot;}\">\n\t\t\t\t<div class=\"elementor-element elementor-element-0519a09 elementor-widget__width-inherit elementor-widget elementor-widget-image\" data-id=\"0519a09\" data-element_type=\"widget\" data-e-type=\"widget\" data-widget_type=\"image.default\">\n\t\t\t\t\t\t\t\t\t\t\t\t\t\t\t<img decoding=\"async\" src=\"https:\/\/burow.hr\/wp-content\/uploads\/elementor\/thumbs\/075A8359-crop-scaled-rb4belrzy0q8ji29t5amljuk2dciuvb8lk17fd9nrc.jpg\" title=\"075A8359 crop\" alt=\"075A8359 crop\" loading=\"lazy\" \/>\t\t\t\t\t\t\t\t\t\t\t\t\t\t\t<\/div>\n\t\t\t\t<div class=\"elementor-element elementor-element-dbd248a elementor-widget elementor-widget-heading\" data-id=\"dbd248a\" data-element_type=\"widget\" data-e-type=\"widget\" data-widget_type=\"heading.default\">\n\t\t\t\t\t<h3 class=\"elementor-heading-title elementor-size-default\">Dermatologie<\/h3>\t\t\t\t<\/div>\n\t\t\t\t<div class=\"elementor-element elementor-element-425ac92 elementor-widget__width-initial ikonica elementor-view-default elementor-widget elementor-widget-icon\" data-id=\"425ac92\" data-element_type=\"widget\" data-e-type=\"widget\" data-widget_type=\"icon.default\">\n\t\t\t\t\t\t\t<div class=\"elementor-icon-wrapper\">\n\t\t\t<div class=\"elementor-icon\">\n\t\t\t<i aria-hidden=\"true\" class=\"fal fa-long-arrow-right\"><\/i>\t\t\t<\/div>\n\t\t<\/div>\n\t\t\t\t\t\t<\/div>\n\t\t\t\t<div class=\"elementor-element elementor-element-598073f elementor-widget__width-inherit elementor-widget elementor-widget-text-editor\" data-id=\"598073f\" data-element_type=\"widget\" data-e-type=\"widget\" data-widget_type=\"text-editor.default\">\n\t\t\t\t\t\t\t\t\tDr. Josip Zeki\u0107, PhD, univ. mag. pha., univ. spec. med., Facharzt f\u00fcr p\u00e4diatrische Dermato-Venerologie, ist unserem Team beigetreten\t\t\t\t\t\t\t\t<\/div>\n\t\t\t\t<\/div>\n\t\t\t\t<\/div>\n\t\t<a href=\"https:\/\/burow.hr\/de\/behandlungen\/dermatologie\/\" class=\"jet-engine-listing-overlay-link\"><\/a><\/div><\/div><\/div><\/div>\t\t\t\t<\/div>\n\t\t\t\t\t<\/div>\n\t\t\t\t<\/div>\n\t\t\t\t<\/div>\n\t\t","protected":false},"excerpt":{"rendered":"","protected":false},"author":1,"featured_media":0,"parent":0,"menu_order":1,"comment_status":"closed","ping_status":"closed","template":"","meta":{"footnotes":""},"class_list":["post-1692","page","type-page","status-publish","hentry"],"_links":{"self":[{"href":"https:\/\/burow.hr\/de\/wp-json\/wp\/v2\/pages\/1692","targetHints":{"allow":["GET"]}}],"collection":[{"href":"https:\/\/burow.hr\/de\/wp-json\/wp\/v2\/pages"}],"about":[{"href":"https:\/\/burow.hr\/de\/wp-json\/wp\/v2\/types\/page"}],"author":[{"embeddable":true,"href":"https:\/\/burow.hr\/de\/wp-json\/wp\/v2\/users\/1"}],"replies":[{"embeddable":true,"href":"https:\/\/burow.hr\/de\/wp-json\/wp\/v2\/comments?post=1692"}],"version-history":[{"count":6,"href":"https:\/\/burow.hr\/de\/wp-json\/wp\/v2\/pages\/1692\/revisions"}],"predecessor-version":[{"id":3892,"href":"https:\/\/burow.hr\/de\/wp-json\/wp\/v2\/pages\/1692\/revisions\/3892"}],"wp:attachment":[{"href":"https:\/\/burow.hr\/de\/wp-json\/wp\/v2\/media?parent=1692"}],"curies":[{"name":"wp","href":"https:\/\/api.w.org\/{rel}","templated":true}]}}